{"id":2057,"date":"2025-06-06T15:56:06","date_gmt":"2025-06-06T20:56:06","guid":{"rendered":"https:\/\/www.simetria.com.co\/imanes-publicitarios\/?post_type=product&#038;p=2057"},"modified":"2025-07-11T13:13:29","modified_gmt":"2025-07-11T18:13:29","slug":"imanes-coleccionables","status":"publish","type":"product","link":"https:\/\/www.simetria.com.co\/imanes-publicitarios\/producto\/imanes-coleccionables\/","title":{"rendered":"Imanes Coleccionables"},"content":{"rendered":"","protected":false},"excerpt":{"rendered":"<p><strong>Imanes Coleccionables: Crea fans de tu marca<\/strong><\/p>\n<p>Los <strong>imanes coleccionables<\/strong> son un im\u00e1n publicitario ideal para incluir dentro de productos o campa\u00f1as que est\u00e9n dise\u00f1adas para generar apego emocional, fidelidad y recordaci\u00f3n de marca entre tus clientes.<\/p>\n<p>Cuando una marca invita a coleccionar, activa el deseo de completar una serie y compartirla, lo que impulsa la recompra y el voz a voz. Por eso, los imanes coleccionables son perfectos para <strong>productos de consumo masivo, ediciones limitadas, lanzamientos o activaciones BTL.<\/strong><\/p>\n<p>Fabricamos los imanes con los dise\u00f1os, personajes o motivos que desees, totalmente personalizados en <strong>forma, tama\u00f1o y cantidad.<\/strong> Pueden alinearse a campa\u00f1as tem\u00e1ticas, temporadas, personajes de marca o valores corporativos.<\/p>\n<p>\u2705<strong>Pedido m\u00ednimo:<\/strong> 500 unidades<br \/>\n\ud83c\udfa8<strong>Personalizaci\u00f3n total:<\/strong> motivos, formas y cantidad<br \/>\n\ud83d\udca1Excelente herramienta de fidelizaci\u00f3n y marketing emocional<\/p>\n<p style=\"text-align: left;margin-top: 4%;\"><a style=\"text-decoration: none;\" href=\"\/cotiza-tu-idea\/\" rel=\"noopener\"><span class=\"ver2\">\u00a1Cotiza ya!<\/span><\/a><\/p>\n","protected":false},"featured_media":887,"template":"","meta":{"_joinchat":[]},"product_brand":[],"product_cat":[178],"product_tag":[156,30,113,31,114,32],"class_list":{"0":"post-2057","1":"product","2":"type-product","3":"status-publish","4":"has-post-thumbnail","6":"product_cat-para-recordacion-de-marca","7":"product_tag-imanes-coleccionables","8":"product_tag-productos-promocionales","9":"product_tag-regalos","10":"product_tag-simetria","11":"product_tag-souvenirs","12":"product_tag-visibilidad-de-marca","14":"first","15":"instock","16":"shipping-taxable","17":"product-type-simple","18":"add-to-wishlist-after_add_to_cart"},"yoast_head":"<!-- This site is optimized with the Yoast SEO plugin v27.1.1 - https:\/\/yoast.com\/product\/yoast-seo-wordpress\/ -->\n<title>Imanes Coleccionables - Simetria Imanes Publicitarios<\/title>\n<meta name=\"robots\" content=\"index, follow, max-snippet:-1, max-image-preview:large, max-video-preview:-1\" \/>\n<link rel=\"canonical\" href=\"https:\/\/www.simetria.com.co\/imanes-publicitarios\/producto\/imanes-coleccionables\/\" \/>\n<meta property=\"og:locale\" content=\"es_ES\" \/>\n<meta property=\"og:type\" content=\"article\" \/>\n<meta property=\"og:title\" content=\"Imanes Coleccionables - Simetria Imanes Publicitarios\" \/>\n<meta property=\"og:description\" content=\"Imanes Coleccionables: Crea fans de tu marca  Los imanes coleccionables son un im\u00e1n publicitario ideal para incluir dentro de productos o campa\u00f1as que est\u00e9n dise\u00f1adas para generar apego emocional, fidelidad y recordaci\u00f3n de marca entre tus clientes.  Cuando una marca invita a coleccionar, activa el deseo de completar una serie y compartirla, lo que impulsa la recompra y el voz a voz. Por eso, los imanes coleccionables son perfectos para productos de consumo masivo, ediciones limitadas, lanzamientos o activaciones BTL.  Fabricamos los imanes con los dise\u00f1os, personajes o motivos que desees, totalmente personalizados en forma, tama\u00f1o y cantidad. Pueden alinearse a campa\u00f1as tem\u00e1ticas, temporadas, personajes de marca o valores corporativos.  \u2705Pedido m\u00ednimo: 500 unidades \ud83c\udfa8Personalizaci\u00f3n total: motivos, formas y cantidad \ud83d\udca1Excelente herramienta de fidelizaci\u00f3n y marketing emocional  \u00a1Cotiza ya!\" \/>\n<meta property=\"og:url\" content=\"https:\/\/www.simetria.com.co\/imanes-publicitarios\/producto\/imanes-coleccionables\/\" \/>\n<meta property=\"og:site_name\" content=\"Simetria Imanes Publicitarios\" \/>\n<meta property=\"article:modified_time\" content=\"2025-07-11T18:13:29+00:00\" \/>\n<meta property=\"og:image\" content=\"https:\/\/www.simetria.com.co\/imanes-publicitarios\/wp-content\/uploads\/2024\/03\/01-IMANES-COLECCIONABLES_1.jpg\" \/>\n\t<meta property=\"og:image:width\" content=\"600\" \/>\n\t<meta property=\"og:image:height\" content=\"600\" \/>\n\t<meta property=\"og:image:type\" content=\"image\/jpeg\" \/>\n<meta name=\"twitter:card\" content=\"summary_large_image\" \/>\n<meta name=\"twitter:label1\" content=\"Tiempo de lectura\" \/>\n\t<meta name=\"twitter:data1\" content=\"1 minuto\" \/>\n<script type=\"application\/ld+json\" class=\"yoast-schema-graph\">{\"@context\":\"https:\/\/schema.org\",\"@graph\":[{\"@type\":\"WebPage\",\"@id\":\"https:\/\/www.simetria.com.co\/imanes-publicitarios\/producto\/imanes-coleccionables\/\",\"url\":\"https:\/\/www.simetria.com.co\/imanes-publicitarios\/producto\/imanes-coleccionables\/\",\"name\":\"Imanes Coleccionables - Simetria Imanes Publicitarios\",\"isPartOf\":{\"@id\":\"https:\/\/www.simetria.com.co\/imanes-publicitarios\/#website\"},\"primaryImageOfPage\":{\"@id\":\"https:\/\/www.simetria.com.co\/imanes-publicitarios\/producto\/imanes-coleccionables\/#primaryimage\"},\"image\":{\"@id\":\"https:\/\/www.simetria.com.co\/imanes-publicitarios\/producto\/imanes-coleccionables\/#primaryimage\"},\"thumbnailUrl\":\"https:\/\/www.simetria.com.co\/imanes-publicitarios\/wp-content\/uploads\/2024\/03\/01-IMANES-COLECCIONABLES_1.jpg\",\"datePublished\":\"2025-06-06T20:56:06+00:00\",\"dateModified\":\"2025-07-11T18:13:29+00:00\",\"breadcrumb\":{\"@id\":\"https:\/\/www.simetria.com.co\/imanes-publicitarios\/producto\/imanes-coleccionables\/#breadcrumb\"},\"inLanguage\":\"es-CO\",\"potentialAction\":[{\"@type\":\"ReadAction\",\"target\":[\"https:\/\/www.simetria.com.co\/imanes-publicitarios\/producto\/imanes-coleccionables\/\"]}]},{\"@type\":\"ImageObject\",\"inLanguage\":\"es-CO\",\"@id\":\"https:\/\/www.simetria.com.co\/imanes-publicitarios\/producto\/imanes-coleccionables\/#primaryimage\",\"url\":\"https:\/\/www.simetria.com.co\/imanes-publicitarios\/wp-content\/uploads\/2024\/03\/01-IMANES-COLECCIONABLES_1.jpg\",\"contentUrl\":\"https:\/\/www.simetria.com.co\/imanes-publicitarios\/wp-content\/uploads\/2024\/03\/01-IMANES-COLECCIONABLES_1.jpg\",\"width\":600,\"height\":600},{\"@type\":\"BreadcrumbList\",\"@id\":\"https:\/\/www.simetria.com.co\/imanes-publicitarios\/producto\/imanes-coleccionables\/#breadcrumb\",\"itemListElement\":[{\"@type\":\"ListItem\",\"position\":1,\"name\":\"Inicio\",\"item\":\"https:\/\/www.simetria.com.co\/imanes-publicitarios\/\"},{\"@type\":\"ListItem\",\"position\":2,\"name\":\"Productos\",\"item\":\"https:\/\/www.simetria.com.co\/imanes-publicitarios\/tienda__trashed\/\"},{\"@type\":\"ListItem\",\"position\":3,\"name\":\"Imanes Coleccionables\"}]},{\"@type\":\"WebSite\",\"@id\":\"https:\/\/www.simetria.com.co\/imanes-publicitarios\/#website\",\"url\":\"https:\/\/www.simetria.com.co\/imanes-publicitarios\/\",\"name\":\"simetria.com.co\/imanes-publicitarios\/\",\"description\":\"Imanes Publicitarios Medellin\",\"publisher\":{\"@id\":\"https:\/\/www.simetria.com.co\/imanes-publicitarios\/#organization\"},\"potentialAction\":[{\"@type\":\"SearchAction\",\"target\":{\"@type\":\"EntryPoint\",\"urlTemplate\":\"https:\/\/www.simetria.com.co\/imanes-publicitarios\/?s={search_term_string}\"},\"query-input\":{\"@type\":\"PropertyValueSpecification\",\"valueRequired\":true,\"valueName\":\"search_term_string\"}}],\"inLanguage\":\"es-CO\"},{\"@type\":\"Organization\",\"@id\":\"https:\/\/www.simetria.com.co\/imanes-publicitarios\/#organization\",\"name\":\"Simetria Imanes Publicitarios\",\"url\":\"https:\/\/www.simetria.com.co\/imanes-publicitarios\/\",\"logo\":{\"@type\":\"ImageObject\",\"inLanguage\":\"es-CO\",\"@id\":\"https:\/\/www.simetria.com.co\/imanes-publicitarios\/#\/schema\/logo\/image\/\",\"url\":\"https:\/\/www.simetria.com.co\/imanes-publicitarios\/wp-content\/uploads\/2025\/07\/logo-simetria5.png\",\"contentUrl\":\"https:\/\/www.simetria.com.co\/imanes-publicitarios\/wp-content\/uploads\/2025\/07\/logo-simetria5.png\",\"width\":393,\"height\":354,\"caption\":\"Simetria Imanes Publicitarios\"},\"image\":{\"@id\":\"https:\/\/www.simetria.com.co\/imanes-publicitarios\/#\/schema\/logo\/image\/\"},\"sameAs\":[\"https:\/\/www.instagram.com\/simetria_s.a.s\/\"]}]}<\/script>\n<!-- \/ Yoast SEO plugin. -->","yoast_head_json":{"title":"Imanes Coleccionables - Simetria Imanes Publicitarios","robots":{"index":"index","follow":"follow","max-snippet":"max-snippet:-1","max-image-preview":"max-image-preview:large","max-video-preview":"max-video-preview:-1"},"canonical":"https:\/\/www.simetria.com.co\/imanes-publicitarios\/producto\/imanes-coleccionables\/","og_locale":"es_ES","og_type":"article","og_title":"Imanes Coleccionables - Simetria Imanes Publicitarios","og_description":"Imanes Coleccionables: Crea fans de tu marca  Los imanes coleccionables son un im\u00e1n publicitario ideal para incluir dentro de productos o campa\u00f1as que est\u00e9n dise\u00f1adas para generar apego emocional, fidelidad y recordaci\u00f3n de marca entre tus clientes.  Cuando una marca invita a coleccionar, activa el deseo de completar una serie y compartirla, lo que impulsa la recompra y el voz a voz. Por eso, los imanes coleccionables son perfectos para productos de consumo masivo, ediciones limitadas, lanzamientos o activaciones BTL.  Fabricamos los imanes con los dise\u00f1os, personajes o motivos que desees, totalmente personalizados en forma, tama\u00f1o y cantidad. Pueden alinearse a campa\u00f1as tem\u00e1ticas, temporadas, personajes de marca o valores corporativos.  \u2705Pedido m\u00ednimo: 500 unidades \ud83c\udfa8Personalizaci\u00f3n total: motivos, formas y cantidad \ud83d\udca1Excelente herramienta de fidelizaci\u00f3n y marketing emocional  \u00a1Cotiza ya!","og_url":"https:\/\/www.simetria.com.co\/imanes-publicitarios\/producto\/imanes-coleccionables\/","og_site_name":"Simetria Imanes Publicitarios","article_modified_time":"2025-07-11T18:13:29+00:00","og_image":[{"width":600,"height":600,"url":"https:\/\/www.simetria.com.co\/imanes-publicitarios\/wp-content\/uploads\/2024\/03\/01-IMANES-COLECCIONABLES_1.jpg","type":"image\/jpeg"}],"twitter_card":"summary_large_image","twitter_misc":{"Tiempo de lectura":"1 minuto"},"schema":{"@context":"https:\/\/schema.org","@graph":[{"@type":"WebPage","@id":"https:\/\/www.simetria.com.co\/imanes-publicitarios\/producto\/imanes-coleccionables\/","url":"https:\/\/www.simetria.com.co\/imanes-publicitarios\/producto\/imanes-coleccionables\/","name":"Imanes Coleccionables - Simetria Imanes Publicitarios","isPartOf":{"@id":"https:\/\/www.simetria.com.co\/imanes-publicitarios\/#website"},"primaryImageOfPage":{"@id":"https:\/\/www.simetria.com.co\/imanes-publicitarios\/producto\/imanes-coleccionables\/#primaryimage"},"image":{"@id":"https:\/\/www.simetria.com.co\/imanes-publicitarios\/producto\/imanes-coleccionables\/#primaryimage"},"thumbnailUrl":"https:\/\/www.simetria.com.co\/imanes-publicitarios\/wp-content\/uploads\/2024\/03\/01-IMANES-COLECCIONABLES_1.jpg","datePublished":"2025-06-06T20:56:06+00:00","dateModified":"2025-07-11T18:13:29+00:00","breadcrumb":{"@id":"https:\/\/www.simetria.com.co\/imanes-publicitarios\/producto\/imanes-coleccionables\/#breadcrumb"},"inLanguage":"es-CO","potentialAction":[{"@type":"ReadAction","target":["https:\/\/www.simetria.com.co\/imanes-publicitarios\/producto\/imanes-coleccionables\/"]}]},{"@type":"ImageObject","inLanguage":"es-CO","@id":"https:\/\/www.simetria.com.co\/imanes-publicitarios\/producto\/imanes-coleccionables\/#primaryimage","url":"https:\/\/www.simetria.com.co\/imanes-publicitarios\/wp-content\/uploads\/2024\/03\/01-IMANES-COLECCIONABLES_1.jpg","contentUrl":"https:\/\/www.simetria.com.co\/imanes-publicitarios\/wp-content\/uploads\/2024\/03\/01-IMANES-COLECCIONABLES_1.jpg","width":600,"height":600},{"@type":"BreadcrumbList","@id":"https:\/\/www.simetria.com.co\/imanes-publicitarios\/producto\/imanes-coleccionables\/#breadcrumb","itemListElement":[{"@type":"ListItem","position":1,"name":"Inicio","item":"https:\/\/www.simetria.com.co\/imanes-publicitarios\/"},{"@type":"ListItem","position":2,"name":"Productos","item":"https:\/\/www.simetria.com.co\/imanes-publicitarios\/tienda__trashed\/"},{"@type":"ListItem","position":3,"name":"Imanes Coleccionables"}]},{"@type":"WebSite","@id":"https:\/\/www.simetria.com.co\/imanes-publicitarios\/#website","url":"https:\/\/www.simetria.com.co\/imanes-publicitarios\/","name":"simetria.com.co\/imanes-publicitarios\/","description":"Imanes Publicitarios Medellin","publisher":{"@id":"https:\/\/www.simetria.com.co\/imanes-publicitarios\/#organization"},"potentialAction":[{"@type":"SearchAction","target":{"@type":"EntryPoint","urlTemplate":"https:\/\/www.simetria.com.co\/imanes-publicitarios\/?s={search_term_string}"},"query-input":{"@type":"PropertyValueSpecification","valueRequired":true,"valueName":"search_term_string"}}],"inLanguage":"es-CO"},{"@type":"Organization","@id":"https:\/\/www.simetria.com.co\/imanes-publicitarios\/#organization","name":"Simetria Imanes Publicitarios","url":"https:\/\/www.simetria.com.co\/imanes-publicitarios\/","logo":{"@type":"ImageObject","inLanguage":"es-CO","@id":"https:\/\/www.simetria.com.co\/imanes-publicitarios\/#\/schema\/logo\/image\/","url":"https:\/\/www.simetria.com.co\/imanes-publicitarios\/wp-content\/uploads\/2025\/07\/logo-simetria5.png","contentUrl":"https:\/\/www.simetria.com.co\/imanes-publicitarios\/wp-content\/uploads\/2025\/07\/logo-simetria5.png","width":393,"height":354,"caption":"Simetria Imanes Publicitarios"},"image":{"@id":"https:\/\/www.simetria.com.co\/imanes-publicitarios\/#\/schema\/logo\/image\/"},"sameAs":["https:\/\/www.instagram.com\/simetria_s.a.s\/"]}]}},"_links":{"self":[{"href":"https:\/\/www.simetria.com.co\/imanes-publicitarios\/wp-json\/wp\/v2\/product\/2057","targetHints":{"allow":["GET"]}}],"collection":[{"href":"https:\/\/www.simetria.com.co\/imanes-publicitarios\/wp-json\/wp\/v2\/product"}],"about":[{"href":"https:\/\/www.simetria.com.co\/imanes-publicitarios\/wp-json\/wp\/v2\/types\/product"}],"wp:featuredmedia":[{"embeddable":true,"href":"https:\/\/www.simetria.com.co\/imanes-publicitarios\/wp-json\/wp\/v2\/media\/887"}],"wp:attachment":[{"href":"https:\/\/www.simetria.com.co\/imanes-publicitarios\/wp-json\/wp\/v2\/media?parent=2057"}],"wp:term":[{"taxonomy":"product_brand","embeddable":true,"href":"https:\/\/www.simetria.com.co\/imanes-publicitarios\/wp-json\/wp\/v2\/product_brand?post=2057"},{"taxonomy":"product_cat","embeddable":true,"href":"https:\/\/www.simetria.com.co\/imanes-publicitarios\/wp-json\/wp\/v2\/product_cat?post=2057"},{"taxonomy":"product_tag","embeddable":true,"href":"https:\/\/www.simetria.com.co\/imanes-publicitarios\/wp-json\/wp\/v2\/product_tag?post=2057"}],"curies":[{"name":"wp","href":"https:\/\/api.w.org\/{rel}","templated":true}]}}