{"id":2058,"date":"2025-06-06T15:56:06","date_gmt":"2025-06-06T20:56:06","guid":{"rendered":"https:\/\/www.simetria.com.co\/imanes-publicitarios\/?post_type=product&#038;p=2058"},"modified":"2025-07-11T13:13:32","modified_gmt":"2025-07-11T18:13:32","slug":"imanes-decorativos","status":"publish","type":"product","link":"https:\/\/www.simetria.com.co\/imanes-publicitarios\/producto\/imanes-decorativos\/","title":{"rendered":"Imanes Decorativos"},"content":{"rendered":"","protected":false},"excerpt":{"rendered":"<p><strong>Imanes Decorativos: El brillo de una nevera decorada<\/strong><\/p>\n<p>Otro tipo de im\u00e1n publicitario, solo que m\u00e1s sutil. Los imanes decorativos son una forma creativa destacar tu marca en los hogares y oficinas de tus clientes sin que se vuelva invasiva. Ideales para adherirse a neveras, archivadores o superficies met\u00e1licas, estos imanes no solo decoran, sino que tambi\u00e9n posicionan visualmente campa\u00f1as, productos o mensajes clave de tu negocio.<\/p>\n<p>Gracias a su dise\u00f1o de alto impacto, estos imanes logran un acabado premium que capta la atenci\u00f3n y transmite calidad. Son el regalo promocional ideal para sorprender, fidelizar y permanecer presentes en el d\u00eda a d\u00eda del consumidor final.<\/p>\n<p>Transforma tu marca en un objeto coleccionable que se convierte en parte de la decoraci\u00f3n del hogar.<\/p>\n<p>\ud83e\uddf2Excelente visibilidad y recordaci\u00f3n en puntos estrat\u00e9gicos<br \/>\n\ud83c\udfa8Dise\u00f1o con volumen y acabado elegante<br \/>\n\ud83c\udf81Perfecto como regalo publicitario o coleccionable<br \/>\n\ud83c\udfe0Ideal para hogares, oficinas, vitrinas o refrigeradores<br \/>\n\ud83d\udcd0Personalizaci\u00f3n total en forma, tama\u00f1o e imagen<br \/>\n\ud83d\udc49\ud83c\udffbHaz que tu marca tambi\u00e9n decore. Solicita tus imanes decorativos personalizados ahora.<\/p>\n<p style=\"text-align: left;margin-top: 4%;\"><a style=\"text-decoration: none;\" href=\"\/cotiza-tu-idea\/\" rel=\"noopener\"><span class=\"ver2\">\u00a1Cotiza ya!<\/span><\/a><\/p>\n","protected":false},"featured_media":1138,"template":"","meta":{"_joinchat":[]},"product_brand":[],"product_cat":[178],"product_tag":[157,55,30,113,31,114,32],"class_list":{"0":"post-2058","1":"product","2":"type-product","3":"status-publish","4":"has-post-thumbnail","6":"product_cat-para-recordacion-de-marca","7":"product_tag-imanes-con-volumen","8":"product_tag-imanes-para-nevera","9":"product_tag-productos-promocionales","10":"product_tag-regalos","11":"product_tag-simetria","12":"product_tag-souvenirs","13":"product_tag-visibilidad-de-marca","15":"first","16":"instock","17":"shipping-taxable","18":"product-type-simple","19":"add-to-wishlist-after_add_to_cart"},"yoast_head":"<!-- This site is optimized with the Yoast SEO plugin v27.1.1 - https:\/\/yoast.com\/product\/yoast-seo-wordpress\/ -->\n<title>Imanes Decorativos - Simetria Imanes Publicitarios<\/title>\n<meta name=\"robots\" content=\"index, follow, max-snippet:-1, max-image-preview:large, max-video-preview:-1\" \/>\n<link rel=\"canonical\" href=\"https:\/\/www.simetria.com.co\/imanes-publicitarios\/producto\/imanes-decorativos\/\" \/>\n<meta property=\"og:locale\" content=\"es_ES\" \/>\n<meta property=\"og:type\" content=\"article\" \/>\n<meta property=\"og:title\" content=\"Imanes Decorativos - Simetria Imanes Publicitarios\" \/>\n<meta property=\"og:description\" content=\"Imanes Decorativos: El brillo de una nevera decorada  Otro tipo de im\u00e1n publicitario, solo que m\u00e1s sutil. Los imanes decorativos son una forma creativa destacar tu marca en los hogares y oficinas de tus clientes sin que se vuelva invasiva. Ideales para adherirse a neveras, archivadores o superficies met\u00e1licas, estos imanes no solo decoran, sino que tambi\u00e9n posicionan visualmente campa\u00f1as, productos o mensajes clave de tu negocio.  Gracias a su dise\u00f1o de alto impacto, estos imanes logran un acabado premium que capta la atenci\u00f3n y transmite calidad. Son el regalo promocional ideal para sorprender, fidelizar y permanecer presentes en el d\u00eda a d\u00eda del consumidor final.  Transforma tu marca en un objeto coleccionable que se convierte en parte de la decoraci\u00f3n del hogar.  \ud83e\uddf2Excelente visibilidad y recordaci\u00f3n en puntos estrat\u00e9gicos \ud83c\udfa8Dise\u00f1o con volumen y acabado elegante \ud83c\udf81Perfecto como regalo publicitario o coleccionable \ud83c\udfe0Ideal para hogares, oficinas, vitrinas o refrigeradores \ud83d\udcd0Personalizaci\u00f3n total en forma, tama\u00f1o e imagen \ud83d\udc49\ud83c\udffbHaz que tu marca tambi\u00e9n decore. Solicita tus imanes decorativos personalizados ahora.  \u00a1Cotiza ya!\" \/>\n<meta property=\"og:url\" content=\"https:\/\/www.simetria.com.co\/imanes-publicitarios\/producto\/imanes-decorativos\/\" \/>\n<meta property=\"og:site_name\" content=\"Simetria Imanes Publicitarios\" \/>\n<meta property=\"article:modified_time\" content=\"2025-07-11T18:13:32+00:00\" \/>\n<meta property=\"og:image\" content=\"https:\/\/www.simetria.com.co\/imanes-publicitarios\/wp-content\/uploads\/2024\/03\/01-imanes-decorativos-colombia-simetria-600x600-1.jpg\" \/>\n\t<meta property=\"og:image:width\" content=\"600\" \/>\n\t<meta property=\"og:image:height\" content=\"600\" \/>\n\t<meta property=\"og:image:type\" content=\"image\/jpeg\" \/>\n<meta name=\"twitter:card\" content=\"summary_large_image\" \/>\n<meta name=\"twitter:label1\" content=\"Tiempo de lectura\" \/>\n\t<meta name=\"twitter:data1\" content=\"1 minuto\" \/>\n<script type=\"application\/ld+json\" class=\"yoast-schema-graph\">{\"@context\":\"https:\/\/schema.org\",\"@graph\":[{\"@type\":\"WebPage\",\"@id\":\"https:\/\/www.simetria.com.co\/imanes-publicitarios\/producto\/imanes-decorativos\/\",\"url\":\"https:\/\/www.simetria.com.co\/imanes-publicitarios\/producto\/imanes-decorativos\/\",\"name\":\"Imanes Decorativos - Simetria Imanes Publicitarios\",\"isPartOf\":{\"@id\":\"https:\/\/www.simetria.com.co\/imanes-publicitarios\/#website\"},\"primaryImageOfPage\":{\"@id\":\"https:\/\/www.simetria.com.co\/imanes-publicitarios\/producto\/imanes-decorativos\/#primaryimage\"},\"image\":{\"@id\":\"https:\/\/www.simetria.com.co\/imanes-publicitarios\/producto\/imanes-decorativos\/#primaryimage\"},\"thumbnailUrl\":\"https:\/\/www.simetria.com.co\/imanes-publicitarios\/wp-content\/uploads\/2024\/03\/01-imanes-decorativos-colombia-simetria-600x600-1.jpg\",\"datePublished\":\"2025-06-06T20:56:06+00:00\",\"dateModified\":\"2025-07-11T18:13:32+00:00\",\"breadcrumb\":{\"@id\":\"https:\/\/www.simetria.com.co\/imanes-publicitarios\/producto\/imanes-decorativos\/#breadcrumb\"},\"inLanguage\":\"es-CO\",\"potentialAction\":[{\"@type\":\"ReadAction\",\"target\":[\"https:\/\/www.simetria.com.co\/imanes-publicitarios\/producto\/imanes-decorativos\/\"]}]},{\"@type\":\"ImageObject\",\"inLanguage\":\"es-CO\",\"@id\":\"https:\/\/www.simetria.com.co\/imanes-publicitarios\/producto\/imanes-decorativos\/#primaryimage\",\"url\":\"https:\/\/www.simetria.com.co\/imanes-publicitarios\/wp-content\/uploads\/2024\/03\/01-imanes-decorativos-colombia-simetria-600x600-1.jpg\",\"contentUrl\":\"https:\/\/www.simetria.com.co\/imanes-publicitarios\/wp-content\/uploads\/2024\/03\/01-imanes-decorativos-colombia-simetria-600x600-1.jpg\",\"width\":600,\"height\":600},{\"@type\":\"BreadcrumbList\",\"@id\":\"https:\/\/www.simetria.com.co\/imanes-publicitarios\/producto\/imanes-decorativos\/#breadcrumb\",\"itemListElement\":[{\"@type\":\"ListItem\",\"position\":1,\"name\":\"Inicio\",\"item\":\"https:\/\/www.simetria.com.co\/imanes-publicitarios\/\"},{\"@type\":\"ListItem\",\"position\":2,\"name\":\"Productos\",\"item\":\"https:\/\/www.simetria.com.co\/imanes-publicitarios\/tienda__trashed\/\"},{\"@type\":\"ListItem\",\"position\":3,\"name\":\"Imanes Decorativos\"}]},{\"@type\":\"WebSite\",\"@id\":\"https:\/\/www.simetria.com.co\/imanes-publicitarios\/#website\",\"url\":\"https:\/\/www.simetria.com.co\/imanes-publicitarios\/\",\"name\":\"simetria.com.co\/imanes-publicitarios\/\",\"description\":\"Imanes Publicitarios Medellin\",\"publisher\":{\"@id\":\"https:\/\/www.simetria.com.co\/imanes-publicitarios\/#organization\"},\"potentialAction\":[{\"@type\":\"SearchAction\",\"target\":{\"@type\":\"EntryPoint\",\"urlTemplate\":\"https:\/\/www.simetria.com.co\/imanes-publicitarios\/?s={search_term_string}\"},\"query-input\":{\"@type\":\"PropertyValueSpecification\",\"valueRequired\":true,\"valueName\":\"search_term_string\"}}],\"inLanguage\":\"es-CO\"},{\"@type\":\"Organization\",\"@id\":\"https:\/\/www.simetria.com.co\/imanes-publicitarios\/#organization\",\"name\":\"Simetria Imanes Publicitarios\",\"url\":\"https:\/\/www.simetria.com.co\/imanes-publicitarios\/\",\"logo\":{\"@type\":\"ImageObject\",\"inLanguage\":\"es-CO\",\"@id\":\"https:\/\/www.simetria.com.co\/imanes-publicitarios\/#\/schema\/logo\/image\/\",\"url\":\"https:\/\/www.simetria.com.co\/imanes-publicitarios\/wp-content\/uploads\/2025\/07\/logo-simetria5.png\",\"contentUrl\":\"https:\/\/www.simetria.com.co\/imanes-publicitarios\/wp-content\/uploads\/2025\/07\/logo-simetria5.png\",\"width\":393,\"height\":354,\"caption\":\"Simetria Imanes Publicitarios\"},\"image\":{\"@id\":\"https:\/\/www.simetria.com.co\/imanes-publicitarios\/#\/schema\/logo\/image\/\"},\"sameAs\":[\"https:\/\/www.instagram.com\/simetria_s.a.s\/\"]}]}<\/script>\n<!-- \/ Yoast SEO plugin. -->","yoast_head_json":{"title":"Imanes Decorativos - Simetria Imanes Publicitarios","robots":{"index":"index","follow":"follow","max-snippet":"max-snippet:-1","max-image-preview":"max-image-preview:large","max-video-preview":"max-video-preview:-1"},"canonical":"https:\/\/www.simetria.com.co\/imanes-publicitarios\/producto\/imanes-decorativos\/","og_locale":"es_ES","og_type":"article","og_title":"Imanes Decorativos - Simetria Imanes Publicitarios","og_description":"Imanes Decorativos: El brillo de una nevera decorada  Otro tipo de im\u00e1n publicitario, solo que m\u00e1s sutil. Los imanes decorativos son una forma creativa destacar tu marca en los hogares y oficinas de tus clientes sin que se vuelva invasiva. Ideales para adherirse a neveras, archivadores o superficies met\u00e1licas, estos imanes no solo decoran, sino que tambi\u00e9n posicionan visualmente campa\u00f1as, productos o mensajes clave de tu negocio.  Gracias a su dise\u00f1o de alto impacto, estos imanes logran un acabado premium que capta la atenci\u00f3n y transmite calidad. Son el regalo promocional ideal para sorprender, fidelizar y permanecer presentes en el d\u00eda a d\u00eda del consumidor final.  Transforma tu marca en un objeto coleccionable que se convierte en parte de la decoraci\u00f3n del hogar.  \ud83e\uddf2Excelente visibilidad y recordaci\u00f3n en puntos estrat\u00e9gicos \ud83c\udfa8Dise\u00f1o con volumen y acabado elegante \ud83c\udf81Perfecto como regalo publicitario o coleccionable \ud83c\udfe0Ideal para hogares, oficinas, vitrinas o refrigeradores \ud83d\udcd0Personalizaci\u00f3n total en forma, tama\u00f1o e imagen \ud83d\udc49\ud83c\udffbHaz que tu marca tambi\u00e9n decore. Solicita tus imanes decorativos personalizados ahora.  \u00a1Cotiza ya!","og_url":"https:\/\/www.simetria.com.co\/imanes-publicitarios\/producto\/imanes-decorativos\/","og_site_name":"Simetria Imanes Publicitarios","article_modified_time":"2025-07-11T18:13:32+00:00","og_image":[{"width":600,"height":600,"url":"https:\/\/www.simetria.com.co\/imanes-publicitarios\/wp-content\/uploads\/2024\/03\/01-imanes-decorativos-colombia-simetria-600x600-1.jpg","type":"image\/jpeg"}],"twitter_card":"summary_large_image","twitter_misc":{"Tiempo de lectura":"1 minuto"},"schema":{"@context":"https:\/\/schema.org","@graph":[{"@type":"WebPage","@id":"https:\/\/www.simetria.com.co\/imanes-publicitarios\/producto\/imanes-decorativos\/","url":"https:\/\/www.simetria.com.co\/imanes-publicitarios\/producto\/imanes-decorativos\/","name":"Imanes Decorativos - Simetria Imanes Publicitarios","isPartOf":{"@id":"https:\/\/www.simetria.com.co\/imanes-publicitarios\/#website"},"primaryImageOfPage":{"@id":"https:\/\/www.simetria.com.co\/imanes-publicitarios\/producto\/imanes-decorativos\/#primaryimage"},"image":{"@id":"https:\/\/www.simetria.com.co\/imanes-publicitarios\/producto\/imanes-decorativos\/#primaryimage"},"thumbnailUrl":"https:\/\/www.simetria.com.co\/imanes-publicitarios\/wp-content\/uploads\/2024\/03\/01-imanes-decorativos-colombia-simetria-600x600-1.jpg","datePublished":"2025-06-06T20:56:06+00:00","dateModified":"2025-07-11T18:13:32+00:00","breadcrumb":{"@id":"https:\/\/www.simetria.com.co\/imanes-publicitarios\/producto\/imanes-decorativos\/#breadcrumb"},"inLanguage":"es-CO","potentialAction":[{"@type":"ReadAction","target":["https:\/\/www.simetria.com.co\/imanes-publicitarios\/producto\/imanes-decorativos\/"]}]},{"@type":"ImageObject","inLanguage":"es-CO","@id":"https:\/\/www.simetria.com.co\/imanes-publicitarios\/producto\/imanes-decorativos\/#primaryimage","url":"https:\/\/www.simetria.com.co\/imanes-publicitarios\/wp-content\/uploads\/2024\/03\/01-imanes-decorativos-colombia-simetria-600x600-1.jpg","contentUrl":"https:\/\/www.simetria.com.co\/imanes-publicitarios\/wp-content\/uploads\/2024\/03\/01-imanes-decorativos-colombia-simetria-600x600-1.jpg","width":600,"height":600},{"@type":"BreadcrumbList","@id":"https:\/\/www.simetria.com.co\/imanes-publicitarios\/producto\/imanes-decorativos\/#breadcrumb","itemListElement":[{"@type":"ListItem","position":1,"name":"Inicio","item":"https:\/\/www.simetria.com.co\/imanes-publicitarios\/"},{"@type":"ListItem","position":2,"name":"Productos","item":"https:\/\/www.simetria.com.co\/imanes-publicitarios\/tienda__trashed\/"},{"@type":"ListItem","position":3,"name":"Imanes Decorativos"}]},{"@type":"WebSite","@id":"https:\/\/www.simetria.com.co\/imanes-publicitarios\/#website","url":"https:\/\/www.simetria.com.co\/imanes-publicitarios\/","name":"simetria.com.co\/imanes-publicitarios\/","description":"Imanes Publicitarios Medellin","publisher":{"@id":"https:\/\/www.simetria.com.co\/imanes-publicitarios\/#organization"},"potentialAction":[{"@type":"SearchAction","target":{"@type":"EntryPoint","urlTemplate":"https:\/\/www.simetria.com.co\/imanes-publicitarios\/?s={search_term_string}"},"query-input":{"@type":"PropertyValueSpecification","valueRequired":true,"valueName":"search_term_string"}}],"inLanguage":"es-CO"},{"@type":"Organization","@id":"https:\/\/www.simetria.com.co\/imanes-publicitarios\/#organization","name":"Simetria Imanes Publicitarios","url":"https:\/\/www.simetria.com.co\/imanes-publicitarios\/","logo":{"@type":"ImageObject","inLanguage":"es-CO","@id":"https:\/\/www.simetria.com.co\/imanes-publicitarios\/#\/schema\/logo\/image\/","url":"https:\/\/www.simetria.com.co\/imanes-publicitarios\/wp-content\/uploads\/2025\/07\/logo-simetria5.png","contentUrl":"https:\/\/www.simetria.com.co\/imanes-publicitarios\/wp-content\/uploads\/2025\/07\/logo-simetria5.png","width":393,"height":354,"caption":"Simetria Imanes Publicitarios"},"image":{"@id":"https:\/\/www.simetria.com.co\/imanes-publicitarios\/#\/schema\/logo\/image\/"},"sameAs":["https:\/\/www.instagram.com\/simetria_s.a.s\/"]}]}},"_links":{"self":[{"href":"https:\/\/www.simetria.com.co\/imanes-publicitarios\/wp-json\/wp\/v2\/product\/2058","targetHints":{"allow":["GET"]}}],"collection":[{"href":"https:\/\/www.simetria.com.co\/imanes-publicitarios\/wp-json\/wp\/v2\/product"}],"about":[{"href":"https:\/\/www.simetria.com.co\/imanes-publicitarios\/wp-json\/wp\/v2\/types\/product"}],"wp:featuredmedia":[{"embeddable":true,"href":"https:\/\/www.simetria.com.co\/imanes-publicitarios\/wp-json\/wp\/v2\/media\/1138"}],"wp:attachment":[{"href":"https:\/\/www.simetria.com.co\/imanes-publicitarios\/wp-json\/wp\/v2\/media?parent=2058"}],"wp:term":[{"taxonomy":"product_brand","embeddable":true,"href":"https:\/\/www.simetria.com.co\/imanes-publicitarios\/wp-json\/wp\/v2\/product_brand?post=2058"},{"taxonomy":"product_cat","embeddable":true,"href":"https:\/\/www.simetria.com.co\/imanes-publicitarios\/wp-json\/wp\/v2\/product_cat?post=2058"},{"taxonomy":"product_tag","embeddable":true,"href":"https:\/\/www.simetria.com.co\/imanes-publicitarios\/wp-json\/wp\/v2\/product_tag?post=2058"}],"curies":[{"name":"wp","href":"https:\/\/api.w.org\/{rel}","templated":true}]}}