{"id":7,"date":"2024-02-27T08:21:43","date_gmt":"2024-02-27T13:21:43","guid":{"rendered":"https:\/\/ecoweb.com.co\/simetria\/?page_id=7"},"modified":"2025-08-26T12:52:05","modified_gmt":"2025-08-26T17:52:05","slug":"material-pop","status":"publish","type":"page","link":"https:\/\/www.simetria.com.co\/material-pop\/","title":{"rendered":"INICIO"},"content":{"rendered":"<div class=\"wpb-content-wrapper\"><p>[vc_row full_width=&#8221;stretch_row_content_no_spaces&#8221; css=&#8221;.vc_custom_1749060692799{margin-top: -2px !important;}&#8221; conditional_render=&#8221;%5B%7B%22value_role%22%3A%22administrator%22%7D%5D&#8221;][vc_column][rev_slider_vc alias=&#8221;pop&#8221;][\/vc_column][\/vc_row][vc_row full_width=&#8221;stretch_row_content&#8221; conditional_render=&#8221;%5B%7B%22value_role%22%3A%22administrator%22%7D%5D&#8221; css=&#8221;.vc_custom_1754687872933{margin-top: -2% !important;padding-top: 10px !important;padding-bottom: 30px !important;background-position: center !important;background-repeat: no-repeat !important;background-size: cover !important;}&#8221;][vc_column offset=&#8221;vc_hidden-xl vc_hidden-lg vc_hidden-md&#8221; conditional_render=&#8221;%5B%7B%22value_role%22%3A%22administrator%22%7D%5D&#8221;][vc_row_inner][vc_column_inner][vc_column_text]<\/p>\n<p style=\"font-size: 38px; line-height: 35px; font-family: 'VAG Rounded Std'; font-weight: 600; color: #00A19A; text-align: left;\">MATERIAL POP<\/p>\n<p>[\/vc_column_text][vc_column_text]<\/p>\n<p style=\"font-size: 14pt; color: #606060; font-weight: 500; text-align: left;\">Fabricamos material POP especializado para neveras, refrigeradores y g\u00f3ndolas de Puntos de Venta.<br \/>\nEs f\u00e1cil de remover y no deja residuos ni pegotes que molesten a tus clientes internos.<br \/>\nIdeal para visibilizar productos que necesitan alta rotaci\u00f3n o para campa\u00f1as de lanzamiento.<\/p>\n<p>[\/vc_column_text][\/vc_column_inner][\/vc_row_inner][vc_row_inner][vc_column_inner offset=&#8221;vc_hidden-md vc_hidden-sm vc_hidden-xs&#8221;][vc_column_text]<\/p>\n<p style=\"text-align: center;\"><a style=\"text-decoration: none;\" href=\"https:\/\/www.simetria.com.co\/material-pop\/#neveras-refrigeradores\" rel=\"noopener\"><span class=\"ver4\">Para Neveras y Refrigeradores de Tienda <\/span><\/a>\u00a0 <a style=\"text-decoration: none;\" href=\"https:\/\/www.simetria.com.co\/material-pop\/#gondolas\" rel=\"noopener\"><span class=\"ver4\">Para G\u00f3ndolas<\/span><\/a><\/p>\n<p>[\/vc_column_text][\/vc_column_inner][\/vc_row_inner][vc_row_inner css=&#8221;.vc_custom_1755215671917{padding-bottom: 3% !important;}&#8221;][vc_column_inner][\/vc_column_inner][\/vc_row_inner][vc_row_inner content_placement=&#8221;middle&#8221; css=&#8221;.vc_custom_1753910971168{margin-top: 1% !important;}&#8221;][vc_column_inner][vc_column_text]<\/p>\n<p style=\"font-size: 29px; line-height: 30px; font-family: 'VAG Rounded Std'; font-weight: 600; color: #00A19A; text-align: left;\">PARA NEVERAS Y<br \/>\nREFRIGERADORES DE TIENDA<\/p>\n<p>[\/vc_column_text][vc_column_text]<a href=\"https:\/\/www.simetria.com.co\/material-pop\/categoria-producto\/para-neveras-y-refrigeradores-de-tienda\/\"><img decoding=\"async\" class=\"size-medium wp-image-2202 alignleft\" src=\"https:\/\/www.simetria.com.co\/material-pop\/wp-content\/uploads\/2025\/07\/neveras.png\" alt=\"\" width=\"100%\" height=\"NaN\" \/><\/a>[\/vc_column_text][vc_column_text]<\/p>\n<p style=\"font-size: 14pt; color: #606060; font-weight: 600; text-align: left;\">Nuestro material POP especializado para neveras y refrigeradores de punto de venta es resistente a bajas temperaturas y no da\u00f1a ni deja residuos en las neveras de tus clientes internos o tenderos.<\/p>\n<p style=\"font-size: 14pt; color: #606060; font-weight: 400; text-align: left;\">Tambi\u00e9n logra que tu marca se destaque en entornos de alta competencia como supermercados, tiendas de conveniencia o grandes superficies.<\/p>\n<p>[\/vc_column_text][vc_column_text]<\/p>\n<p style=\"text-align: center;\"><a style=\"text-decoration: none;\" href=\"https:\/\/www.simetria.com.co\/material-pop\/categoria-producto\/para-neveras-y-refrigeradores-de-tienda\/\" rel=\"noopener\"><span class=\"ver3\">Ver productos<\/span><\/a><\/p>\n<p>[\/vc_column_text][\/vc_column_inner][\/vc_row_inner][vc_row_inner css=&#8221;.vc_custom_1755215688861{padding-bottom: 3% !important;}&#8221;][vc_column_inner][\/vc_column_inner][\/vc_row_inner][vc_row_inner content_placement=&#8221;middle&#8221; css=&#8221;.vc_custom_1753910963600{margin-top: 1% !important;}&#8221;][vc_column_inner css=&#8221;.vc_custom_1753833933342{padding-right: 4% !important;padding-left: 6% !important;}&#8221;][vc_column_text]<\/p>\n<p style=\"font-size: 29px; line-height: 30px; font-family: 'VAG Rounded Std'; font-weight: 600; color: #00A19A; text-align: left;\">PARA<br \/>\nG\u00d3NDOLAS<\/p>\n<p>[\/vc_column_text][vc_column_text]<a href=\"https:\/\/www.simetria.com.co\/material-pop\/categoria-producto\/para-gondolas\/\"><img decoding=\"async\" class=\"size-medium wp-image-2202 alignleft\" src=\"https:\/\/www.simetria.com.co\/material-pop\/wp-content\/uploads\/2025\/07\/gondola.png\" alt=\"\" width=\"100%\" height=\"NaN\" \/><\/a>[\/vc_column_text][vc_column_text]<\/p>\n<p style=\"font-size: 14pt; color: #606060; font-weight: 600; text-align: left;\">No hay duda de que el espacio en g\u00f3ndolas es una vitrina valiosa para las marcas.<\/p>\n<p style=\"font-size: 14pt; color: #606060; font-weight: 400; text-align: left;\">Desarrollamos soluciones POP que maximizan la visibilidad en anaqueles, estanter\u00edas y exhibidores, atrayendo la atenci\u00f3n de comprador justo en el momento clave de decisi\u00f3n.<\/p>\n<p>[\/vc_column_text][vc_column_text]<\/p>\n<p style=\"text-align: center;\"><a style=\"text-decoration: none;\" href=\"https:\/\/www.simetria.com.co\/material-pop\/categoria-producto\/para-gondolas\/\" rel=\"noopener\"><span class=\"ver3\">Ver productos<\/span><\/a><\/p>\n<p>[\/vc_column_text][\/vc_column_inner][\/vc_row_inner][\/vc_column][\/vc_row][vc_row full_width=&#8221;stretch_row_content&#8221; conditional_render=&#8221;%5B%7B%22value_role%22%3A%22administrator%22%7D%5D&#8221; css=&#8221;.vc_custom_1753911454794{margin-top: -4% !important;padding-top: 70px !important;padding-bottom: 30px !important;background-image: url(https:\/\/www.simetria.com.co\/material-pop\/wp-content\/uploads\/2025\/07\/materialpop-fondo.png?id=2107) !important;background-position: center !important;background-repeat: no-repeat !important;background-size: cover !important;}&#8221;][vc_column offset=&#8221;vc_hidden-sm vc_hidden-xs&#8221; conditional_render=&#8221;%5B%7B%22value_role%22%3A%22administrator%22%7D%5D&#8221;][vc_row_inner][vc_column_inner][vc_column_text]<\/p>\n<p style=\"font-size: 38px; line-height: 35px; text-align: center; font-family: 'VAG Rounded Std'; font-weight: 600; color: #00A19A;\">MATERIAL POP<\/p>\n<p>[\/vc_column_text][vc_column_text]<\/p>\n<p style=\"font-size: 14pt; color: #606060; text-align: center; font-weight: 500;\">Fabricamos material POP especializado para neveras, refrigeradores y g\u00f3ndolas de Puntos de Venta.<br \/>\nEs f\u00e1cil de remover y no deja residuos ni pegotes que molesten a tus clientes internos.<br \/>\nIdeal para visibilizar productos que necesitan alta rotaci\u00f3n o para campa\u00f1as de lanzamiento.<\/p>\n<p>[\/vc_column_text][\/vc_column_inner][\/vc_row_inner][vc_row_inner][vc_column_inner offset=&#8221;vc_hidden-md vc_hidden-sm vc_hidden-xs&#8221;][vc_column_text]<\/p>\n<p style=\"text-align: center;\"><a style=\"text-decoration: none;\" href=\"https:\/\/www.simetria.com.co\/material-pop\/#neveras-refrigeradores\" rel=\"noopener\"><span class=\"ver4\">Para Neveras y Refrigeradores de Tienda <\/span><\/a>\u00a0 <a style=\"text-decoration: none;\" href=\"https:\/\/www.simetria.com.co\/material-pop\/#gondolas\" rel=\"noopener\"><span class=\"ver4\">Para G\u00f3ndolas<\/span><\/a><\/p>\n<p>[\/vc_column_text][\/vc_column_inner][\/vc_row_inner][vc_row_inner css=&#8221;.vc_custom_1755215680709{padding-bottom: 3% !important;}&#8221; el_id=&#8221;neveras-refrigeradores&#8221;][vc_column_inner][\/vc_column_inner][\/vc_row_inner][vc_row_inner content_placement=&#8221;middle&#8221; css=&#8221;.vc_custom_1753910971168{margin-top: 1% !important;}&#8221;][vc_column_inner width=&#8221;1\/2&#8243;][vc_column_text]<a href=\"https:\/\/www.simetria.com.co\/material-pop\/categoria-producto\/para-neveras-y-refrigeradores-de-tienda\/\"><img decoding=\"async\" class=\"size-medium wp-image-2202 alignleft\" src=\"https:\/\/www.simetria.com.co\/material-pop\/wp-content\/uploads\/2025\/07\/neveras.png\" alt=\"\" width=\"100%\" height=\"NaN\" \/><\/a>[\/vc_column_text][\/vc_column_inner][vc_column_inner width=&#8221;1\/2&#8243; css=&#8221;.vc_custom_1753832628647{padding-right: 4% !important;padding-left: 3% !important;}&#8221;][vc_column_text]<\/p>\n<p style=\"font-size: 32px; line-height: 35px; font-family: 'VAG Rounded Std'; font-weight: 600; color: #00A19A; text-align: left;\">PARA NEVERAS Y<br \/>\nREFRIGERADORES DE TIENDA<\/p>\n<p>[\/vc_column_text][vc_column_text]<\/p>\n<p style=\"font-size: 14pt; color: #606060; font-weight: 600; text-align: left;\">Nuestro material POP especializado para neveras y refrigeradores de punto de venta es resistente a bajas temperaturas y no da\u00f1a ni deja residuos en las neveras de tus clientes internos o tenderos.<\/p>\n<p style=\"font-size: 14pt; color: #606060; font-weight: 400; text-align: left;\">Tambi\u00e9n logra que tu marca se destaque en entornos de alta competencia como supermercados, tiendas de conveniencia o grandes superficies.<\/p>\n<p>[\/vc_column_text][vc_column_text]<\/p>\n<p style=\"text-align: center;\"><a style=\"text-decoration: none;\" href=\"https:\/\/www.simetria.com.co\/material-pop\/categoria-producto\/para-neveras-y-refrigeradores-de-tienda\/\" rel=\"noopener\"><span class=\"ver3\">Ver productos<\/span><\/a><\/p>\n<p>[\/vc_column_text][\/vc_column_inner][\/vc_row_inner][vc_row_inner css=&#8221;.vc_custom_1755215697077{padding-bottom: 3% !important;}&#8221; el_id=&#8221;gondolas&#8221;][vc_column_inner][\/vc_column_inner][\/vc_row_inner][vc_row_inner content_placement=&#8221;middle&#8221; css=&#8221;.vc_custom_1753910963600{margin-top: 1% !important;}&#8221;][vc_column_inner width=&#8221;1\/2&#8243; css=&#8221;.vc_custom_1753833933342{padding-right: 4% !important;padding-left: 6% !important;}&#8221;][vc_column_text]<\/p>\n<p style=\"font-size: 32px; line-height: 35px; font-family: 'VAG Rounded Std'; font-weight: 600; color: #00A19A; text-align: left;\">PARA<br \/>\nG\u00d3NDOLAS<\/p>\n<p>[\/vc_column_text][vc_column_text]<\/p>\n<p style=\"font-size: 14pt; color: #606060; font-weight: 600; text-align: left;\">No hay duda de que el espacio en g\u00f3ndolas es una vitrina valiosa para las marcas.<\/p>\n<p style=\"font-size: 14pt; color: #606060; font-weight: 400; text-align: left;\">Desarrollamos soluciones POP que maximizan la visibilidad en anaqueles, estanter\u00edas y exhibidores, atrayendo la atenci\u00f3n de comprador justo en el momento clave de decisi\u00f3n.<\/p>\n<p>[\/vc_column_text][vc_column_text]<\/p>\n<p style=\"text-align: center;\"><a style=\"text-decoration: none;\" href=\"https:\/\/www.simetria.com.co\/material-pop\/categoria-producto\/para-gondolas\/\" rel=\"noopener\"><span class=\"ver3\">Ver productos<\/span><\/a><\/p>\n<p>[\/vc_column_text][\/vc_column_inner][vc_column_inner width=&#8221;1\/2&#8243;][vc_column_text]<a href=\"https:\/\/www.simetria.com.co\/material-pop\/categoria-producto\/para-gondolas\/\"><img decoding=\"async\" class=\"size-medium wp-image-2202 alignleft\" src=\"https:\/\/www.simetria.com.co\/material-pop\/wp-content\/uploads\/2025\/07\/gondola.png\" alt=\"\" width=\"100%\" height=\"NaN\" \/><\/a>[\/vc_column_text][\/vc_column_inner][\/vc_row_inner][\/vc_column][\/vc_row][vc_row full_width=&#8221;stretch_row_content&#8221; disable_element=&#8221;yes&#8221; conditional_render=&#8221;%5B%7B%22value_role%22%3A%22administrator%22%7D%5D&#8221; css=&#8221;.vc_custom_1753884032750{margin-top: -4% !important;padding-top: 70px !important;padding-right: 5% !important;padding-bottom: 70px !important;padding-left: 5% !important;background-image: url(https:\/\/www.simetria.com.co\/wp-content\/uploads\/2024\/02\/794.png?id=81) !important;background-position: center !important;background-repeat: no-repeat !important;background-size: cover !important;}&#8221;][vc_column][vc_row_inner][vc_column_inner][vc_column_text]<\/p>\n<p style=\"font-size: 30px; line-height: 35px; text-align: center; font-family: 'VAG Rounded Std'; font-weight: 600; color: #00646b;\">MATERIAL POP<\/p>\n<p>[\/vc_column_text][vc_column_text]<\/p>\n<p style=\"font-size: 14pt; color: #29a29a; text-align: center; font-weight: 500;\">Fabricamos material POP especializado para neveras, refrigeradores y g\u00f3ndolas de Puntos de Venta.<br \/>\nEs f\u00e1cil de remover y no deja residuos ni pegotes que molesten a tus clientes internos.<br \/>\nIdeal para visibilizar productos que necesitan alta rotaci\u00f3n o para campa\u00f1as de lanzamiento.<\/p>\n<p>[\/vc_column_text][\/vc_column_inner][\/vc_row_inner][vc_row_inner][vc_column_inner width=&#8221;1\/2&#8243;][vc_raw_html]JTNDZGl2JTIwY2xhc3MlM0QlMjJiYW5uZXItc2hvcnRjb2RlLXdyYXAlMjBzdHlsZV8xJTIyJTNFJTBBJTNDZGl2JTIwY2xhc3MlM0QlMjJiYW5uZXItY29udGVudCUyMHRpdGxlX3RvcCUyMiUzRSUwQSUzQ2ElMjBocmVmJTNEJTIyaHR0cHMlM0ElMkYlMkZ3d3cuc2ltZXRyaWEuY29tLmNvJTJGbWF0ZXJpYWwtcG9wJTJGY2F0ZWdvcmlhLXByb2R1Y3RvJTJGcGFyYS1uZXZlcmFzLXktcmVmcmlnZXJhZG9yZXMtZGUtdGllbmRhJTJGJTIyJTNFJTBBJTNDaDMlMjBjbGFzcyUzRCUyMmJhbm5lci10aXRsZSUyMiUzRVBhcmElMjBuZXZlcmFzJTIweSUyMHJlZnJpZ2VyYWRvcmVzJTIwcGFyYSUyMHRpZW5kYXMlM0MlMkZoMyUzRSUwQSUzQ2RpdiUyMGNsYXNzJTNEJTIyb3ZlcmxheS1iZyUyMiUyMHN0eWxlJTNEJTIyYmFja2dyb3VuZC1jb2xvciUzQSUyM2YxOWM2NyUyMiUzRSUzQyUyRmRpdiUzRSUwQSUzQ2ltZyUyMGxvYWRpbmclM0QlMjJsYXp5JTIyJTIwZGVjb2RpbmclM0QlMjJhc3luYyUyMiUyMHdpZHRoJTNEJTIyMjc3JTIyJTIwaGVpZ2h0JTNEJTIyMjg1JTIyJTIwc3JjJTNEJTIyaHR0cHMlM0ElMkYlMkZ3d3cuc2ltZXRyaWEuY29tLmNvJTJGbWF0ZXJpYWwtcG9wJTJGd3AtY29udGVudCUyRnVwbG9hZHMlMkYyMDI1JTJGMDclMkZNYXRlcmlhbC1QLk8uUC1QYXJhLW5ldmVyYXMteS1yZWZyaWdlcmFkb3Jlcy1zY2FsZWQuanBnJTIyJTIwYWx0JTNEJTIyUE9QJTIweSUyMHZpc2liaWxpZGFkJTIyJTNFJTBBJTNDJTJGYSUzRSUzQyUyRmRpdiUzRSUzQyUyRmRpdiUzRQ==[\/vc_raw_html][\/vc_column_inner][vc_column_inner width=&#8221;1\/2&#8243;][vc_raw_html]JTNDZGl2JTIwY2xhc3MlM0QlMjJiYW5uZXItc2hvcnRjb2RlLXdyYXAlMjBzdHlsZV8xJTIyJTNFJTBBJTNDZGl2JTIwY2xhc3MlM0QlMjJiYW5uZXItY29udGVudCUyMHRpdGxlX3RvcCUyMiUzRSUwQSUzQ2ElMjBocmVmJTNEJTIyaHR0cHMlM0ElMkYlMkZ3d3cuc2ltZXRyaWEuY29tLmNvJTJGbWF0ZXJpYWwtcG9wJTJGY2F0ZWdvcmlhLXByb2R1Y3RvJTJGcGFyYS1nb25kb2xhcyUyRiUyMiUzRSUwQSUzQ2gzJTIwY2xhc3MlM0QlMjJiYW5uZXItdGl0bGUlMjIlM0VQYXJhJTIwZyVDMyVCM25kb2xhcyUzQyUyRmgzJTNFJTBBJTNDZGl2JTIwY2xhc3MlM0QlMjJvdmVybGF5LWJnJTIyJTIwc3R5bGUlM0QlMjJiYWNrZ3JvdW5kLWNvbG9yJTNBJTIzZjE5YzY3JTIyJTNFJTNDJTJGZGl2JTNFJTBBJTNDaW1nJTIwbG9hZGluZyUzRCUyMmxhenklMjIlMjBkZWNvZGluZyUzRCUyMmFzeW5jJTIyJTIwd2lkdGglM0QlMjIyNzclMjIlMjBoZWlnaHQlM0QlMjIyODUlMjIlMjBzcmMlM0QlMjJodHRwcyUzQSUyRiUyRnd3dy5zaW1ldHJpYS5jb20uY28lMkZtYXRlcmlhbC1wb3AlMkZ3cC1jb250ZW50JTJGdXBsb2FkcyUyRjIwMjUlMkYwNyUyRk1hdGVyaWFsLVBPUC1QYXJhLWdvbmRvbGFzLmpwZyUyMiUyMGFsdCUzRCUyMlBPUCUyMHklMjB2aXNpYmlsaWRhZCUyMiUzRSUwQSUzQyUyRmElM0UlM0MlMkZkaXYlM0UlM0MlMkZkaXYlM0U=[\/vc_raw_html][\/vc_column_inner][\/vc_row_inner][\/vc_column][\/vc_row]<\/p>\n<\/div>","protected":false},"excerpt":{"rendered":"<p>[vc_row full_width=&#8221;stretch_row_content_no_spaces&#8221; css=&#8221;.vc_custom_1749060692799{margin-top: -2px !important;}&#8221; conditional_render=&#8221;%5B%7B%22value_role%22%3A%22administrator%22%7D%5D&#8221;][vc_column][rev_slider_vc alias=&#8221;pop&#8221;][\/vc_column][\/vc_row][vc_row full_width=&#8221;stretch_row_content&#8221; conditional_render=&#8221;%5B%7B%22value_role%22%3A%22administrator%22%7D%5D&#8221; css=&#8221;.vc_custom_1754687872933{margin-top: -2% !important;padding-top: 10px !important;padding-bottom: 30px !important;background-position: center !important;background-repeat: no-repeat !important;background-size: cover !important;}&#8221;][vc_column offset=&#8221;vc_hidden-xl vc_hidden-lg vc_hidden-md&#8221; conditional_render=&#8221;%5B%7B%22value_role%22%3A%22administrator%22%7D%5D&#8221;][vc_row_inner][vc_column_inner][vc_column_text] MATERIAL POP [\/vc_column_text][vc_column_text] Fabricamos material POP especializado para neveras, refrigeradores y g\u00f3ndolas de Puntos de Venta. Es f\u00e1cil de remover y no deja residuos ni pegotes que molesten a [&hellip;]<\/p>\n","protected":false},"author":1,"featured_media":0,"parent":0,"menu_order":0,"comment_status":"closed","ping_status":"closed","template":"","meta":{"_joinchat":[],"footnotes":""},"class_list":["post-7","page","type-page","status-publish","hentry"],"yoast_head":"<!-- This site is optimized with the Yoast SEO plugin v27.1.1 - https:\/\/yoast.com\/product\/yoast-seo-wordpress\/ -->\n<title>Material POP para puntos de venta<\/title>\n<meta name=\"description\" content=\"Fabricamos material POP especializado para neveras, refrigeradores y g\u00f3ndolas. Es f\u00e1cil de remover y no deja residuos. \u00a1Desc\u00fabrelo ahora!\" \/>\n<meta name=\"robots\" content=\"index, follow, max-snippet:-1, max-image-preview:large, max-video-preview:-1\" \/>\n<link rel=\"canonical\" href=\"https:\/\/www.simetria.com.co\/material-pop\/\" \/>\n<meta property=\"og:locale\" content=\"es_ES\" \/>\n<meta property=\"og:type\" content=\"article\" \/>\n<meta property=\"og:title\" content=\"Material POP para puntos de venta\" \/>\n<meta property=\"og:description\" content=\"Fabricamos material POP especializado para neveras, refrigeradores y g\u00f3ndolas. Es f\u00e1cil de remover y no deja residuos. \u00a1Desc\u00fabrelo ahora!\" \/>\n<meta property=\"og:url\" content=\"https:\/\/www.simetria.com.co\/material-pop\/\" \/>\n<meta property=\"og:site_name\" content=\"Simetria Material POP\" \/>\n<meta property=\"article:modified_time\" content=\"2025-08-26T17:52:05+00:00\" \/>\n<meta property=\"og:image\" content=\"https:\/\/www.simetria.com.co\/material-pop\/wp-content\/uploads\/2025\/07\/neveras.png\" \/>\n<meta name=\"twitter:card\" content=\"summary_large_image\" \/>\n<meta name=\"twitter:label1\" content=\"Tiempo de lectura\" \/>\n\t<meta name=\"twitter:data1\" content=\"4 minutos\" \/>\n<script type=\"application\/ld+json\" class=\"yoast-schema-graph\">{\"@context\":\"https:\/\/schema.org\",\"@graph\":[{\"@type\":\"WebPage\",\"@id\":\"https:\/\/www.simetria.com.co\/material-pop\/\",\"url\":\"https:\/\/www.simetria.com.co\/material-pop\/\",\"name\":\"Material POP para puntos de venta\",\"isPartOf\":{\"@id\":\"https:\/\/www.simetria.com.co\/material-pop\/#website\"},\"primaryImageOfPage\":{\"@id\":\"https:\/\/www.simetria.com.co\/material-pop\/#primaryimage\"},\"image\":{\"@id\":\"https:\/\/www.simetria.com.co\/material-pop\/#primaryimage\"},\"thumbnailUrl\":\"https:\/\/www.simetria.com.co\/material-pop\/wp-content\/uploads\/2025\/07\/neveras.png\",\"datePublished\":\"2024-02-27T13:21:43+00:00\",\"dateModified\":\"2025-08-26T17:52:05+00:00\",\"description\":\"Fabricamos material POP especializado para neveras, refrigeradores y g\u00f3ndolas. Es f\u00e1cil de remover y no deja residuos. \u00a1Desc\u00fabrelo ahora!\",\"breadcrumb\":{\"@id\":\"https:\/\/www.simetria.com.co\/material-pop\/#breadcrumb\"},\"inLanguage\":\"es-CO\",\"potentialAction\":[{\"@type\":\"ReadAction\",\"target\":[\"https:\/\/www.simetria.com.co\/material-pop\/\"]}]},{\"@type\":\"ImageObject\",\"inLanguage\":\"es-CO\",\"@id\":\"https:\/\/www.simetria.com.co\/material-pop\/#primaryimage\",\"url\":\"\",\"contentUrl\":\"\"},{\"@type\":\"BreadcrumbList\",\"@id\":\"https:\/\/www.simetria.com.co\/material-pop\/#breadcrumb\",\"itemListElement\":[{\"@type\":\"ListItem\",\"position\":1,\"name\":\"Inicio\",\"item\":\"https:\/\/www.simetria.com.co\/material-pop\/\"},{\"@type\":\"ListItem\",\"position\":2,\"name\":\"INICIO\"}]},{\"@type\":\"WebSite\",\"@id\":\"https:\/\/www.simetria.com.co\/material-pop\/#website\",\"url\":\"https:\/\/www.simetria.com.co\/material-pop\/\",\"name\":\"simetria.com.co\/material-pop\/\",\"description\":\"Simetria Material POP\",\"publisher\":{\"@id\":\"https:\/\/www.simetria.com.co\/material-pop\/#organization\"},\"potentialAction\":[{\"@type\":\"SearchAction\",\"target\":{\"@type\":\"EntryPoint\",\"urlTemplate\":\"https:\/\/www.simetria.com.co\/material-pop\/?s={search_term_string}\"},\"query-input\":{\"@type\":\"PropertyValueSpecification\",\"valueRequired\":true,\"valueName\":\"search_term_string\"}}],\"inLanguage\":\"es-CO\"},{\"@type\":\"Organization\",\"@id\":\"https:\/\/www.simetria.com.co\/material-pop\/#organization\",\"name\":\"Simetria Material POP\",\"url\":\"https:\/\/www.simetria.com.co\/material-pop\/\",\"logo\":{\"@type\":\"ImageObject\",\"inLanguage\":\"es-CO\",\"@id\":\"https:\/\/www.simetria.com.co\/material-pop\/#\/schema\/logo\/image\/\",\"url\":\"https:\/\/www.simetria.com.co\/material-pop\/wp-content\/uploads\/2025\/07\/logo-simetria5.png\",\"contentUrl\":\"https:\/\/www.simetria.com.co\/material-pop\/wp-content\/uploads\/2025\/07\/logo-simetria5.png\",\"width\":393,\"height\":354,\"caption\":\"Simetria Material POP\"},\"image\":{\"@id\":\"https:\/\/www.simetria.com.co\/material-pop\/#\/schema\/logo\/image\/\"},\"sameAs\":[\"https:\/\/www.instagram.com\/simetria_s.a.s\/\"]}]}<\/script>\n<!-- \/ Yoast SEO plugin. -->","yoast_head_json":{"title":"Material POP para puntos de venta","description":"Fabricamos material POP especializado para neveras, refrigeradores y g\u00f3ndolas. Es f\u00e1cil de remover y no deja residuos. \u00a1Desc\u00fabrelo ahora!","robots":{"index":"index","follow":"follow","max-snippet":"max-snippet:-1","max-image-preview":"max-image-preview:large","max-video-preview":"max-video-preview:-1"},"canonical":"https:\/\/www.simetria.com.co\/material-pop\/","og_locale":"es_ES","og_type":"article","og_title":"Material POP para puntos de venta","og_description":"Fabricamos material POP especializado para neveras, refrigeradores y g\u00f3ndolas. Es f\u00e1cil de remover y no deja residuos. \u00a1Desc\u00fabrelo ahora!","og_url":"https:\/\/www.simetria.com.co\/material-pop\/","og_site_name":"Simetria Material POP","article_modified_time":"2025-08-26T17:52:05+00:00","og_image":[{"url":"https:\/\/www.simetria.com.co\/material-pop\/wp-content\/uploads\/2025\/07\/neveras.png","type":"","width":"","height":""}],"twitter_card":"summary_large_image","twitter_misc":{"Tiempo de lectura":"4 minutos"},"schema":{"@context":"https:\/\/schema.org","@graph":[{"@type":"WebPage","@id":"https:\/\/www.simetria.com.co\/material-pop\/","url":"https:\/\/www.simetria.com.co\/material-pop\/","name":"Material POP para puntos de venta","isPartOf":{"@id":"https:\/\/www.simetria.com.co\/material-pop\/#website"},"primaryImageOfPage":{"@id":"https:\/\/www.simetria.com.co\/material-pop\/#primaryimage"},"image":{"@id":"https:\/\/www.simetria.com.co\/material-pop\/#primaryimage"},"thumbnailUrl":"https:\/\/www.simetria.com.co\/material-pop\/wp-content\/uploads\/2025\/07\/neveras.png","datePublished":"2024-02-27T13:21:43+00:00","dateModified":"2025-08-26T17:52:05+00:00","description":"Fabricamos material POP especializado para neveras, refrigeradores y g\u00f3ndolas. Es f\u00e1cil de remover y no deja residuos. \u00a1Desc\u00fabrelo ahora!","breadcrumb":{"@id":"https:\/\/www.simetria.com.co\/material-pop\/#breadcrumb"},"inLanguage":"es-CO","potentialAction":[{"@type":"ReadAction","target":["https:\/\/www.simetria.com.co\/material-pop\/"]}]},{"@type":"ImageObject","inLanguage":"es-CO","@id":"https:\/\/www.simetria.com.co\/material-pop\/#primaryimage","url":"","contentUrl":""},{"@type":"BreadcrumbList","@id":"https:\/\/www.simetria.com.co\/material-pop\/#breadcrumb","itemListElement":[{"@type":"ListItem","position":1,"name":"Inicio","item":"https:\/\/www.simetria.com.co\/material-pop\/"},{"@type":"ListItem","position":2,"name":"INICIO"}]},{"@type":"WebSite","@id":"https:\/\/www.simetria.com.co\/material-pop\/#website","url":"https:\/\/www.simetria.com.co\/material-pop\/","name":"simetria.com.co\/material-pop\/","description":"Simetria Material POP","publisher":{"@id":"https:\/\/www.simetria.com.co\/material-pop\/#organization"},"potentialAction":[{"@type":"SearchAction","target":{"@type":"EntryPoint","urlTemplate":"https:\/\/www.simetria.com.co\/material-pop\/?s={search_term_string}"},"query-input":{"@type":"PropertyValueSpecification","valueRequired":true,"valueName":"search_term_string"}}],"inLanguage":"es-CO"},{"@type":"Organization","@id":"https:\/\/www.simetria.com.co\/material-pop\/#organization","name":"Simetria Material POP","url":"https:\/\/www.simetria.com.co\/material-pop\/","logo":{"@type":"ImageObject","inLanguage":"es-CO","@id":"https:\/\/www.simetria.com.co\/material-pop\/#\/schema\/logo\/image\/","url":"https:\/\/www.simetria.com.co\/material-pop\/wp-content\/uploads\/2025\/07\/logo-simetria5.png","contentUrl":"https:\/\/www.simetria.com.co\/material-pop\/wp-content\/uploads\/2025\/07\/logo-simetria5.png","width":393,"height":354,"caption":"Simetria Material POP"},"image":{"@id":"https:\/\/www.simetria.com.co\/material-pop\/#\/schema\/logo\/image\/"},"sameAs":["https:\/\/www.instagram.com\/simetria_s.a.s\/"]}]}},"_links":{"self":[{"href":"https:\/\/www.simetria.com.co\/material-pop\/wp-json\/wp\/v2\/pages\/7","targetHints":{"allow":["GET"]}}],"collection":[{"href":"https:\/\/www.simetria.com.co\/material-pop\/wp-json\/wp\/v2\/pages"}],"about":[{"href":"https:\/\/www.simetria.com.co\/material-pop\/wp-json\/wp\/v2\/types\/page"}],"author":[{"embeddable":true,"href":"https:\/\/www.simetria.com.co\/material-pop\/wp-json\/wp\/v2\/users\/1"}],"replies":[{"embeddable":true,"href":"https:\/\/www.simetria.com.co\/material-pop\/wp-json\/wp\/v2\/comments?post=7"}],"version-history":[{"count":3,"href":"https:\/\/www.simetria.com.co\/material-pop\/wp-json\/wp\/v2\/pages\/7\/revisions"}],"predecessor-version":[{"id":2254,"href":"https:\/\/www.simetria.com.co\/material-pop\/wp-json\/wp\/v2\/pages\/7\/revisions\/2254"}],"wp:attachment":[{"href":"https:\/\/www.simetria.com.co\/material-pop\/wp-json\/wp\/v2\/media?parent=7"}],"curies":[{"name":"wp","href":"https:\/\/api.w.org\/{rel}","templated":true}]}}