{"id":1952,"date":"2025-06-06T11:14:36","date_gmt":"2025-06-06T16:14:36","guid":{"rendered":"https:\/\/www.simetria.com.co\/material-pop\/?post_type=product&#038;p=1952"},"modified":"2025-07-11T13:04:19","modified_gmt":"2025-07-11T18:04:19","slug":"cenefas-magneticas","status":"publish","type":"product","link":"https:\/\/www.simetria.com.co\/material-pop\/producto\/cenefas-magneticas\/","title":{"rendered":"Cenefas M\u00e1gneticas"},"content":{"rendered":"","protected":false},"excerpt":{"rendered":"<p><strong>Cenefas Magn\u00e9ticas: Visibilidad potente en refrigeradores<\/strong><\/p>\n<p>Las cenefas magn\u00e9ticas son una soluci\u00f3n de <strong>material POP<\/strong> altamente efectiva para destacar tu marca en puntos de venta refrigerados. Dise\u00f1adas para adherirse a perfiles met\u00e1licos de neveras, congeladores y vitrinas, estas piezas publicitarias ayudan a <strong>delimitar espacios, mejorar la exhibici\u00f3n de productos y captar la atenci\u00f3n del comprador justo en el momento de decisi\u00f3n.<\/strong><\/p>\n<p>Est\u00e1n impresas en pel\u00edcula pl\u00e1stica de alta calidad, lo que garantiza su durabilidad incluso en condiciones de fr\u00edo extremo (hasta -10 \u00b0C). Son 100% personalizables en forma, tama\u00f1o y dise\u00f1o para adaptarse perfectamente a tu campa\u00f1a o producto.<\/p>\n<p>\u2705Resistentes al fr\u00edo<br \/>\n\ud83c\udfafVisibilidad directa en puntos de venta<br \/>\n\ud83d\udccfPersonalizaci\u00f3n completa en forma y tama\u00f1o<br \/>\n\ud83d\udce6<strong>Pedido m\u00ednimo:<\/strong> 500 unidades<br \/>\n\ud83d\udc49\ud83c\udffb<strong>Solicita una cotizaci\u00f3n<\/strong> y potencia tu estrategia de marketing en los puntos de venta con cenefas magn\u00e9ticas como material POP para refrigeraci\u00f3n.<\/p>\n<p style=\"text-align: left;margin-top: 4%;\"><a style=\"text-decoration: none;\" href=\"\/cotiza-tu-idea\/\" rel=\"noopener\"><span class=\"ver2\">\u00a1Cotiza ya!<\/span><\/a><\/p>\n","protected":false},"featured_media":1964,"template":"","meta":{"_joinchat":[]},"product_brand":[],"product_cat":[177],"product_tag":[33,34,35,25,26,27,28,29,30,31,32],"class_list":{"0":"post-1952","1":"product","2":"type-product","3":"status-publish","4":"has-post-thumbnail","6":"product_cat-para-neveras-y-refrigeradores-de-tienda","7":"product_tag-cenefas","8":"product_tag-cenefas-magneticas","9":"product_tag-cenefas-publicitarias","10":"product_tag-iman","11":"product_tag-imanes","12":"product_tag-imanes-publicitarios","13":"product_tag-material-pop","14":"product_tag-pop","15":"product_tag-productos-promocionales","16":"product_tag-simetria","17":"product_tag-visibilidad-de-marca","19":"first","20":"instock","21":"shipping-taxable","22":"product-type-simple","23":"add-to-wishlist-after_add_to_cart"},"yoast_head":"<!-- This site is optimized with the Yoast SEO plugin v27.1.1 - https:\/\/yoast.com\/product\/yoast-seo-wordpress\/ -->\n<title>Cenefas M\u00e1gneticas - Simetria Material POP<\/title>\n<meta name=\"robots\" content=\"index, follow, max-snippet:-1, max-image-preview:large, max-video-preview:-1\" \/>\n<link rel=\"canonical\" href=\"https:\/\/www.simetria.com.co\/material-pop\/producto\/cenefas-magneticas\/\" \/>\n<meta property=\"og:locale\" content=\"es_ES\" \/>\n<meta property=\"og:type\" content=\"article\" \/>\n<meta property=\"og:title\" content=\"Cenefas M\u00e1gneticas - Simetria Material POP\" \/>\n<meta property=\"og:description\" content=\"Cenefas Magn\u00e9ticas: Visibilidad potente en refrigeradores  Las cenefas magn\u00e9ticas son una soluci\u00f3n de material POP altamente efectiva para destacar tu marca en puntos de venta refrigerados. Dise\u00f1adas para adherirse a perfiles met\u00e1licos de neveras, congeladores y vitrinas, estas piezas publicitarias ayudan a delimitar espacios, mejorar la exhibici\u00f3n de productos y captar la atenci\u00f3n del comprador justo en el momento de decisi\u00f3n.  Est\u00e1n impresas en pel\u00edcula pl\u00e1stica de alta calidad, lo que garantiza su durabilidad incluso en condiciones de fr\u00edo extremo (hasta -10 \u00b0C). Son 100% personalizables en forma, tama\u00f1o y dise\u00f1o para adaptarse perfectamente a tu campa\u00f1a o producto.  \u2705Resistentes al fr\u00edo  \ud83c\udfafVisibilidad directa en puntos de venta  \ud83d\udccfPersonalizaci\u00f3n completa en forma y tama\u00f1o  \ud83d\udce6Pedido m\u00ednimo: 500 unidades \ud83d\udc49\ud83c\udffbSolicita una cotizaci\u00f3n y potencia tu estrategia de marketing en los puntos de venta con cenefas magn\u00e9ticas como material POP para refrigeraci\u00f3n.  \u00a1Cotiza ya!\" \/>\n<meta property=\"og:url\" content=\"https:\/\/www.simetria.com.co\/material-pop\/producto\/cenefas-magneticas\/\" \/>\n<meta property=\"og:site_name\" content=\"Simetria Material POP\" \/>\n<meta property=\"article:modified_time\" content=\"2025-07-11T18:04:19+00:00\" \/>\n<meta property=\"og:image\" content=\"https:\/\/www.simetria.com.co\/material-pop\/wp-content\/uploads\/2025\/06\/01-CENEFAS-COLANTA.jpg\" \/>\n\t<meta property=\"og:image:width\" content=\"800\" \/>\n\t<meta property=\"og:image:height\" content=\"800\" \/>\n\t<meta property=\"og:image:type\" content=\"image\/jpeg\" \/>\n<meta name=\"twitter:card\" content=\"summary_large_image\" \/>\n<meta name=\"twitter:label1\" content=\"Tiempo de lectura\" \/>\n\t<meta name=\"twitter:data1\" content=\"1 minuto\" \/>\n<script type=\"application\/ld+json\" class=\"yoast-schema-graph\">{\"@context\":\"https:\/\/schema.org\",\"@graph\":[{\"@type\":\"WebPage\",\"@id\":\"https:\/\/www.simetria.com.co\/material-pop\/producto\/cenefas-magneticas\/\",\"url\":\"https:\/\/www.simetria.com.co\/material-pop\/producto\/cenefas-magneticas\/\",\"name\":\"Cenefas M\u00e1gneticas - Simetria Material POP\",\"isPartOf\":{\"@id\":\"https:\/\/www.simetria.com.co\/material-pop\/#website\"},\"primaryImageOfPage\":{\"@id\":\"https:\/\/www.simetria.com.co\/material-pop\/producto\/cenefas-magneticas\/#primaryimage\"},\"image\":{\"@id\":\"https:\/\/www.simetria.com.co\/material-pop\/producto\/cenefas-magneticas\/#primaryimage\"},\"thumbnailUrl\":\"https:\/\/www.simetria.com.co\/material-pop\/wp-content\/uploads\/2025\/06\/01-CENEFAS-COLANTA.jpg\",\"datePublished\":\"2025-06-06T16:14:36+00:00\",\"dateModified\":\"2025-07-11T18:04:19+00:00\",\"breadcrumb\":{\"@id\":\"https:\/\/www.simetria.com.co\/material-pop\/producto\/cenefas-magneticas\/#breadcrumb\"},\"inLanguage\":\"es-CO\",\"potentialAction\":[{\"@type\":\"ReadAction\",\"target\":[\"https:\/\/www.simetria.com.co\/material-pop\/producto\/cenefas-magneticas\/\"]}]},{\"@type\":\"ImageObject\",\"inLanguage\":\"es-CO\",\"@id\":\"https:\/\/www.simetria.com.co\/material-pop\/producto\/cenefas-magneticas\/#primaryimage\",\"url\":\"https:\/\/www.simetria.com.co\/material-pop\/wp-content\/uploads\/2025\/06\/01-CENEFAS-COLANTA.jpg\",\"contentUrl\":\"https:\/\/www.simetria.com.co\/material-pop\/wp-content\/uploads\/2025\/06\/01-CENEFAS-COLANTA.jpg\",\"width\":800,\"height\":800,\"caption\":\"Material POP magn\u00e9tico de Colanta con dise\u00f1os para carnes fr\u00edas y carnes porcionadas, que destacan la frescura, calidad y sabor del portafolio en puntos de venta.\"},{\"@type\":\"BreadcrumbList\",\"@id\":\"https:\/\/www.simetria.com.co\/material-pop\/producto\/cenefas-magneticas\/#breadcrumb\",\"itemListElement\":[{\"@type\":\"ListItem\",\"position\":1,\"name\":\"Inicio\",\"item\":\"https:\/\/www.simetria.com.co\/material-pop\/\"},{\"@type\":\"ListItem\",\"position\":2,\"name\":\"Productos\",\"item\":\"https:\/\/www.simetria.com.co\/material-pop\/tienda__trashed\/\"},{\"@type\":\"ListItem\",\"position\":3,\"name\":\"Cenefas M\u00e1gneticas\"}]},{\"@type\":\"WebSite\",\"@id\":\"https:\/\/www.simetria.com.co\/material-pop\/#website\",\"url\":\"https:\/\/www.simetria.com.co\/material-pop\/\",\"name\":\"simetria.com.co\/material-pop\/\",\"description\":\"Simetria Material POP\",\"publisher\":{\"@id\":\"https:\/\/www.simetria.com.co\/material-pop\/#organization\"},\"potentialAction\":[{\"@type\":\"SearchAction\",\"target\":{\"@type\":\"EntryPoint\",\"urlTemplate\":\"https:\/\/www.simetria.com.co\/material-pop\/?s={search_term_string}\"},\"query-input\":{\"@type\":\"PropertyValueSpecification\",\"valueRequired\":true,\"valueName\":\"search_term_string\"}}],\"inLanguage\":\"es-CO\"},{\"@type\":\"Organization\",\"@id\":\"https:\/\/www.simetria.com.co\/material-pop\/#organization\",\"name\":\"Simetria Material POP\",\"url\":\"https:\/\/www.simetria.com.co\/material-pop\/\",\"logo\":{\"@type\":\"ImageObject\",\"inLanguage\":\"es-CO\",\"@id\":\"https:\/\/www.simetria.com.co\/material-pop\/#\/schema\/logo\/image\/\",\"url\":\"https:\/\/www.simetria.com.co\/material-pop\/wp-content\/uploads\/2025\/07\/logo-simetria5.png\",\"contentUrl\":\"https:\/\/www.simetria.com.co\/material-pop\/wp-content\/uploads\/2025\/07\/logo-simetria5.png\",\"width\":393,\"height\":354,\"caption\":\"Simetria Material POP\"},\"image\":{\"@id\":\"https:\/\/www.simetria.com.co\/material-pop\/#\/schema\/logo\/image\/\"},\"sameAs\":[\"https:\/\/www.instagram.com\/simetria_s.a.s\/\"]}]}<\/script>\n<!-- \/ Yoast SEO plugin. -->","yoast_head_json":{"title":"Cenefas M\u00e1gneticas - Simetria Material POP","robots":{"index":"index","follow":"follow","max-snippet":"max-snippet:-1","max-image-preview":"max-image-preview:large","max-video-preview":"max-video-preview:-1"},"canonical":"https:\/\/www.simetria.com.co\/material-pop\/producto\/cenefas-magneticas\/","og_locale":"es_ES","og_type":"article","og_title":"Cenefas M\u00e1gneticas - Simetria Material POP","og_description":"Cenefas Magn\u00e9ticas: Visibilidad potente en refrigeradores  Las cenefas magn\u00e9ticas son una soluci\u00f3n de material POP altamente efectiva para destacar tu marca en puntos de venta refrigerados. Dise\u00f1adas para adherirse a perfiles met\u00e1licos de neveras, congeladores y vitrinas, estas piezas publicitarias ayudan a delimitar espacios, mejorar la exhibici\u00f3n de productos y captar la atenci\u00f3n del comprador justo en el momento de decisi\u00f3n.  Est\u00e1n impresas en pel\u00edcula pl\u00e1stica de alta calidad, lo que garantiza su durabilidad incluso en condiciones de fr\u00edo extremo (hasta -10 \u00b0C). Son 100% personalizables en forma, tama\u00f1o y dise\u00f1o para adaptarse perfectamente a tu campa\u00f1a o producto.  \u2705Resistentes al fr\u00edo  \ud83c\udfafVisibilidad directa en puntos de venta  \ud83d\udccfPersonalizaci\u00f3n completa en forma y tama\u00f1o  \ud83d\udce6Pedido m\u00ednimo: 500 unidades \ud83d\udc49\ud83c\udffbSolicita una cotizaci\u00f3n y potencia tu estrategia de marketing en los puntos de venta con cenefas magn\u00e9ticas como material POP para refrigeraci\u00f3n.  \u00a1Cotiza ya!","og_url":"https:\/\/www.simetria.com.co\/material-pop\/producto\/cenefas-magneticas\/","og_site_name":"Simetria Material POP","article_modified_time":"2025-07-11T18:04:19+00:00","og_image":[{"width":800,"height":800,"url":"https:\/\/www.simetria.com.co\/material-pop\/wp-content\/uploads\/2025\/06\/01-CENEFAS-COLANTA.jpg","type":"image\/jpeg"}],"twitter_card":"summary_large_image","twitter_misc":{"Tiempo de lectura":"1 minuto"},"schema":{"@context":"https:\/\/schema.org","@graph":[{"@type":"WebPage","@id":"https:\/\/www.simetria.com.co\/material-pop\/producto\/cenefas-magneticas\/","url":"https:\/\/www.simetria.com.co\/material-pop\/producto\/cenefas-magneticas\/","name":"Cenefas M\u00e1gneticas - Simetria Material POP","isPartOf":{"@id":"https:\/\/www.simetria.com.co\/material-pop\/#website"},"primaryImageOfPage":{"@id":"https:\/\/www.simetria.com.co\/material-pop\/producto\/cenefas-magneticas\/#primaryimage"},"image":{"@id":"https:\/\/www.simetria.com.co\/material-pop\/producto\/cenefas-magneticas\/#primaryimage"},"thumbnailUrl":"https:\/\/www.simetria.com.co\/material-pop\/wp-content\/uploads\/2025\/06\/01-CENEFAS-COLANTA.jpg","datePublished":"2025-06-06T16:14:36+00:00","dateModified":"2025-07-11T18:04:19+00:00","breadcrumb":{"@id":"https:\/\/www.simetria.com.co\/material-pop\/producto\/cenefas-magneticas\/#breadcrumb"},"inLanguage":"es-CO","potentialAction":[{"@type":"ReadAction","target":["https:\/\/www.simetria.com.co\/material-pop\/producto\/cenefas-magneticas\/"]}]},{"@type":"ImageObject","inLanguage":"es-CO","@id":"https:\/\/www.simetria.com.co\/material-pop\/producto\/cenefas-magneticas\/#primaryimage","url":"https:\/\/www.simetria.com.co\/material-pop\/wp-content\/uploads\/2025\/06\/01-CENEFAS-COLANTA.jpg","contentUrl":"https:\/\/www.simetria.com.co\/material-pop\/wp-content\/uploads\/2025\/06\/01-CENEFAS-COLANTA.jpg","width":800,"height":800,"caption":"Material POP magn\u00e9tico de Colanta con dise\u00f1os para carnes fr\u00edas y carnes porcionadas, que destacan la frescura, calidad y sabor del portafolio en puntos de venta."},{"@type":"BreadcrumbList","@id":"https:\/\/www.simetria.com.co\/material-pop\/producto\/cenefas-magneticas\/#breadcrumb","itemListElement":[{"@type":"ListItem","position":1,"name":"Inicio","item":"https:\/\/www.simetria.com.co\/material-pop\/"},{"@type":"ListItem","position":2,"name":"Productos","item":"https:\/\/www.simetria.com.co\/material-pop\/tienda__trashed\/"},{"@type":"ListItem","position":3,"name":"Cenefas M\u00e1gneticas"}]},{"@type":"WebSite","@id":"https:\/\/www.simetria.com.co\/material-pop\/#website","url":"https:\/\/www.simetria.com.co\/material-pop\/","name":"simetria.com.co\/material-pop\/","description":"Simetria Material POP","publisher":{"@id":"https:\/\/www.simetria.com.co\/material-pop\/#organization"},"potentialAction":[{"@type":"SearchAction","target":{"@type":"EntryPoint","urlTemplate":"https:\/\/www.simetria.com.co\/material-pop\/?s={search_term_string}"},"query-input":{"@type":"PropertyValueSpecification","valueRequired":true,"valueName":"search_term_string"}}],"inLanguage":"es-CO"},{"@type":"Organization","@id":"https:\/\/www.simetria.com.co\/material-pop\/#organization","name":"Simetria Material POP","url":"https:\/\/www.simetria.com.co\/material-pop\/","logo":{"@type":"ImageObject","inLanguage":"es-CO","@id":"https:\/\/www.simetria.com.co\/material-pop\/#\/schema\/logo\/image\/","url":"https:\/\/www.simetria.com.co\/material-pop\/wp-content\/uploads\/2025\/07\/logo-simetria5.png","contentUrl":"https:\/\/www.simetria.com.co\/material-pop\/wp-content\/uploads\/2025\/07\/logo-simetria5.png","width":393,"height":354,"caption":"Simetria Material POP"},"image":{"@id":"https:\/\/www.simetria.com.co\/material-pop\/#\/schema\/logo\/image\/"},"sameAs":["https:\/\/www.instagram.com\/simetria_s.a.s\/"]}]}},"_links":{"self":[{"href":"https:\/\/www.simetria.com.co\/material-pop\/wp-json\/wp\/v2\/product\/1952","targetHints":{"allow":["GET"]}}],"collection":[{"href":"https:\/\/www.simetria.com.co\/material-pop\/wp-json\/wp\/v2\/product"}],"about":[{"href":"https:\/\/www.simetria.com.co\/material-pop\/wp-json\/wp\/v2\/types\/product"}],"wp:featuredmedia":[{"embeddable":true,"href":"https:\/\/www.simetria.com.co\/material-pop\/wp-json\/wp\/v2\/media\/1964"}],"wp:attachment":[{"href":"https:\/\/www.simetria.com.co\/material-pop\/wp-json\/wp\/v2\/media?parent=1952"}],"wp:term":[{"taxonomy":"product_brand","embeddable":true,"href":"https:\/\/www.simetria.com.co\/material-pop\/wp-json\/wp\/v2\/product_brand?post=1952"},{"taxonomy":"product_cat","embeddable":true,"href":"https:\/\/www.simetria.com.co\/material-pop\/wp-json\/wp\/v2\/product_cat?post=1952"},{"taxonomy":"product_tag","embeddable":true,"href":"https:\/\/www.simetria.com.co\/material-pop\/wp-json\/wp\/v2\/product_tag?post=1952"}],"curies":[{"name":"wp","href":"https:\/\/api.w.org\/{rel}","templated":true}]}}