{"id":1998,"date":"2025-06-06T11:25:00","date_gmt":"2025-06-06T16:25:00","guid":{"rendered":"https:\/\/www.simetria.com.co\/material-pop\/?post_type=product&#038;p=1998"},"modified":"2025-07-11T13:03:24","modified_gmt":"2025-07-11T18:03:24","slug":"adhesivos-en-espejo","status":"publish","type":"product","link":"https:\/\/www.simetria.com.co\/material-pop\/producto\/adhesivos-en-espejo\/","title":{"rendered":"Adhesivos en Espejo"},"content":{"rendered":"","protected":false},"excerpt":{"rendered":"<p style=\"text-align: left;margin-top: 4%;\"><a style=\"text-decoration: none;\" href=\"\/cotiza-tu-idea\/\" rel=\"noopener\"><span class=\"ver2\">\u00a1Cotiza ya!<\/span><\/a><\/p>\n","protected":false},"featured_media":2059,"template":"","meta":{"_joinchat":[]},"product_brand":[],"product_cat":[177],"product_tag":[],"class_list":{"0":"post-1998","1":"product","2":"type-product","3":"status-publish","4":"has-post-thumbnail","6":"product_cat-para-neveras-y-refrigeradores-de-tienda","8":"first","9":"instock","10":"shipping-taxable","11":"product-type-simple","12":"add-to-wishlist-after_add_to_cart"},"yoast_head":"<!-- This site is optimized with the Yoast SEO plugin v27.1.1 - https:\/\/yoast.com\/product\/yoast-seo-wordpress\/ -->\n<title>Adhesivos en Espejo - Simetria Material POP<\/title>\n<meta name=\"robots\" content=\"index, follow, max-snippet:-1, max-image-preview:large, max-video-preview:-1\" \/>\n<link rel=\"canonical\" href=\"https:\/\/www.simetria.com.co\/material-pop\/producto\/adhesivos-en-espejo\/\" \/>\n<meta property=\"og:locale\" content=\"es_ES\" \/>\n<meta property=\"og:type\" content=\"article\" \/>\n<meta property=\"og:title\" content=\"Adhesivos en Espejo - Simetria Material POP\" \/>\n<meta property=\"og:description\" content=\"\u00a1Cotiza ya!\" \/>\n<meta property=\"og:url\" content=\"https:\/\/www.simetria.com.co\/material-pop\/producto\/adhesivos-en-espejo\/\" \/>\n<meta property=\"og:site_name\" content=\"Simetria Material POP\" \/>\n<meta property=\"article:modified_time\" content=\"2025-07-11T18:03:24+00:00\" \/>\n<meta property=\"og:image\" content=\"https:\/\/www.simetria.com.co\/material-pop\/wp-content\/uploads\/2025\/06\/Material-P.O.P-Material-para-nevera-y-refrigeradores-Adhesivos-en-espejo--scaled.jpg\" \/>\n\t<meta property=\"og:image:width\" content=\"2560\" \/>\n\t<meta property=\"og:image:height\" content=\"2560\" \/>\n\t<meta property=\"og:image:type\" content=\"image\/jpeg\" \/>\n<meta name=\"twitter:card\" content=\"summary_large_image\" \/>\n<meta name=\"twitter:label1\" content=\"Tiempo de lectura\" \/>\n\t<meta name=\"twitter:data1\" content=\"1 minuto\" \/>\n<script type=\"application\/ld+json\" class=\"yoast-schema-graph\">{\"@context\":\"https:\/\/schema.org\",\"@graph\":[{\"@type\":\"WebPage\",\"@id\":\"https:\/\/www.simetria.com.co\/material-pop\/producto\/adhesivos-en-espejo\/\",\"url\":\"https:\/\/www.simetria.com.co\/material-pop\/producto\/adhesivos-en-espejo\/\",\"name\":\"Adhesivos en Espejo - Simetria Material POP\",\"isPartOf\":{\"@id\":\"https:\/\/www.simetria.com.co\/material-pop\/#website\"},\"primaryImageOfPage\":{\"@id\":\"https:\/\/www.simetria.com.co\/material-pop\/producto\/adhesivos-en-espejo\/#primaryimage\"},\"image\":{\"@id\":\"https:\/\/www.simetria.com.co\/material-pop\/producto\/adhesivos-en-espejo\/#primaryimage\"},\"thumbnailUrl\":\"https:\/\/www.simetria.com.co\/material-pop\/wp-content\/uploads\/2025\/06\/Material-P.O.P-Material-para-nevera-y-refrigeradores-Adhesivos-en-espejo--scaled.jpg\",\"datePublished\":\"2025-06-06T16:25:00+00:00\",\"dateModified\":\"2025-07-11T18:03:24+00:00\",\"breadcrumb\":{\"@id\":\"https:\/\/www.simetria.com.co\/material-pop\/producto\/adhesivos-en-espejo\/#breadcrumb\"},\"inLanguage\":\"es-CO\",\"potentialAction\":[{\"@type\":\"ReadAction\",\"target\":[\"https:\/\/www.simetria.com.co\/material-pop\/producto\/adhesivos-en-espejo\/\"]}]},{\"@type\":\"ImageObject\",\"inLanguage\":\"es-CO\",\"@id\":\"https:\/\/www.simetria.com.co\/material-pop\/producto\/adhesivos-en-espejo\/#primaryimage\",\"url\":\"https:\/\/www.simetria.com.co\/material-pop\/wp-content\/uploads\/2025\/06\/Material-P.O.P-Material-para-nevera-y-refrigeradores-Adhesivos-en-espejo--scaled.jpg\",\"contentUrl\":\"https:\/\/www.simetria.com.co\/material-pop\/wp-content\/uploads\/2025\/06\/Material-P.O.P-Material-para-nevera-y-refrigeradores-Adhesivos-en-espejo--scaled.jpg\",\"width\":2560,\"height\":2560,\"caption\":\"Adhesivos Removibles promocionales para espejos, ideales para campa\u00f1as visuales en puntos de venta. Producto de la categor\u00eda Material POP, subcategor\u00eda Para neveras y Refrigeradores.\"},{\"@type\":\"BreadcrumbList\",\"@id\":\"https:\/\/www.simetria.com.co\/material-pop\/producto\/adhesivos-en-espejo\/#breadcrumb\",\"itemListElement\":[{\"@type\":\"ListItem\",\"position\":1,\"name\":\"Inicio\",\"item\":\"https:\/\/www.simetria.com.co\/material-pop\/\"},{\"@type\":\"ListItem\",\"position\":2,\"name\":\"Productos\",\"item\":\"https:\/\/www.simetria.com.co\/material-pop\/tienda__trashed\/\"},{\"@type\":\"ListItem\",\"position\":3,\"name\":\"Adhesivos en Espejo\"}]},{\"@type\":\"WebSite\",\"@id\":\"https:\/\/www.simetria.com.co\/material-pop\/#website\",\"url\":\"https:\/\/www.simetria.com.co\/material-pop\/\",\"name\":\"simetria.com.co\/material-pop\/\",\"description\":\"Simetria Material POP\",\"publisher\":{\"@id\":\"https:\/\/www.simetria.com.co\/material-pop\/#organization\"},\"potentialAction\":[{\"@type\":\"SearchAction\",\"target\":{\"@type\":\"EntryPoint\",\"urlTemplate\":\"https:\/\/www.simetria.com.co\/material-pop\/?s={search_term_string}\"},\"query-input\":{\"@type\":\"PropertyValueSpecification\",\"valueRequired\":true,\"valueName\":\"search_term_string\"}}],\"inLanguage\":\"es-CO\"},{\"@type\":\"Organization\",\"@id\":\"https:\/\/www.simetria.com.co\/material-pop\/#organization\",\"name\":\"Simetria Material POP\",\"url\":\"https:\/\/www.simetria.com.co\/material-pop\/\",\"logo\":{\"@type\":\"ImageObject\",\"inLanguage\":\"es-CO\",\"@id\":\"https:\/\/www.simetria.com.co\/material-pop\/#\/schema\/logo\/image\/\",\"url\":\"https:\/\/www.simetria.com.co\/material-pop\/wp-content\/uploads\/2025\/07\/logo-simetria5.png\",\"contentUrl\":\"https:\/\/www.simetria.com.co\/material-pop\/wp-content\/uploads\/2025\/07\/logo-simetria5.png\",\"width\":393,\"height\":354,\"caption\":\"Simetria Material POP\"},\"image\":{\"@id\":\"https:\/\/www.simetria.com.co\/material-pop\/#\/schema\/logo\/image\/\"},\"sameAs\":[\"https:\/\/www.instagram.com\/simetria_s.a.s\/\"]}]}<\/script>\n<!-- \/ Yoast SEO plugin. -->","yoast_head_json":{"title":"Adhesivos en Espejo - Simetria Material POP","robots":{"index":"index","follow":"follow","max-snippet":"max-snippet:-1","max-image-preview":"max-image-preview:large","max-video-preview":"max-video-preview:-1"},"canonical":"https:\/\/www.simetria.com.co\/material-pop\/producto\/adhesivos-en-espejo\/","og_locale":"es_ES","og_type":"article","og_title":"Adhesivos en Espejo - Simetria Material POP","og_description":"\u00a1Cotiza ya!","og_url":"https:\/\/www.simetria.com.co\/material-pop\/producto\/adhesivos-en-espejo\/","og_site_name":"Simetria Material POP","article_modified_time":"2025-07-11T18:03:24+00:00","og_image":[{"width":2560,"height":2560,"url":"https:\/\/www.simetria.com.co\/material-pop\/wp-content\/uploads\/2025\/06\/Material-P.O.P-Material-para-nevera-y-refrigeradores-Adhesivos-en-espejo--scaled.jpg","type":"image\/jpeg"}],"twitter_card":"summary_large_image","twitter_misc":{"Tiempo de lectura":"1 minuto"},"schema":{"@context":"https:\/\/schema.org","@graph":[{"@type":"WebPage","@id":"https:\/\/www.simetria.com.co\/material-pop\/producto\/adhesivos-en-espejo\/","url":"https:\/\/www.simetria.com.co\/material-pop\/producto\/adhesivos-en-espejo\/","name":"Adhesivos en Espejo - Simetria Material POP","isPartOf":{"@id":"https:\/\/www.simetria.com.co\/material-pop\/#website"},"primaryImageOfPage":{"@id":"https:\/\/www.simetria.com.co\/material-pop\/producto\/adhesivos-en-espejo\/#primaryimage"},"image":{"@id":"https:\/\/www.simetria.com.co\/material-pop\/producto\/adhesivos-en-espejo\/#primaryimage"},"thumbnailUrl":"https:\/\/www.simetria.com.co\/material-pop\/wp-content\/uploads\/2025\/06\/Material-P.O.P-Material-para-nevera-y-refrigeradores-Adhesivos-en-espejo--scaled.jpg","datePublished":"2025-06-06T16:25:00+00:00","dateModified":"2025-07-11T18:03:24+00:00","breadcrumb":{"@id":"https:\/\/www.simetria.com.co\/material-pop\/producto\/adhesivos-en-espejo\/#breadcrumb"},"inLanguage":"es-CO","potentialAction":[{"@type":"ReadAction","target":["https:\/\/www.simetria.com.co\/material-pop\/producto\/adhesivos-en-espejo\/"]}]},{"@type":"ImageObject","inLanguage":"es-CO","@id":"https:\/\/www.simetria.com.co\/material-pop\/producto\/adhesivos-en-espejo\/#primaryimage","url":"https:\/\/www.simetria.com.co\/material-pop\/wp-content\/uploads\/2025\/06\/Material-P.O.P-Material-para-nevera-y-refrigeradores-Adhesivos-en-espejo--scaled.jpg","contentUrl":"https:\/\/www.simetria.com.co\/material-pop\/wp-content\/uploads\/2025\/06\/Material-P.O.P-Material-para-nevera-y-refrigeradores-Adhesivos-en-espejo--scaled.jpg","width":2560,"height":2560,"caption":"Adhesivos Removibles promocionales para espejos, ideales para campa\u00f1as visuales en puntos de venta. Producto de la categor\u00eda Material POP, subcategor\u00eda Para neveras y Refrigeradores."},{"@type":"BreadcrumbList","@id":"https:\/\/www.simetria.com.co\/material-pop\/producto\/adhesivos-en-espejo\/#breadcrumb","itemListElement":[{"@type":"ListItem","position":1,"name":"Inicio","item":"https:\/\/www.simetria.com.co\/material-pop\/"},{"@type":"ListItem","position":2,"name":"Productos","item":"https:\/\/www.simetria.com.co\/material-pop\/tienda__trashed\/"},{"@type":"ListItem","position":3,"name":"Adhesivos en Espejo"}]},{"@type":"WebSite","@id":"https:\/\/www.simetria.com.co\/material-pop\/#website","url":"https:\/\/www.simetria.com.co\/material-pop\/","name":"simetria.com.co\/material-pop\/","description":"Simetria Material POP","publisher":{"@id":"https:\/\/www.simetria.com.co\/material-pop\/#organization"},"potentialAction":[{"@type":"SearchAction","target":{"@type":"EntryPoint","urlTemplate":"https:\/\/www.simetria.com.co\/material-pop\/?s={search_term_string}"},"query-input":{"@type":"PropertyValueSpecification","valueRequired":true,"valueName":"search_term_string"}}],"inLanguage":"es-CO"},{"@type":"Organization","@id":"https:\/\/www.simetria.com.co\/material-pop\/#organization","name":"Simetria Material POP","url":"https:\/\/www.simetria.com.co\/material-pop\/","logo":{"@type":"ImageObject","inLanguage":"es-CO","@id":"https:\/\/www.simetria.com.co\/material-pop\/#\/schema\/logo\/image\/","url":"https:\/\/www.simetria.com.co\/material-pop\/wp-content\/uploads\/2025\/07\/logo-simetria5.png","contentUrl":"https:\/\/www.simetria.com.co\/material-pop\/wp-content\/uploads\/2025\/07\/logo-simetria5.png","width":393,"height":354,"caption":"Simetria Material POP"},"image":{"@id":"https:\/\/www.simetria.com.co\/material-pop\/#\/schema\/logo\/image\/"},"sameAs":["https:\/\/www.instagram.com\/simetria_s.a.s\/"]}]}},"_links":{"self":[{"href":"https:\/\/www.simetria.com.co\/material-pop\/wp-json\/wp\/v2\/product\/1998","targetHints":{"allow":["GET"]}}],"collection":[{"href":"https:\/\/www.simetria.com.co\/material-pop\/wp-json\/wp\/v2\/product"}],"about":[{"href":"https:\/\/www.simetria.com.co\/material-pop\/wp-json\/wp\/v2\/types\/product"}],"wp:featuredmedia":[{"embeddable":true,"href":"https:\/\/www.simetria.com.co\/material-pop\/wp-json\/wp\/v2\/media\/2059"}],"wp:attachment":[{"href":"https:\/\/www.simetria.com.co\/material-pop\/wp-json\/wp\/v2\/media?parent=1998"}],"wp:term":[{"taxonomy":"product_brand","embeddable":true,"href":"https:\/\/www.simetria.com.co\/material-pop\/wp-json\/wp\/v2\/product_brand?post=1998"},{"taxonomy":"product_cat","embeddable":true,"href":"https:\/\/www.simetria.com.co\/material-pop\/wp-json\/wp\/v2\/product_cat?post=1998"},{"taxonomy":"product_tag","embeddable":true,"href":"https:\/\/www.simetria.com.co\/material-pop\/wp-json\/wp\/v2\/product_tag?post=1998"}],"curies":[{"name":"wp","href":"https:\/\/api.w.org\/{rel}","templated":true}]}}