{"id":2140,"date":"2025-06-09T11:19:59","date_gmt":"2025-06-09T16:19:59","guid":{"rendered":"https:\/\/www.simetria.com.co\/regalos-corporativos\/?post_type=product&#038;p=2140"},"modified":"2026-01-13T10:55:03","modified_gmt":"2026-01-13T15:55:03","slug":"calendario-de-escritorio","status":"publish","type":"product","link":"https:\/\/www.simetria.com.co\/productos-en-microfibra\/producto\/calendario-de-escritorio\/","title":{"rendered":"Calendario de Escritorio"},"content":{"rendered":"","protected":false},"excerpt":{"rendered":"<p><strong>Calendarios de escritorio: Marcas visibles los 365 d\u00edas del a\u00f1o<\/strong><\/p>\n<p>Con los calendarios de escritorio obtienes un promocional duradero con funcionalidad y recordaci\u00f3n constante de marca; cuando lo obsequias ten por seguro que ver\u00e1n tu marca mes a mes. Podemos personalizarlos para que sostengan notas, recordatorios o mensajes importantes junto al calendario, sus funciones pueden ser variadas. <\/p>\n<p>Se fabrican completamente personalizados con el logo, colores y mensajes de tu empresa, en el tama\u00f1o, forma y cantidad que necesites. Su utilidad y dise\u00f1o atractivo los convierten en una excelente opci\u00f3n dentro de cualquier estrategia de marketing corporativo que puedes dar como promocional en activaciones BTL, marketing de afiliados, kits escolares o campa\u00f1as durante los primeros d\u00edas del a\u00f1o.<\/p>\n<p>\u2705<strong>Pedido m\u00ednimo:<\/strong> 500 unidades<br \/>\n\ud83c\udfa8Personalizaci\u00f3n completa con tu imagen de marca<br \/>\n\ud83c\udf81Regalo empresarial \u00fatil, duradero y con visibilidad permanente<br \/>\n\ud83d\udc49\ud83c\udffb<strong>Hablemos ahora<\/strong> y para que tu marca acompa\u00f1e cada d\u00eda de trabajo de tus clientes.<\/p>\n<p style=\"text-align: left;margin-top: 4%;\"><a style=\"text-decoration: none;\" href=\"\/cotiza-tu-idea\/\" rel=\"noopener\"><span class=\"ver2\">\u00a1Cotiza ya!<\/span><\/a><\/p>\n","protected":false},"featured_media":2648,"template":"","meta":{"_joinchat":[]},"product_brand":[],"product_cat":[178],"product_tag":[105,67,68,30,31,69,32],"class_list":{"0":"post-2140","1":"product","2":"type-product","3":"status-publish","4":"has-post-thumbnail","6":"product_cat-regalos-para-oficina","7":"product_tag-calendario-de-escritorio","8":"product_tag-calendarios","9":"product_tag-planeadores","10":"product_tag-productos-promocionales","11":"product_tag-simetria","12":"product_tag-tableros-borrables","13":"product_tag-visibilidad-de-marca","15":"first","16":"instock","17":"shipping-taxable","18":"product-type-simple","19":"add-to-wishlist-after_add_to_cart"},"yoast_head":"<!-- This site is optimized with the Yoast SEO plugin v27.1.1 - https:\/\/yoast.com\/product\/yoast-seo-wordpress\/ -->\n<title>Calendario de Escritorio - Simetria Regalos Corporativos<\/title>\n<meta name=\"robots\" content=\"index, follow, max-snippet:-1, max-image-preview:large, max-video-preview:-1\" \/>\n<link rel=\"canonical\" href=\"https:\/\/www.simetria.com.co\/regalos-corporativos\/producto\/calendario-de-escritorio\/\" \/>\n<meta property=\"og:locale\" content=\"es_ES\" \/>\n<meta property=\"og:type\" content=\"article\" \/>\n<meta property=\"og:title\" content=\"Calendario de Escritorio - Simetria Regalos Corporativos\" \/>\n<meta property=\"og:description\" content=\"Calendarios de escritorio: Marcas visibles los 365 d\u00edas del a\u00f1o  Con los calendarios de escritorio obtienes un promocional duradero con funcionalidad y recordaci\u00f3n constante de marca; cuando lo obsequias ten por seguro que ver\u00e1n tu marca mes a mes. Podemos personalizarlos para que sostengan notas, recordatorios o mensajes importantes junto al calendario, sus funciones pueden ser variadas.   Se fabrican completamente personalizados con el logo, colores y mensajes de tu empresa, en el tama\u00f1o, forma y cantidad que necesites. Su utilidad y dise\u00f1o atractivo los convierten en una excelente opci\u00f3n dentro de cualquier estrategia de marketing corporativo que puedes dar como promocional en activaciones BTL, marketing de afiliados, kits escolares o campa\u00f1as durante los primeros d\u00edas del a\u00f1o.  \u2705Pedido m\u00ednimo: 500 unidades  \ud83c\udfa8Personalizaci\u00f3n completa con tu imagen de marca  \ud83c\udf81Regalo empresarial \u00fatil, duradero y con visibilidad permanente \ud83d\udc49\ud83c\udffbHablemos ahora y para que tu marca acompa\u00f1e cada d\u00eda de trabajo de tus clientes.  \u00a1Cotiza ya!\" \/>\n<meta property=\"og:url\" content=\"https:\/\/www.simetria.com.co\/regalos-corporativos\/producto\/calendario-de-escritorio\/\" \/>\n<meta property=\"og:site_name\" content=\"Simetria Regalos Corporativos\" \/>\n<meta property=\"article:modified_time\" content=\"2026-01-13T15:55:03+00:00\" \/>\n<meta property=\"og:image\" content=\"https:\/\/www.simetria.com.co\/regalos-corporativos\/wp-content\/uploads\/2025\/10\/calendario-de-escritorio-scaled.jpg\" \/>\n\t<meta property=\"og:image:width\" content=\"2560\" \/>\n\t<meta property=\"og:image:height\" content=\"2560\" \/>\n\t<meta property=\"og:image:type\" content=\"image\/jpeg\" \/>\n<meta name=\"twitter:card\" content=\"summary_large_image\" \/>\n<meta name=\"twitter:label1\" content=\"Tiempo de lectura\" \/>\n\t<meta name=\"twitter:data1\" content=\"1 minuto\" \/>\n<script type=\"application\/ld+json\" class=\"yoast-schema-graph\">{\"@context\":\"https:\/\/schema.org\",\"@graph\":[{\"@type\":\"WebPage\",\"@id\":\"https:\/\/www.simetria.com.co\/regalos-corporativos\/producto\/calendario-de-escritorio\/\",\"url\":\"https:\/\/www.simetria.com.co\/regalos-corporativos\/producto\/calendario-de-escritorio\/\",\"name\":\"Calendario de Escritorio - Simetria Regalos Corporativos\",\"isPartOf\":{\"@id\":\"https:\/\/www.simetria.com.co\/regalos-corporativos\/#website\"},\"primaryImageOfPage\":{\"@id\":\"https:\/\/www.simetria.com.co\/regalos-corporativos\/producto\/calendario-de-escritorio\/#primaryimage\"},\"image\":{\"@id\":\"https:\/\/www.simetria.com.co\/regalos-corporativos\/producto\/calendario-de-escritorio\/#primaryimage\"},\"thumbnailUrl\":\"https:\/\/www.simetria.com.co\/productos-en-microfibra\/wp-content\/uploads\/2025\/10\/calendario-de-escritorio-scaled.jpg\",\"datePublished\":\"2025-06-09T16:19:59+00:00\",\"dateModified\":\"2026-01-13T15:55:03+00:00\",\"breadcrumb\":{\"@id\":\"https:\/\/www.simetria.com.co\/regalos-corporativos\/producto\/calendario-de-escritorio\/#breadcrumb\"},\"inLanguage\":\"es-CO\",\"potentialAction\":[{\"@type\":\"ReadAction\",\"target\":[\"https:\/\/www.simetria.com.co\/regalos-corporativos\/producto\/calendario-de-escritorio\/\"]}]},{\"@type\":\"ImageObject\",\"inLanguage\":\"es-CO\",\"@id\":\"https:\/\/www.simetria.com.co\/regalos-corporativos\/producto\/calendario-de-escritorio\/#primaryimage\",\"url\":\"https:\/\/www.simetria.com.co\/productos-en-microfibra\/wp-content\/uploads\/2025\/10\/calendario-de-escritorio-scaled.jpg\",\"contentUrl\":\"https:\/\/www.simetria.com.co\/productos-en-microfibra\/wp-content\/uploads\/2025\/10\/calendario-de-escritorio-scaled.jpg\",\"width\":2560,\"height\":2560,\"caption\":\"Calendario de escritorio con planeador y marcador borrable negro, perfecto para regalos empresariales.\"},{\"@type\":\"BreadcrumbList\",\"@id\":\"https:\/\/www.simetria.com.co\/regalos-corporativos\/producto\/calendario-de-escritorio\/#breadcrumb\",\"itemListElement\":[{\"@type\":\"ListItem\",\"position\":1,\"name\":\"Inicio\",\"item\":\"https:\/\/www.simetria.com.co\/textiles-promocionales\/\"},{\"@type\":\"ListItem\",\"position\":2,\"name\":\"Productos\",\"item\":\"https:\/\/www.simetria.com.co\/regalos-corporativos\/tienda__trashed\/\"},{\"@type\":\"ListItem\",\"position\":3,\"name\":\"Calendario de Escritorio\"}]},{\"@type\":\"WebSite\",\"@id\":\"https:\/\/www.simetria.com.co\/regalos-corporativos\/#website\",\"url\":\"https:\/\/www.simetria.com.co\/regalos-corporativos\/\",\"name\":\"simetria.com.co\/regalos-corporativos\/\",\"description\":\"Regalos Corporativos\",\"publisher\":{\"@id\":\"https:\/\/www.simetria.com.co\/regalos-corporativos\/#organization\"},\"potentialAction\":[{\"@type\":\"SearchAction\",\"target\":{\"@type\":\"EntryPoint\",\"urlTemplate\":\"https:\/\/www.simetria.com.co\/regalos-corporativos\/?s={search_term_string}\"},\"query-input\":{\"@type\":\"PropertyValueSpecification\",\"valueRequired\":true,\"valueName\":\"search_term_string\"}}],\"inLanguage\":\"es-CO\"},{\"@type\":\"Organization\",\"@id\":\"https:\/\/www.simetria.com.co\/regalos-corporativos\/#organization\",\"name\":\"Simetria\",\"url\":\"https:\/\/www.simetria.com.co\/regalos-corporativos\/\",\"logo\":{\"@type\":\"ImageObject\",\"inLanguage\":\"es-CO\",\"@id\":\"https:\/\/www.simetria.com.co\/regalos-corporativos\/#\/schema\/logo\/image\/\",\"url\":\"https:\/\/www.simetria.com.co\/regalos-corporativos\/wp-content\/uploads\/2025\/07\/logo-simetria5.png\",\"contentUrl\":\"https:\/\/www.simetria.com.co\/regalos-corporativos\/wp-content\/uploads\/2025\/07\/logo-simetria5.png\",\"width\":393,\"height\":354,\"caption\":\"Simetria\"},\"image\":{\"@id\":\"https:\/\/www.simetria.com.co\/regalos-corporativos\/#\/schema\/logo\/image\/\"},\"sameAs\":[\"https:\/\/www.instagram.com\/simetria_s.a.s\/\"]}]}<\/script>\n<!-- \/ Yoast SEO plugin. -->","yoast_head_json":{"title":"Calendario de Escritorio - Simetria Regalos Corporativos","robots":{"index":"index","follow":"follow","max-snippet":"max-snippet:-1","max-image-preview":"max-image-preview:large","max-video-preview":"max-video-preview:-1"},"canonical":"https:\/\/www.simetria.com.co\/regalos-corporativos\/producto\/calendario-de-escritorio\/","og_locale":"es_ES","og_type":"article","og_title":"Calendario de Escritorio - Simetria Regalos Corporativos","og_description":"Calendarios de escritorio: Marcas visibles los 365 d\u00edas del a\u00f1o  Con los calendarios de escritorio obtienes un promocional duradero con funcionalidad y recordaci\u00f3n constante de marca; cuando lo obsequias ten por seguro que ver\u00e1n tu marca mes a mes. Podemos personalizarlos para que sostengan notas, recordatorios o mensajes importantes junto al calendario, sus funciones pueden ser variadas.   Se fabrican completamente personalizados con el logo, colores y mensajes de tu empresa, en el tama\u00f1o, forma y cantidad que necesites. Su utilidad y dise\u00f1o atractivo los convierten en una excelente opci\u00f3n dentro de cualquier estrategia de marketing corporativo que puedes dar como promocional en activaciones BTL, marketing de afiliados, kits escolares o campa\u00f1as durante los primeros d\u00edas del a\u00f1o.  \u2705Pedido m\u00ednimo: 500 unidades  \ud83c\udfa8Personalizaci\u00f3n completa con tu imagen de marca  \ud83c\udf81Regalo empresarial \u00fatil, duradero y con visibilidad permanente \ud83d\udc49\ud83c\udffbHablemos ahora y para que tu marca acompa\u00f1e cada d\u00eda de trabajo de tus clientes.  \u00a1Cotiza ya!","og_url":"https:\/\/www.simetria.com.co\/regalos-corporativos\/producto\/calendario-de-escritorio\/","og_site_name":"Simetria Regalos Corporativos","article_modified_time":"2026-01-13T15:55:03+00:00","og_image":[{"width":2560,"height":2560,"url":"https:\/\/www.simetria.com.co\/regalos-corporativos\/wp-content\/uploads\/2025\/10\/calendario-de-escritorio-scaled.jpg","type":"image\/jpeg"}],"twitter_card":"summary_large_image","twitter_misc":{"Tiempo de lectura":"1 minuto"},"schema":{"@context":"https:\/\/schema.org","@graph":[{"@type":"WebPage","@id":"https:\/\/www.simetria.com.co\/regalos-corporativos\/producto\/calendario-de-escritorio\/","url":"https:\/\/www.simetria.com.co\/regalos-corporativos\/producto\/calendario-de-escritorio\/","name":"Calendario de Escritorio - Simetria Regalos Corporativos","isPartOf":{"@id":"https:\/\/www.simetria.com.co\/regalos-corporativos\/#website"},"primaryImageOfPage":{"@id":"https:\/\/www.simetria.com.co\/regalos-corporativos\/producto\/calendario-de-escritorio\/#primaryimage"},"image":{"@id":"https:\/\/www.simetria.com.co\/regalos-corporativos\/producto\/calendario-de-escritorio\/#primaryimage"},"thumbnailUrl":"https:\/\/www.simetria.com.co\/productos-en-microfibra\/wp-content\/uploads\/2025\/10\/calendario-de-escritorio-scaled.jpg","datePublished":"2025-06-09T16:19:59+00:00","dateModified":"2026-01-13T15:55:03+00:00","breadcrumb":{"@id":"https:\/\/www.simetria.com.co\/regalos-corporativos\/producto\/calendario-de-escritorio\/#breadcrumb"},"inLanguage":"es-CO","potentialAction":[{"@type":"ReadAction","target":["https:\/\/www.simetria.com.co\/regalos-corporativos\/producto\/calendario-de-escritorio\/"]}]},{"@type":"ImageObject","inLanguage":"es-CO","@id":"https:\/\/www.simetria.com.co\/regalos-corporativos\/producto\/calendario-de-escritorio\/#primaryimage","url":"https:\/\/www.simetria.com.co\/productos-en-microfibra\/wp-content\/uploads\/2025\/10\/calendario-de-escritorio-scaled.jpg","contentUrl":"https:\/\/www.simetria.com.co\/productos-en-microfibra\/wp-content\/uploads\/2025\/10\/calendario-de-escritorio-scaled.jpg","width":2560,"height":2560,"caption":"Calendario de escritorio con planeador y marcador borrable negro, perfecto para regalos empresariales."},{"@type":"BreadcrumbList","@id":"https:\/\/www.simetria.com.co\/regalos-corporativos\/producto\/calendario-de-escritorio\/#breadcrumb","itemListElement":[{"@type":"ListItem","position":1,"name":"Inicio","item":"https:\/\/www.simetria.com.co\/textiles-promocionales\/"},{"@type":"ListItem","position":2,"name":"Productos","item":"https:\/\/www.simetria.com.co\/regalos-corporativos\/tienda__trashed\/"},{"@type":"ListItem","position":3,"name":"Calendario de Escritorio"}]},{"@type":"WebSite","@id":"https:\/\/www.simetria.com.co\/regalos-corporativos\/#website","url":"https:\/\/www.simetria.com.co\/regalos-corporativos\/","name":"simetria.com.co\/regalos-corporativos\/","description":"Regalos Corporativos","publisher":{"@id":"https:\/\/www.simetria.com.co\/regalos-corporativos\/#organization"},"potentialAction":[{"@type":"SearchAction","target":{"@type":"EntryPoint","urlTemplate":"https:\/\/www.simetria.com.co\/regalos-corporativos\/?s={search_term_string}"},"query-input":{"@type":"PropertyValueSpecification","valueRequired":true,"valueName":"search_term_string"}}],"inLanguage":"es-CO"},{"@type":"Organization","@id":"https:\/\/www.simetria.com.co\/regalos-corporativos\/#organization","name":"Simetria","url":"https:\/\/www.simetria.com.co\/regalos-corporativos\/","logo":{"@type":"ImageObject","inLanguage":"es-CO","@id":"https:\/\/www.simetria.com.co\/regalos-corporativos\/#\/schema\/logo\/image\/","url":"https:\/\/www.simetria.com.co\/regalos-corporativos\/wp-content\/uploads\/2025\/07\/logo-simetria5.png","contentUrl":"https:\/\/www.simetria.com.co\/regalos-corporativos\/wp-content\/uploads\/2025\/07\/logo-simetria5.png","width":393,"height":354,"caption":"Simetria"},"image":{"@id":"https:\/\/www.simetria.com.co\/regalos-corporativos\/#\/schema\/logo\/image\/"},"sameAs":["https:\/\/www.instagram.com\/simetria_s.a.s\/"]}]}},"_links":{"self":[{"href":"https:\/\/www.simetria.com.co\/productos-en-microfibra\/wp-json\/wp\/v2\/product\/2140","targetHints":{"allow":["GET"]}}],"collection":[{"href":"https:\/\/www.simetria.com.co\/productos-en-microfibra\/wp-json\/wp\/v2\/product"}],"about":[{"href":"https:\/\/www.simetria.com.co\/productos-en-microfibra\/wp-json\/wp\/v2\/types\/product"}],"wp:featuredmedia":[{"embeddable":true,"href":"https:\/\/www.simetria.com.co\/productos-en-microfibra\/wp-json\/wp\/v2\/media\/2648"}],"wp:attachment":[{"href":"https:\/\/www.simetria.com.co\/productos-en-microfibra\/wp-json\/wp\/v2\/media?parent=2140"}],"wp:term":[{"taxonomy":"product_brand","embeddable":true,"href":"https:\/\/www.simetria.com.co\/productos-en-microfibra\/wp-json\/wp\/v2\/product_brand?post=2140"},{"taxonomy":"product_cat","embeddable":true,"href":"https:\/\/www.simetria.com.co\/productos-en-microfibra\/wp-json\/wp\/v2\/product_cat?post=2140"},{"taxonomy":"product_tag","embeddable":true,"href":"https:\/\/www.simetria.com.co\/productos-en-microfibra\/wp-json\/wp\/v2\/product_tag?post=2140"}],"curies":[{"name":"wp","href":"https:\/\/api.w.org\/{rel}","templated":true}]}}