{"id":2231,"date":"2025-06-09T13:25:56","date_gmt":"2025-06-09T18:25:56","guid":{"rendered":"https:\/\/www.simetria.com.co\/regalos-corporativos\/?post_type=product&#038;p=2231"},"modified":"2025-07-11T12:36:49","modified_gmt":"2025-07-11T17:36:49","slug":"ajedrez-magnetico","status":"publish","type":"product","link":"https:\/\/www.simetria.com.co\/productos-en-microfibra\/producto\/ajedrez-magnetico\/","title":{"rendered":"Ajedrez Magn\u00e9tico"},"content":{"rendered":"","protected":false},"excerpt":{"rendered":"<p><strong>Ajedrez promocional con imanes: Un obsequio para marcas inteligentes<\/strong><\/p>\n<p>El <strong>ajedrez magn\u00e9tico<\/strong> es un obsequio corporativo duradero, ideal para marcas que buscan conectar con su audiencia a trav\u00e9s del pensamiento estrat\u00e9gico, la creatividad y el aprendizaje.<\/p>\n<p>Dise\u00f1ado para ni\u00f1os, j\u00f3venes y adultos, este juego estimula la <strong>agilidad mental, la toma de decisiones y la concentraci\u00f3n<\/strong>, convirti\u00e9ndose en una herramienta valiosa tanto para el entretenimiento como para el desarrollo cognitivo.<\/p>\n<p>Incluye un<strong> tablero especial para jugar<\/strong> con fichas magn\u00e9ticas que se mantienen firmes en su lugar. Es perfecto para hogares, oficinas, aulas o espacios de espera.<\/p>\n<p>Cada juego es <strong>100% personalizado<\/strong> con tu imagen de marca o concepto de campa\u00f1a, tanto en el dise\u00f1o del tablero como en el estilo de las piezas (planas o con espumado).<\/p>\n<p>\u2705<strong>Pedido m\u00ednimo:<\/strong> 500 unidades<br \/>\n\u265f\ufe0fEstimula la l\u00f3gica y el pensamiento estrat\u00e9gico<br \/>\n\ud83e\uddf2Tablero magn\u00e9tico con fichas adherentes<br \/>\n\ud83c\udfa8Personalizaci\u00f3n completa en dise\u00f1o y empaque<br \/>\n\ud83d\udce6Ideal como producto educativo, corporativo o promocional<br \/>\n\ud83d\udc49\ud83c\udffb<strong>Solicita una cotizaci\u00f3n<\/strong> para tu empresa y deja que tu marca represente inteligencia, juego y recordaci\u00f3n.<\/p>\n<p style=\"text-align: left;margin-top: 4%;\"><a style=\"text-decoration: none;\" href=\"\/cotiza-tu-idea\/\" rel=\"noopener\"><span class=\"ver2\">\u00a1Cotiza ya!<\/span><\/a><\/p>\n","protected":false},"featured_media":2261,"template":"","meta":{"_joinchat":[]},"product_brand":[],"product_cat":[180],"product_tag":[88,89,58,59,60,30,31,32],"class_list":{"0":"post-2231","1":"product","2":"type-product","3":"status-publish","4":"has-post-thumbnail","6":"product_cat-juegos-promocionales","7":"product_tag-ajedrez","8":"product_tag-ajedrez-magnetico","9":"product_tag-juego-para-ninos","10":"product_tag-juegos-didacticos","11":"product_tag-juegos-para-la-familia","12":"product_tag-productos-promocionales","13":"product_tag-simetria","14":"product_tag-visibilidad-de-marca","16":"first","17":"instock","18":"shipping-taxable","19":"product-type-simple","20":"add-to-wishlist-after_add_to_cart"},"yoast_head":"<!-- This site is optimized with the Yoast SEO plugin v27.1.1 - https:\/\/yoast.com\/product\/yoast-seo-wordpress\/ -->\n<title>Ajedrez Magn\u00e9tico - Simetria Regalos Corporativos<\/title>\n<meta name=\"robots\" content=\"index, follow, max-snippet:-1, max-image-preview:large, max-video-preview:-1\" \/>\n<link rel=\"canonical\" href=\"https:\/\/www.simetria.com.co\/regalos-corporativos\/producto\/ajedrez-magnetico\/\" \/>\n<meta property=\"og:locale\" content=\"es_ES\" \/>\n<meta property=\"og:type\" content=\"article\" \/>\n<meta property=\"og:title\" content=\"Ajedrez Magn\u00e9tico - Simetria Regalos Corporativos\" \/>\n<meta property=\"og:description\" content=\"Ajedrez promocional con imanes: Un obsequio para marcas inteligentes  El ajedrez magn\u00e9tico es un obsequio corporativo duradero, ideal para marcas que buscan conectar con su audiencia a trav\u00e9s del pensamiento estrat\u00e9gico, la creatividad y el aprendizaje.  Dise\u00f1ado para ni\u00f1os, j\u00f3venes y adultos, este juego estimula la agilidad mental, la toma de decisiones y la concentraci\u00f3n, convirti\u00e9ndose en una herramienta valiosa tanto para el entretenimiento como para el desarrollo cognitivo.  Incluye un tablero especial para jugar con fichas magn\u00e9ticas que se mantienen firmes en su lugar. Es perfecto para hogares, oficinas, aulas o espacios de espera.  Cada juego es 100% personalizado con tu imagen de marca o concepto de campa\u00f1a, tanto en el dise\u00f1o del tablero como en el estilo de las piezas (planas o con espumado).  \u2705Pedido m\u00ednimo: 500 unidades  \u265f\ufe0fEstimula la l\u00f3gica y el pensamiento estrat\u00e9gico  \ud83e\uddf2Tablero magn\u00e9tico con fichas adherentes  \ud83c\udfa8Personalizaci\u00f3n completa en dise\u00f1o y empaque  \ud83d\udce6Ideal como producto educativo, corporativo o promocional \ud83d\udc49\ud83c\udffbSolicita una cotizaci\u00f3n para tu empresa y deja que tu marca represente inteligencia, juego y recordaci\u00f3n.  \u00a1Cotiza ya!\" \/>\n<meta property=\"og:url\" content=\"https:\/\/www.simetria.com.co\/regalos-corporativos\/producto\/ajedrez-magnetico\/\" \/>\n<meta property=\"og:site_name\" content=\"Simetria Regalos Corporativos\" \/>\n<meta property=\"article:modified_time\" content=\"2025-07-11T17:36:49+00:00\" \/>\n<meta property=\"og:image\" content=\"https:\/\/www.simetria.com.co\/regalos-corporativos\/wp-content\/uploads\/2025\/06\/ajedrez-magnetico-simetria.jpg\" \/>\n\t<meta property=\"og:image:width\" content=\"900\" \/>\n\t<meta property=\"og:image:height\" content=\"900\" \/>\n\t<meta property=\"og:image:type\" content=\"image\/jpeg\" \/>\n<meta name=\"twitter:card\" content=\"summary_large_image\" \/>\n<meta name=\"twitter:label1\" content=\"Tiempo de lectura\" \/>\n\t<meta name=\"twitter:data1\" content=\"1 minuto\" \/>\n<script type=\"application\/ld+json\" class=\"yoast-schema-graph\">{\"@context\":\"https:\/\/schema.org\",\"@graph\":[{\"@type\":\"WebPage\",\"@id\":\"https:\/\/www.simetria.com.co\/regalos-corporativos\/producto\/ajedrez-magnetico\/\",\"url\":\"https:\/\/www.simetria.com.co\/regalos-corporativos\/producto\/ajedrez-magnetico\/\",\"name\":\"Ajedrez Magn\u00e9tico - Simetria Regalos Corporativos\",\"isPartOf\":{\"@id\":\"https:\/\/www.simetria.com.co\/regalos-corporativos\/#website\"},\"primaryImageOfPage\":{\"@id\":\"https:\/\/www.simetria.com.co\/regalos-corporativos\/producto\/ajedrez-magnetico\/#primaryimage\"},\"image\":{\"@id\":\"https:\/\/www.simetria.com.co\/regalos-corporativos\/producto\/ajedrez-magnetico\/#primaryimage\"},\"thumbnailUrl\":\"https:\/\/www.simetria.com.co\/productos-en-microfibra\/wp-content\/uploads\/2025\/06\/ajedrez-magnetico-simetria.jpg\",\"datePublished\":\"2025-06-09T18:25:56+00:00\",\"dateModified\":\"2025-07-11T17:36:49+00:00\",\"breadcrumb\":{\"@id\":\"https:\/\/www.simetria.com.co\/regalos-corporativos\/producto\/ajedrez-magnetico\/#breadcrumb\"},\"inLanguage\":\"es-CO\",\"potentialAction\":[{\"@type\":\"ReadAction\",\"target\":[\"https:\/\/www.simetria.com.co\/regalos-corporativos\/producto\/ajedrez-magnetico\/\"]}]},{\"@type\":\"ImageObject\",\"inLanguage\":\"es-CO\",\"@id\":\"https:\/\/www.simetria.com.co\/regalos-corporativos\/producto\/ajedrez-magnetico\/#primaryimage\",\"url\":\"https:\/\/www.simetria.com.co\/productos-en-microfibra\/wp-content\/uploads\/2025\/06\/ajedrez-magnetico-simetria.jpg\",\"contentUrl\":\"https:\/\/www.simetria.com.co\/productos-en-microfibra\/wp-content\/uploads\/2025\/06\/ajedrez-magnetico-simetria.jpg\",\"width\":900,\"height\":900,\"caption\":\"Ajedrez magn\u00e9tico con tablero imantado y fichas personalizadas.\"},{\"@type\":\"BreadcrumbList\",\"@id\":\"https:\/\/www.simetria.com.co\/regalos-corporativos\/producto\/ajedrez-magnetico\/#breadcrumb\",\"itemListElement\":[{\"@type\":\"ListItem\",\"position\":1,\"name\":\"Inicio\",\"item\":\"https:\/\/www.simetria.com.co\/textiles-promocionales\/\"},{\"@type\":\"ListItem\",\"position\":2,\"name\":\"Productos\",\"item\":\"https:\/\/www.simetria.com.co\/regalos-corporativos\/tienda__trashed\/\"},{\"@type\":\"ListItem\",\"position\":3,\"name\":\"Ajedrez Magn\u00e9tico\"}]},{\"@type\":\"WebSite\",\"@id\":\"https:\/\/www.simetria.com.co\/regalos-corporativos\/#website\",\"url\":\"https:\/\/www.simetria.com.co\/regalos-corporativos\/\",\"name\":\"simetria.com.co\/regalos-corporativos\/\",\"description\":\"Regalos Corporativos\",\"publisher\":{\"@id\":\"https:\/\/www.simetria.com.co\/regalos-corporativos\/#organization\"},\"potentialAction\":[{\"@type\":\"SearchAction\",\"target\":{\"@type\":\"EntryPoint\",\"urlTemplate\":\"https:\/\/www.simetria.com.co\/regalos-corporativos\/?s={search_term_string}\"},\"query-input\":{\"@type\":\"PropertyValueSpecification\",\"valueRequired\":true,\"valueName\":\"search_term_string\"}}],\"inLanguage\":\"es-CO\"},{\"@type\":\"Organization\",\"@id\":\"https:\/\/www.simetria.com.co\/regalos-corporativos\/#organization\",\"name\":\"Simetria\",\"url\":\"https:\/\/www.simetria.com.co\/regalos-corporativos\/\",\"logo\":{\"@type\":\"ImageObject\",\"inLanguage\":\"es-CO\",\"@id\":\"https:\/\/www.simetria.com.co\/regalos-corporativos\/#\/schema\/logo\/image\/\",\"url\":\"https:\/\/www.simetria.com.co\/regalos-corporativos\/wp-content\/uploads\/2025\/07\/logo-simetria5.png\",\"contentUrl\":\"https:\/\/www.simetria.com.co\/regalos-corporativos\/wp-content\/uploads\/2025\/07\/logo-simetria5.png\",\"width\":393,\"height\":354,\"caption\":\"Simetria\"},\"image\":{\"@id\":\"https:\/\/www.simetria.com.co\/regalos-corporativos\/#\/schema\/logo\/image\/\"},\"sameAs\":[\"https:\/\/www.instagram.com\/simetria_s.a.s\/\"]}]}<\/script>\n<!-- \/ Yoast SEO plugin. -->","yoast_head_json":{"title":"Ajedrez Magn\u00e9tico - Simetria Regalos Corporativos","robots":{"index":"index","follow":"follow","max-snippet":"max-snippet:-1","max-image-preview":"max-image-preview:large","max-video-preview":"max-video-preview:-1"},"canonical":"https:\/\/www.simetria.com.co\/regalos-corporativos\/producto\/ajedrez-magnetico\/","og_locale":"es_ES","og_type":"article","og_title":"Ajedrez Magn\u00e9tico - Simetria Regalos Corporativos","og_description":"Ajedrez promocional con imanes: Un obsequio para marcas inteligentes  El ajedrez magn\u00e9tico es un obsequio corporativo duradero, ideal para marcas que buscan conectar con su audiencia a trav\u00e9s del pensamiento estrat\u00e9gico, la creatividad y el aprendizaje.  Dise\u00f1ado para ni\u00f1os, j\u00f3venes y adultos, este juego estimula la agilidad mental, la toma de decisiones y la concentraci\u00f3n, convirti\u00e9ndose en una herramienta valiosa tanto para el entretenimiento como para el desarrollo cognitivo.  Incluye un tablero especial para jugar con fichas magn\u00e9ticas que se mantienen firmes en su lugar. Es perfecto para hogares, oficinas, aulas o espacios de espera.  Cada juego es 100% personalizado con tu imagen de marca o concepto de campa\u00f1a, tanto en el dise\u00f1o del tablero como en el estilo de las piezas (planas o con espumado).  \u2705Pedido m\u00ednimo: 500 unidades  \u265f\ufe0fEstimula la l\u00f3gica y el pensamiento estrat\u00e9gico  \ud83e\uddf2Tablero magn\u00e9tico con fichas adherentes  \ud83c\udfa8Personalizaci\u00f3n completa en dise\u00f1o y empaque  \ud83d\udce6Ideal como producto educativo, corporativo o promocional \ud83d\udc49\ud83c\udffbSolicita una cotizaci\u00f3n para tu empresa y deja que tu marca represente inteligencia, juego y recordaci\u00f3n.  \u00a1Cotiza ya!","og_url":"https:\/\/www.simetria.com.co\/regalos-corporativos\/producto\/ajedrez-magnetico\/","og_site_name":"Simetria Regalos Corporativos","article_modified_time":"2025-07-11T17:36:49+00:00","og_image":[{"width":900,"height":900,"url":"https:\/\/www.simetria.com.co\/regalos-corporativos\/wp-content\/uploads\/2025\/06\/ajedrez-magnetico-simetria.jpg","type":"image\/jpeg"}],"twitter_card":"summary_large_image","twitter_misc":{"Tiempo de lectura":"1 minuto"},"schema":{"@context":"https:\/\/schema.org","@graph":[{"@type":"WebPage","@id":"https:\/\/www.simetria.com.co\/regalos-corporativos\/producto\/ajedrez-magnetico\/","url":"https:\/\/www.simetria.com.co\/regalos-corporativos\/producto\/ajedrez-magnetico\/","name":"Ajedrez Magn\u00e9tico - Simetria Regalos Corporativos","isPartOf":{"@id":"https:\/\/www.simetria.com.co\/regalos-corporativos\/#website"},"primaryImageOfPage":{"@id":"https:\/\/www.simetria.com.co\/regalos-corporativos\/producto\/ajedrez-magnetico\/#primaryimage"},"image":{"@id":"https:\/\/www.simetria.com.co\/regalos-corporativos\/producto\/ajedrez-magnetico\/#primaryimage"},"thumbnailUrl":"https:\/\/www.simetria.com.co\/productos-en-microfibra\/wp-content\/uploads\/2025\/06\/ajedrez-magnetico-simetria.jpg","datePublished":"2025-06-09T18:25:56+00:00","dateModified":"2025-07-11T17:36:49+00:00","breadcrumb":{"@id":"https:\/\/www.simetria.com.co\/regalos-corporativos\/producto\/ajedrez-magnetico\/#breadcrumb"},"inLanguage":"es-CO","potentialAction":[{"@type":"ReadAction","target":["https:\/\/www.simetria.com.co\/regalos-corporativos\/producto\/ajedrez-magnetico\/"]}]},{"@type":"ImageObject","inLanguage":"es-CO","@id":"https:\/\/www.simetria.com.co\/regalos-corporativos\/producto\/ajedrez-magnetico\/#primaryimage","url":"https:\/\/www.simetria.com.co\/productos-en-microfibra\/wp-content\/uploads\/2025\/06\/ajedrez-magnetico-simetria.jpg","contentUrl":"https:\/\/www.simetria.com.co\/productos-en-microfibra\/wp-content\/uploads\/2025\/06\/ajedrez-magnetico-simetria.jpg","width":900,"height":900,"caption":"Ajedrez magn\u00e9tico con tablero imantado y fichas personalizadas."},{"@type":"BreadcrumbList","@id":"https:\/\/www.simetria.com.co\/regalos-corporativos\/producto\/ajedrez-magnetico\/#breadcrumb","itemListElement":[{"@type":"ListItem","position":1,"name":"Inicio","item":"https:\/\/www.simetria.com.co\/textiles-promocionales\/"},{"@type":"ListItem","position":2,"name":"Productos","item":"https:\/\/www.simetria.com.co\/regalos-corporativos\/tienda__trashed\/"},{"@type":"ListItem","position":3,"name":"Ajedrez Magn\u00e9tico"}]},{"@type":"WebSite","@id":"https:\/\/www.simetria.com.co\/regalos-corporativos\/#website","url":"https:\/\/www.simetria.com.co\/regalos-corporativos\/","name":"simetria.com.co\/regalos-corporativos\/","description":"Regalos Corporativos","publisher":{"@id":"https:\/\/www.simetria.com.co\/regalos-corporativos\/#organization"},"potentialAction":[{"@type":"SearchAction","target":{"@type":"EntryPoint","urlTemplate":"https:\/\/www.simetria.com.co\/regalos-corporativos\/?s={search_term_string}"},"query-input":{"@type":"PropertyValueSpecification","valueRequired":true,"valueName":"search_term_string"}}],"inLanguage":"es-CO"},{"@type":"Organization","@id":"https:\/\/www.simetria.com.co\/regalos-corporativos\/#organization","name":"Simetria","url":"https:\/\/www.simetria.com.co\/regalos-corporativos\/","logo":{"@type":"ImageObject","inLanguage":"es-CO","@id":"https:\/\/www.simetria.com.co\/regalos-corporativos\/#\/schema\/logo\/image\/","url":"https:\/\/www.simetria.com.co\/regalos-corporativos\/wp-content\/uploads\/2025\/07\/logo-simetria5.png","contentUrl":"https:\/\/www.simetria.com.co\/regalos-corporativos\/wp-content\/uploads\/2025\/07\/logo-simetria5.png","width":393,"height":354,"caption":"Simetria"},"image":{"@id":"https:\/\/www.simetria.com.co\/regalos-corporativos\/#\/schema\/logo\/image\/"},"sameAs":["https:\/\/www.instagram.com\/simetria_s.a.s\/"]}]}},"_links":{"self":[{"href":"https:\/\/www.simetria.com.co\/productos-en-microfibra\/wp-json\/wp\/v2\/product\/2231","targetHints":{"allow":["GET"]}}],"collection":[{"href":"https:\/\/www.simetria.com.co\/productos-en-microfibra\/wp-json\/wp\/v2\/product"}],"about":[{"href":"https:\/\/www.simetria.com.co\/productos-en-microfibra\/wp-json\/wp\/v2\/types\/product"}],"wp:featuredmedia":[{"embeddable":true,"href":"https:\/\/www.simetria.com.co\/productos-en-microfibra\/wp-json\/wp\/v2\/media\/2261"}],"wp:attachment":[{"href":"https:\/\/www.simetria.com.co\/productos-en-microfibra\/wp-json\/wp\/v2\/media?parent=2231"}],"wp:term":[{"taxonomy":"product_brand","embeddable":true,"href":"https:\/\/www.simetria.com.co\/productos-en-microfibra\/wp-json\/wp\/v2\/product_brand?post=2231"},{"taxonomy":"product_cat","embeddable":true,"href":"https:\/\/www.simetria.com.co\/productos-en-microfibra\/wp-json\/wp\/v2\/product_cat?post=2231"},{"taxonomy":"product_tag","embeddable":true,"href":"https:\/\/www.simetria.com.co\/productos-en-microfibra\/wp-json\/wp\/v2\/product_tag?post=2231"}],"curies":[{"name":"wp","href":"https:\/\/api.w.org\/{rel}","templated":true}]}}