{"id":2041,"date":"2025-06-09T10:41:53","date_gmt":"2025-06-09T15:41:53","guid":{"rendered":"https:\/\/www.simetria.com.co\/regalos-corporativos\/?post_type=product&#038;p=2041"},"modified":"2025-07-04T17:57:30","modified_gmt":"2025-07-04T22:57:30","slug":"iman-con-clip-plastico","status":"publish","type":"product","link":"https:\/\/www.simetria.com.co\/regalos-corporativos\/producto\/iman-con-clip-plastico\/","title":{"rendered":"Im\u00e1n con Clip Pl\u00e1stico"},"content":{"rendered":"","protected":false},"excerpt":{"rendered":"<p><span style=\"color: #808080;\">El im\u00e1n con <strong>Clip Pl\u00e1stico<\/strong> es un <strong>obsequio \u00fatil y pr\u00e1ctico en el hogar,<\/strong> ya que ayuda a la recordaci\u00f3n de tel\u00e9fonos, pendientes o informaci\u00f3n importante.<\/p>\n<p><span style=\"color: #808080;\">Est\u00e1 elaborado con un <strong>gancho pl\u00e1stico <\/strong>especial <strong>para sostener hojas, notas, recetas, facturas o cuentas pendientes.<\/strong><\/p>\n<p><span style=\"color: #808080;\">Asimismo, <strong>laminado <\/strong>con excelentes materiales, lo que garantiza la <strong>larga duraci\u00f3n del producto.<\/strong><\/p>\n<p><span style=\"color: #808080;\"><strong>Los personalizamos completamente<\/strong>, en diferentes tama\u00f1os y en la cantidad deseada.<\/p>\n<p style=\"text-align: left;margin-top: 4%;\"><a style=\"text-decoration: none;\" href=\"\/cotiza-tu-idea\/\" rel=\"noopener\"><span class=\"ver2\">\u00a1Cotiza ya!<\/span><\/a><\/p>\n","protected":false},"featured_media":2055,"template":"","meta":{"_joinchat":[]},"product_brand":[],"product_cat":[18],"product_tag":[25,49,50,26,27,30,31,32],"class_list":{"0":"post-2041","1":"product","2":"type-product","3":"status-publish","4":"has-post-thumbnail","6":"product_cat-regalos-corporativos","7":"product_tag-iman","8":"product_tag-iman-con-clip","9":"product_tag-iman-con-clip-plastico","10":"product_tag-imanes","11":"product_tag-imanes-publicitarios","12":"product_tag-productos-promocionales","13":"product_tag-simetria","14":"product_tag-visibilidad-de-marca","16":"first","17":"instock","18":"shipping-taxable","19":"product-type-simple","20":"add-to-wishlist-after_add_to_cart"},"yoast_head":"<!-- This site is optimized with the Yoast SEO plugin v27.1.1 - https:\/\/yoast.com\/product\/yoast-seo-wordpress\/ -->\n<title>Im\u00e1n con Clip Pl\u00e1stico - Simetria Regalos Corporativos<\/title>\n<meta name=\"robots\" content=\"index, follow, max-snippet:-1, max-image-preview:large, max-video-preview:-1\" \/>\n<link rel=\"canonical\" href=\"https:\/\/www.simetria.com.co\/regalos-corporativos\/producto\/iman-con-clip-plastico\/\" \/>\n<meta property=\"og:locale\" content=\"es_ES\" \/>\n<meta property=\"og:type\" content=\"article\" \/>\n<meta property=\"og:title\" content=\"Im\u00e1n con Clip Pl\u00e1stico - Simetria Regalos Corporativos\" \/>\n<meta property=\"og:description\" content=\"El im\u00e1n con Clip Pl\u00e1stico es un obsequio \u00fatil y pr\u00e1ctico en el hogar, ya que ayuda a la recordaci\u00f3n de tel\u00e9fonos, pendientes o informaci\u00f3n importante.  Est\u00e1 elaborado con un gancho pl\u00e1stico especial para sostener hojas, notas, recetas, facturas o cuentas pendientes.  Asimismo, laminado con excelentes materiales, lo que garantiza la larga duraci\u00f3n del producto.  Los personalizamos completamente, en diferentes tama\u00f1os y en la cantidad deseada.  \u00a1Cotiza ya!\" \/>\n<meta property=\"og:url\" content=\"https:\/\/www.simetria.com.co\/regalos-corporativos\/producto\/iman-con-clip-plastico\/\" \/>\n<meta property=\"og:site_name\" content=\"Simetria Regalos Corporativos\" \/>\n<meta property=\"article:modified_time\" content=\"2025-07-04T22:57:30+00:00\" \/>\n<meta property=\"og:image\" content=\"https:\/\/www.simetria.com.co\/regalos-corporativos\/wp-content\/uploads\/2025\/06\/iman_clip_plastico_viva_simetria.jpg\" \/>\n\t<meta property=\"og:image:width\" content=\"900\" \/>\n\t<meta property=\"og:image:height\" content=\"900\" \/>\n\t<meta property=\"og:image:type\" content=\"image\/jpeg\" \/>\n<meta name=\"twitter:card\" content=\"summary_large_image\" \/>\n<meta name=\"twitter:label1\" content=\"Tiempo de lectura\" \/>\n\t<meta name=\"twitter:data1\" content=\"1 minuto\" \/>\n<script type=\"application\/ld+json\" class=\"yoast-schema-graph\">{\"@context\":\"https:\/\/schema.org\",\"@graph\":[{\"@type\":\"WebPage\",\"@id\":\"https:\/\/www.simetria.com.co\/regalos-corporativos\/producto\/iman-con-clip-plastico\/\",\"url\":\"https:\/\/www.simetria.com.co\/regalos-corporativos\/producto\/iman-con-clip-plastico\/\",\"name\":\"Im\u00e1n con Clip Pl\u00e1stico - Simetria Regalos Corporativos\",\"isPartOf\":{\"@id\":\"https:\/\/www.simetria.com.co\/regalos-corporativos\/#website\"},\"primaryImageOfPage\":{\"@id\":\"https:\/\/www.simetria.com.co\/regalos-corporativos\/producto\/iman-con-clip-plastico\/#primaryimage\"},\"image\":{\"@id\":\"https:\/\/www.simetria.com.co\/regalos-corporativos\/producto\/iman-con-clip-plastico\/#primaryimage\"},\"thumbnailUrl\":\"https:\/\/www.simetria.com.co\/regalos-corporativos\/wp-content\/uploads\/2025\/06\/iman_clip_plastico_viva_simetria.jpg\",\"datePublished\":\"2025-06-09T15:41:53+00:00\",\"dateModified\":\"2025-07-04T22:57:30+00:00\",\"breadcrumb\":{\"@id\":\"https:\/\/www.simetria.com.co\/regalos-corporativos\/producto\/iman-con-clip-plastico\/#breadcrumb\"},\"inLanguage\":\"es-CO\",\"potentialAction\":[{\"@type\":\"ReadAction\",\"target\":[\"https:\/\/www.simetria.com.co\/regalos-corporativos\/producto\/iman-con-clip-plastico\/\"]}]},{\"@type\":\"ImageObject\",\"inLanguage\":\"es-CO\",\"@id\":\"https:\/\/www.simetria.com.co\/regalos-corporativos\/producto\/iman-con-clip-plastico\/#primaryimage\",\"url\":\"https:\/\/www.simetria.com.co\/regalos-corporativos\/wp-content\/uploads\/2025\/06\/iman_clip_plastico_viva_simetria.jpg\",\"contentUrl\":\"https:\/\/www.simetria.com.co\/regalos-corporativos\/wp-content\/uploads\/2025\/06\/iman_clip_plastico_viva_simetria.jpg\",\"width\":900,\"height\":900,\"caption\":\"Im\u00e1n con clip pl\u00e1stico de la marca VIVA y QR para realizar domicilios y organizar tus notas.\"},{\"@type\":\"BreadcrumbList\",\"@id\":\"https:\/\/www.simetria.com.co\/regalos-corporativos\/producto\/iman-con-clip-plastico\/#breadcrumb\",\"itemListElement\":[{\"@type\":\"ListItem\",\"position\":1,\"name\":\"Inicio\",\"item\":\"https:\/\/www.simetria.com.co\/regalos-corporativos\/\"},{\"@type\":\"ListItem\",\"position\":2,\"name\":\"Productos\",\"item\":\"https:\/\/www.simetria.com.co\/regalos-corporativos\/tienda__trashed\/\"},{\"@type\":\"ListItem\",\"position\":3,\"name\":\"Im\u00e1n con Clip Pl\u00e1stico\"}]},{\"@type\":\"WebSite\",\"@id\":\"https:\/\/www.simetria.com.co\/regalos-corporativos\/#website\",\"url\":\"https:\/\/www.simetria.com.co\/regalos-corporativos\/\",\"name\":\"simetria.com.co\/regalos-corporativos\/\",\"description\":\"Regalos Corporativos\",\"publisher\":{\"@id\":\"https:\/\/www.simetria.com.co\/regalos-corporativos\/#organization\"},\"potentialAction\":[{\"@type\":\"SearchAction\",\"target\":{\"@type\":\"EntryPoint\",\"urlTemplate\":\"https:\/\/www.simetria.com.co\/regalos-corporativos\/?s={search_term_string}\"},\"query-input\":{\"@type\":\"PropertyValueSpecification\",\"valueRequired\":true,\"valueName\":\"search_term_string\"}}],\"inLanguage\":\"es-CO\"},{\"@type\":\"Organization\",\"@id\":\"https:\/\/www.simetria.com.co\/regalos-corporativos\/#organization\",\"name\":\"Simetria\",\"url\":\"https:\/\/www.simetria.com.co\/regalos-corporativos\/\",\"logo\":{\"@type\":\"ImageObject\",\"inLanguage\":\"es-CO\",\"@id\":\"https:\/\/www.simetria.com.co\/regalos-corporativos\/#\/schema\/logo\/image\/\",\"url\":\"https:\/\/www.simetria.com.co\/regalos-corporativos\/wp-content\/uploads\/2025\/07\/logo-simetria5.png\",\"contentUrl\":\"https:\/\/www.simetria.com.co\/regalos-corporativos\/wp-content\/uploads\/2025\/07\/logo-simetria5.png\",\"width\":393,\"height\":354,\"caption\":\"Simetria\"},\"image\":{\"@id\":\"https:\/\/www.simetria.com.co\/regalos-corporativos\/#\/schema\/logo\/image\/\"},\"sameAs\":[\"https:\/\/www.instagram.com\/simetria_s.a.s\/\"]}]}<\/script>\n<!-- \/ Yoast SEO plugin. -->","yoast_head_json":{"title":"Im\u00e1n con Clip Pl\u00e1stico - Simetria Regalos Corporativos","robots":{"index":"index","follow":"follow","max-snippet":"max-snippet:-1","max-image-preview":"max-image-preview:large","max-video-preview":"max-video-preview:-1"},"canonical":"https:\/\/www.simetria.com.co\/regalos-corporativos\/producto\/iman-con-clip-plastico\/","og_locale":"es_ES","og_type":"article","og_title":"Im\u00e1n con Clip Pl\u00e1stico - Simetria Regalos Corporativos","og_description":"El im\u00e1n con Clip Pl\u00e1stico es un obsequio \u00fatil y pr\u00e1ctico en el hogar, ya que ayuda a la recordaci\u00f3n de tel\u00e9fonos, pendientes o informaci\u00f3n importante.  Est\u00e1 elaborado con un gancho pl\u00e1stico especial para sostener hojas, notas, recetas, facturas o cuentas pendientes.  Asimismo, laminado con excelentes materiales, lo que garantiza la larga duraci\u00f3n del producto.  Los personalizamos completamente, en diferentes tama\u00f1os y en la cantidad deseada.  \u00a1Cotiza ya!","og_url":"https:\/\/www.simetria.com.co\/regalos-corporativos\/producto\/iman-con-clip-plastico\/","og_site_name":"Simetria Regalos Corporativos","article_modified_time":"2025-07-04T22:57:30+00:00","og_image":[{"width":900,"height":900,"url":"https:\/\/www.simetria.com.co\/regalos-corporativos\/wp-content\/uploads\/2025\/06\/iman_clip_plastico_viva_simetria.jpg","type":"image\/jpeg"}],"twitter_card":"summary_large_image","twitter_misc":{"Tiempo de lectura":"1 minuto"},"schema":{"@context":"https:\/\/schema.org","@graph":[{"@type":"WebPage","@id":"https:\/\/www.simetria.com.co\/regalos-corporativos\/producto\/iman-con-clip-plastico\/","url":"https:\/\/www.simetria.com.co\/regalos-corporativos\/producto\/iman-con-clip-plastico\/","name":"Im\u00e1n con Clip Pl\u00e1stico - Simetria Regalos Corporativos","isPartOf":{"@id":"https:\/\/www.simetria.com.co\/regalos-corporativos\/#website"},"primaryImageOfPage":{"@id":"https:\/\/www.simetria.com.co\/regalos-corporativos\/producto\/iman-con-clip-plastico\/#primaryimage"},"image":{"@id":"https:\/\/www.simetria.com.co\/regalos-corporativos\/producto\/iman-con-clip-plastico\/#primaryimage"},"thumbnailUrl":"https:\/\/www.simetria.com.co\/regalos-corporativos\/wp-content\/uploads\/2025\/06\/iman_clip_plastico_viva_simetria.jpg","datePublished":"2025-06-09T15:41:53+00:00","dateModified":"2025-07-04T22:57:30+00:00","breadcrumb":{"@id":"https:\/\/www.simetria.com.co\/regalos-corporativos\/producto\/iman-con-clip-plastico\/#breadcrumb"},"inLanguage":"es-CO","potentialAction":[{"@type":"ReadAction","target":["https:\/\/www.simetria.com.co\/regalos-corporativos\/producto\/iman-con-clip-plastico\/"]}]},{"@type":"ImageObject","inLanguage":"es-CO","@id":"https:\/\/www.simetria.com.co\/regalos-corporativos\/producto\/iman-con-clip-plastico\/#primaryimage","url":"https:\/\/www.simetria.com.co\/regalos-corporativos\/wp-content\/uploads\/2025\/06\/iman_clip_plastico_viva_simetria.jpg","contentUrl":"https:\/\/www.simetria.com.co\/regalos-corporativos\/wp-content\/uploads\/2025\/06\/iman_clip_plastico_viva_simetria.jpg","width":900,"height":900,"caption":"Im\u00e1n con clip pl\u00e1stico de la marca VIVA y QR para realizar domicilios y organizar tus notas."},{"@type":"BreadcrumbList","@id":"https:\/\/www.simetria.com.co\/regalos-corporativos\/producto\/iman-con-clip-plastico\/#breadcrumb","itemListElement":[{"@type":"ListItem","position":1,"name":"Inicio","item":"https:\/\/www.simetria.com.co\/regalos-corporativos\/"},{"@type":"ListItem","position":2,"name":"Productos","item":"https:\/\/www.simetria.com.co\/regalos-corporativos\/tienda__trashed\/"},{"@type":"ListItem","position":3,"name":"Im\u00e1n con Clip Pl\u00e1stico"}]},{"@type":"WebSite","@id":"https:\/\/www.simetria.com.co\/regalos-corporativos\/#website","url":"https:\/\/www.simetria.com.co\/regalos-corporativos\/","name":"simetria.com.co\/regalos-corporativos\/","description":"Regalos Corporativos","publisher":{"@id":"https:\/\/www.simetria.com.co\/regalos-corporativos\/#organization"},"potentialAction":[{"@type":"SearchAction","target":{"@type":"EntryPoint","urlTemplate":"https:\/\/www.simetria.com.co\/regalos-corporativos\/?s={search_term_string}"},"query-input":{"@type":"PropertyValueSpecification","valueRequired":true,"valueName":"search_term_string"}}],"inLanguage":"es-CO"},{"@type":"Organization","@id":"https:\/\/www.simetria.com.co\/regalos-corporativos\/#organization","name":"Simetria","url":"https:\/\/www.simetria.com.co\/regalos-corporativos\/","logo":{"@type":"ImageObject","inLanguage":"es-CO","@id":"https:\/\/www.simetria.com.co\/regalos-corporativos\/#\/schema\/logo\/image\/","url":"https:\/\/www.simetria.com.co\/regalos-corporativos\/wp-content\/uploads\/2025\/07\/logo-simetria5.png","contentUrl":"https:\/\/www.simetria.com.co\/regalos-corporativos\/wp-content\/uploads\/2025\/07\/logo-simetria5.png","width":393,"height":354,"caption":"Simetria"},"image":{"@id":"https:\/\/www.simetria.com.co\/regalos-corporativos\/#\/schema\/logo\/image\/"},"sameAs":["https:\/\/www.instagram.com\/simetria_s.a.s\/"]}]}},"_links":{"self":[{"href":"https:\/\/www.simetria.com.co\/regalos-corporativos\/wp-json\/wp\/v2\/product\/2041","targetHints":{"allow":["GET"]}}],"collection":[{"href":"https:\/\/www.simetria.com.co\/regalos-corporativos\/wp-json\/wp\/v2\/product"}],"about":[{"href":"https:\/\/www.simetria.com.co\/regalos-corporativos\/wp-json\/wp\/v2\/types\/product"}],"wp:featuredmedia":[{"embeddable":true,"href":"https:\/\/www.simetria.com.co\/regalos-corporativos\/wp-json\/wp\/v2\/media\/2055"}],"wp:attachment":[{"href":"https:\/\/www.simetria.com.co\/regalos-corporativos\/wp-json\/wp\/v2\/media?parent=2041"}],"wp:term":[{"taxonomy":"product_brand","embeddable":true,"href":"https:\/\/www.simetria.com.co\/regalos-corporativos\/wp-json\/wp\/v2\/product_brand?post=2041"},{"taxonomy":"product_cat","embeddable":true,"href":"https:\/\/www.simetria.com.co\/regalos-corporativos\/wp-json\/wp\/v2\/product_cat?post=2041"},{"taxonomy":"product_tag","embeddable":true,"href":"https:\/\/www.simetria.com.co\/regalos-corporativos\/wp-json\/wp\/v2\/product_tag?post=2041"}],"curies":[{"name":"wp","href":"https:\/\/api.w.org\/{rel}","templated":true}]}}