{"id":2044,"date":"2025-06-06T13:10:47","date_gmt":"2025-06-06T18:10:47","guid":{"rendered":"https:\/\/www.simetria.com.co\/temporadas\/?post_type=product&#038;p=2044"},"modified":"2025-07-30T16:56:54","modified_gmt":"2025-07-30T21:56:54","slug":"amor-y-amistad","status":"publish","type":"product","link":"https:\/\/www.simetria.com.co\/temporadas\/producto\/amor-y-amistad\/","title":{"rendered":"Amor y amistad"},"content":{"rendered":"","protected":false},"excerpt":{"rendered":"<p><strong>Enamora con detalles que conectan marcas, corazones y emociones<\/strong><\/p>\n<p>\u00bfQui\u00e9n dijo que Amor y Amistad solo es una fecha para regalar rosas? Tambi\u00e9n es una oportunidad para fortalecer v\u00ednculos con obsequios novedosos. En Simetr\u00eda creamos regalos corporativos para Amor y Amistad que despiertan sonrisas, generan cercan\u00eda y dejan una huella positiva en equipos, clientes y aliados.<\/p>\n<p>Desde mensajes personalizados hasta detalles visuales que se adhieren con cari\u00f1o a vitrinas, escritorios o neveras, nuestros productos fusionan branding y emoci\u00f3n. Sorprende con portavasos en cart\u00f3n ecol\u00f3gico, tarjetas magn\u00e9ticas, adhesivos con frases para compartir o kits dise\u00f1ados a la medida del coraz\u00f3n de tu marca.<\/p>\n<p> \ud83d\udc8cIdeal para campa\u00f1as internas, fidelizaci\u00f3n de clientes o activaciones con prop\u00f3sito.<br \/>\n \ud83c\udfa8Dise\u00f1os \u00fanicos con tu logo y mensaje de marca.<br \/>\n \ud83c\udf31Opciones en materiales sostenibles, como parte de nuestra l\u00ednea Simeco.<br \/>\n \ud83d\udce6<strong>Pedido m\u00ednimo:<\/strong> 500 unidades.<\/p>\n<p>\ud83d\udc49\ud83c\udffb<strong>Este Amor y Amistad, regala algo m\u00e1s que objetos: regala conexi\u00f3n emocional con identidad corporativa.<\/strong><\/p>\n<p style=\"text-align: left;margin-top: 4%;\"><a style=\"text-decoration: none;\" href=\"\/cotiza-tu-idea\/\" rel=\"noopener\"><span class=\"ver2\">\u00a1Cotiza ya!<\/span><\/a><\/p>\n","protected":false},"featured_media":1553,"template":"","meta":{"_joinchat":[]},"product_brand":[],"product_cat":[169],"product_tag":[],"class_list":{"0":"post-2044","1":"product","2":"type-product","3":"status-publish","4":"has-post-thumbnail","6":"product_cat-temporadas","8":"first","9":"instock","10":"shipping-taxable","11":"product-type-simple"},"yoast_head":"<!-- This site is optimized with the Yoast SEO plugin v27.6 - https:\/\/yoast.com\/product\/yoast-seo-wordpress\/ -->\n<title>Amor y amistad - Simetria Temporados<\/title>\n<meta name=\"robots\" content=\"noindex, follow\" \/>\n<meta property=\"og:locale\" content=\"es_ES\" \/>\n<meta property=\"og:type\" content=\"article\" \/>\n<meta property=\"og:title\" content=\"Amor y amistad - Simetria Temporados\" \/>\n<meta property=\"og:description\" content=\"Enamora con detalles que conectan marcas, corazones y emociones  \u00bfQui\u00e9n dijo que Amor y Amistad solo es una fecha para regalar rosas? Tambi\u00e9n es una oportunidad para fortalecer v\u00ednculos con obsequios novedosos. En Simetr\u00eda creamos regalos corporativos para Amor y Amistad que despiertan sonrisas, generan cercan\u00eda y dejan una huella positiva en equipos, clientes y aliados.  Desde mensajes personalizados hasta detalles visuales que se adhieren con cari\u00f1o a vitrinas, escritorios o neveras, nuestros productos fusionan branding y emoci\u00f3n. Sorprende con portavasos en cart\u00f3n ecol\u00f3gico, tarjetas magn\u00e9ticas, adhesivos con frases para compartir o kits dise\u00f1ados a la medida del coraz\u00f3n de tu marca.   \ud83d\udc8cIdeal para campa\u00f1as internas, fidelizaci\u00f3n de clientes o activaciones con prop\u00f3sito.  \ud83c\udfa8Dise\u00f1os \u00fanicos con tu logo y mensaje de marca.  \ud83c\udf31Opciones en materiales sostenibles, como parte de nuestra l\u00ednea Simeco.  \ud83d\udce6Pedido m\u00ednimo: 500 unidades.  \ud83d\udc49\ud83c\udffbEste Amor y Amistad, regala algo m\u00e1s que objetos: regala conexi\u00f3n emocional con identidad corporativa. \u00a1Cotiza ya!\" \/>\n<meta property=\"og:url\" content=\"https:\/\/www.simetria.com.co\/temporadas\/producto\/amor-y-amistad\/\" \/>\n<meta property=\"og:site_name\" content=\"Simetria Temporados\" \/>\n<meta property=\"article:modified_time\" content=\"2025-07-30T21:56:54+00:00\" \/>\n<meta property=\"og:image\" content=\"https:\/\/www.simetria.com.co\/temporadas\/wp-content\/uploads\/2024\/11\/PORTARRETRATO-AMOR-Y-AMISTAD.jpg\" \/>\n\t<meta property=\"og:image:width\" content=\"600\" \/>\n\t<meta property=\"og:image:height\" content=\"600\" \/>\n\t<meta property=\"og:image:type\" content=\"image\/jpeg\" \/>\n<meta name=\"twitter:card\" content=\"summary_large_image\" \/>\n<meta name=\"twitter:label1\" content=\"Tiempo de lectura\" \/>\n\t<meta name=\"twitter:data1\" content=\"1 minuto\" \/>\n<script type=\"application\/ld+json\" class=\"yoast-schema-graph\">{\"@context\":\"https:\\\/\\\/schema.org\",\"@graph\":[{\"@type\":\"WebPage\",\"@id\":\"https:\\\/\\\/www.simetria.com.co\\\/temporadas\\\/producto\\\/amor-y-amistad\\\/\",\"url\":\"https:\\\/\\\/www.simetria.com.co\\\/temporadas\\\/producto\\\/amor-y-amistad\\\/\",\"name\":\"Amor y amistad - Simetria Temporados\",\"isPartOf\":{\"@id\":\"https:\\\/\\\/www.simetria.com.co\\\/temporadas\\\/#website\"},\"primaryImageOfPage\":{\"@id\":\"https:\\\/\\\/www.simetria.com.co\\\/temporadas\\\/producto\\\/amor-y-amistad\\\/#primaryimage\"},\"image\":{\"@id\":\"https:\\\/\\\/www.simetria.com.co\\\/temporadas\\\/producto\\\/amor-y-amistad\\\/#primaryimage\"},\"thumbnailUrl\":\"https:\\\/\\\/www.simetria.com.co\\\/temporadas\\\/wp-content\\\/uploads\\\/2024\\\/11\\\/PORTARRETRATO-AMOR-Y-AMISTAD.jpg\",\"datePublished\":\"2025-06-06T18:10:47+00:00\",\"dateModified\":\"2025-07-30T21:56:54+00:00\",\"breadcrumb\":{\"@id\":\"https:\\\/\\\/www.simetria.com.co\\\/temporadas\\\/producto\\\/amor-y-amistad\\\/#breadcrumb\"},\"inLanguage\":\"es-CO\",\"potentialAction\":[{\"@type\":\"ReadAction\",\"target\":[\"https:\\\/\\\/www.simetria.com.co\\\/temporadas\\\/producto\\\/amor-y-amistad\\\/\"]}]},{\"@type\":\"ImageObject\",\"inLanguage\":\"es-CO\",\"@id\":\"https:\\\/\\\/www.simetria.com.co\\\/temporadas\\\/producto\\\/amor-y-amistad\\\/#primaryimage\",\"url\":\"https:\\\/\\\/www.simetria.com.co\\\/temporadas\\\/wp-content\\\/uploads\\\/2024\\\/11\\\/PORTARRETRATO-AMOR-Y-AMISTAD.jpg\",\"contentUrl\":\"https:\\\/\\\/www.simetria.com.co\\\/temporadas\\\/wp-content\\\/uploads\\\/2024\\\/11\\\/PORTARRETRATO-AMOR-Y-AMISTAD.jpg\",\"width\":600,\"height\":600,\"caption\":\"portarretratos magn\u00e9tico con motivo de amor y amistad y dise\u00f1o amaderado.\"},{\"@type\":\"BreadcrumbList\",\"@id\":\"https:\\\/\\\/www.simetria.com.co\\\/temporadas\\\/producto\\\/amor-y-amistad\\\/#breadcrumb\",\"itemListElement\":[{\"@type\":\"ListItem\",\"position\":1,\"name\":\"Inicio\",\"item\":\"https:\\\/\\\/www.simetria.com.co\\\/temporadas\\\/\"},{\"@type\":\"ListItem\",\"position\":2,\"name\":\"Productos\",\"item\":\"https:\\\/\\\/www.simetria.com.co\\\/temporadas\\\/tienda__trashed\\\/\"},{\"@type\":\"ListItem\",\"position\":3,\"name\":\"Amor y amistad\"}]},{\"@type\":\"WebSite\",\"@id\":\"https:\\\/\\\/www.simetria.com.co\\\/temporadas\\\/#website\",\"url\":\"https:\\\/\\\/www.simetria.com.co\\\/temporadas\\\/\",\"name\":\"simetria.com.co\\\/temporadas\\\/\",\"description\":\"Temporadas\",\"publisher\":{\"@id\":\"https:\\\/\\\/www.simetria.com.co\\\/temporadas\\\/#organization\"},\"potentialAction\":[{\"@type\":\"SearchAction\",\"target\":{\"@type\":\"EntryPoint\",\"urlTemplate\":\"https:\\\/\\\/www.simetria.com.co\\\/temporadas\\\/?s={search_term_string}\"},\"query-input\":{\"@type\":\"PropertyValueSpecification\",\"valueRequired\":true,\"valueName\":\"search_term_string\"}}],\"inLanguage\":\"es-CO\"},{\"@type\":\"Organization\",\"@id\":\"https:\\\/\\\/www.simetria.com.co\\\/temporadas\\\/#organization\",\"name\":\"Simetria\",\"url\":\"https:\\\/\\\/www.simetria.com.co\\\/temporadas\\\/\",\"logo\":{\"@type\":\"ImageObject\",\"inLanguage\":\"es-CO\",\"@id\":\"https:\\\/\\\/www.simetria.com.co\\\/temporadas\\\/#\\\/schema\\\/logo\\\/image\\\/\",\"url\":\"https:\\\/\\\/www.simetria.com.co\\\/temporadas\\\/wp-content\\\/uploads\\\/2025\\\/07\\\/logo-simetria5.png\",\"contentUrl\":\"https:\\\/\\\/www.simetria.com.co\\\/temporadas\\\/wp-content\\\/uploads\\\/2025\\\/07\\\/logo-simetria5.png\",\"width\":393,\"height\":354,\"caption\":\"Simetria\"},\"image\":{\"@id\":\"https:\\\/\\\/www.simetria.com.co\\\/temporadas\\\/#\\\/schema\\\/logo\\\/image\\\/\"},\"sameAs\":[\"https:\\\/\\\/www.instagram.com\\\/simetria_s.a.s\\\/\"]}]}<\/script>\n<!-- \/ Yoast SEO plugin. -->","yoast_head_json":{"title":"Amor y amistad - Simetria Temporados","robots":{"index":"noindex","follow":"follow"},"og_locale":"es_ES","og_type":"article","og_title":"Amor y amistad - Simetria Temporados","og_description":"Enamora con detalles que conectan marcas, corazones y emociones  \u00bfQui\u00e9n dijo que Amor y Amistad solo es una fecha para regalar rosas? Tambi\u00e9n es una oportunidad para fortalecer v\u00ednculos con obsequios novedosos. En Simetr\u00eda creamos regalos corporativos para Amor y Amistad que despiertan sonrisas, generan cercan\u00eda y dejan una huella positiva en equipos, clientes y aliados.  Desde mensajes personalizados hasta detalles visuales que se adhieren con cari\u00f1o a vitrinas, escritorios o neveras, nuestros productos fusionan branding y emoci\u00f3n. Sorprende con portavasos en cart\u00f3n ecol\u00f3gico, tarjetas magn\u00e9ticas, adhesivos con frases para compartir o kits dise\u00f1ados a la medida del coraz\u00f3n de tu marca.   \ud83d\udc8cIdeal para campa\u00f1as internas, fidelizaci\u00f3n de clientes o activaciones con prop\u00f3sito.  \ud83c\udfa8Dise\u00f1os \u00fanicos con tu logo y mensaje de marca.  \ud83c\udf31Opciones en materiales sostenibles, como parte de nuestra l\u00ednea Simeco.  \ud83d\udce6Pedido m\u00ednimo: 500 unidades.  \ud83d\udc49\ud83c\udffbEste Amor y Amistad, regala algo m\u00e1s que objetos: regala conexi\u00f3n emocional con identidad corporativa. \u00a1Cotiza ya!","og_url":"https:\/\/www.simetria.com.co\/temporadas\/producto\/amor-y-amistad\/","og_site_name":"Simetria Temporados","article_modified_time":"2025-07-30T21:56:54+00:00","og_image":[{"width":600,"height":600,"url":"https:\/\/www.simetria.com.co\/temporadas\/wp-content\/uploads\/2024\/11\/PORTARRETRATO-AMOR-Y-AMISTAD.jpg","type":"image\/jpeg"}],"twitter_card":"summary_large_image","twitter_misc":{"Tiempo de lectura":"1 minuto"},"schema":{"@context":"https:\/\/schema.org","@graph":[{"@type":"WebPage","@id":"https:\/\/www.simetria.com.co\/temporadas\/producto\/amor-y-amistad\/","url":"https:\/\/www.simetria.com.co\/temporadas\/producto\/amor-y-amistad\/","name":"Amor y amistad - Simetria Temporados","isPartOf":{"@id":"https:\/\/www.simetria.com.co\/temporadas\/#website"},"primaryImageOfPage":{"@id":"https:\/\/www.simetria.com.co\/temporadas\/producto\/amor-y-amistad\/#primaryimage"},"image":{"@id":"https:\/\/www.simetria.com.co\/temporadas\/producto\/amor-y-amistad\/#primaryimage"},"thumbnailUrl":"https:\/\/www.simetria.com.co\/temporadas\/wp-content\/uploads\/2024\/11\/PORTARRETRATO-AMOR-Y-AMISTAD.jpg","datePublished":"2025-06-06T18:10:47+00:00","dateModified":"2025-07-30T21:56:54+00:00","breadcrumb":{"@id":"https:\/\/www.simetria.com.co\/temporadas\/producto\/amor-y-amistad\/#breadcrumb"},"inLanguage":"es-CO","potentialAction":[{"@type":"ReadAction","target":["https:\/\/www.simetria.com.co\/temporadas\/producto\/amor-y-amistad\/"]}]},{"@type":"ImageObject","inLanguage":"es-CO","@id":"https:\/\/www.simetria.com.co\/temporadas\/producto\/amor-y-amistad\/#primaryimage","url":"https:\/\/www.simetria.com.co\/temporadas\/wp-content\/uploads\/2024\/11\/PORTARRETRATO-AMOR-Y-AMISTAD.jpg","contentUrl":"https:\/\/www.simetria.com.co\/temporadas\/wp-content\/uploads\/2024\/11\/PORTARRETRATO-AMOR-Y-AMISTAD.jpg","width":600,"height":600,"caption":"portarretratos magn\u00e9tico con motivo de amor y amistad y dise\u00f1o amaderado."},{"@type":"BreadcrumbList","@id":"https:\/\/www.simetria.com.co\/temporadas\/producto\/amor-y-amistad\/#breadcrumb","itemListElement":[{"@type":"ListItem","position":1,"name":"Inicio","item":"https:\/\/www.simetria.com.co\/temporadas\/"},{"@type":"ListItem","position":2,"name":"Productos","item":"https:\/\/www.simetria.com.co\/temporadas\/tienda__trashed\/"},{"@type":"ListItem","position":3,"name":"Amor y amistad"}]},{"@type":"WebSite","@id":"https:\/\/www.simetria.com.co\/temporadas\/#website","url":"https:\/\/www.simetria.com.co\/temporadas\/","name":"simetria.com.co\/temporadas\/","description":"Temporadas","publisher":{"@id":"https:\/\/www.simetria.com.co\/temporadas\/#organization"},"potentialAction":[{"@type":"SearchAction","target":{"@type":"EntryPoint","urlTemplate":"https:\/\/www.simetria.com.co\/temporadas\/?s={search_term_string}"},"query-input":{"@type":"PropertyValueSpecification","valueRequired":true,"valueName":"search_term_string"}}],"inLanguage":"es-CO"},{"@type":"Organization","@id":"https:\/\/www.simetria.com.co\/temporadas\/#organization","name":"Simetria","url":"https:\/\/www.simetria.com.co\/temporadas\/","logo":{"@type":"ImageObject","inLanguage":"es-CO","@id":"https:\/\/www.simetria.com.co\/temporadas\/#\/schema\/logo\/image\/","url":"https:\/\/www.simetria.com.co\/temporadas\/wp-content\/uploads\/2025\/07\/logo-simetria5.png","contentUrl":"https:\/\/www.simetria.com.co\/temporadas\/wp-content\/uploads\/2025\/07\/logo-simetria5.png","width":393,"height":354,"caption":"Simetria"},"image":{"@id":"https:\/\/www.simetria.com.co\/temporadas\/#\/schema\/logo\/image\/"},"sameAs":["https:\/\/www.instagram.com\/simetria_s.a.s\/"]}]}},"_links":{"self":[{"href":"https:\/\/www.simetria.com.co\/temporadas\/wp-json\/wp\/v2\/product\/2044","targetHints":{"allow":["GET"]}}],"collection":[{"href":"https:\/\/www.simetria.com.co\/temporadas\/wp-json\/wp\/v2\/product"}],"about":[{"href":"https:\/\/www.simetria.com.co\/temporadas\/wp-json\/wp\/v2\/types\/product"}],"wp:featuredmedia":[{"embeddable":true,"href":"https:\/\/www.simetria.com.co\/temporadas\/wp-json\/wp\/v2\/media\/1553"}],"wp:attachment":[{"href":"https:\/\/www.simetria.com.co\/temporadas\/wp-json\/wp\/v2\/media?parent=2044"}],"wp:term":[{"taxonomy":"product_brand","embeddable":true,"href":"https:\/\/www.simetria.com.co\/temporadas\/wp-json\/wp\/v2\/product_brand?post=2044"},{"taxonomy":"product_cat","embeddable":true,"href":"https:\/\/www.simetria.com.co\/temporadas\/wp-json\/wp\/v2\/product_cat?post=2044"},{"taxonomy":"product_tag","embeddable":true,"href":"https:\/\/www.simetria.com.co\/temporadas\/wp-json\/wp\/v2\/product_tag?post=2044"}],"curies":[{"name":"wp","href":"https:\/\/api.w.org\/{rel}","templated":true}]}}