{"id":2043,"date":"2025-06-09T10:41:53","date_gmt":"2025-06-09T15:41:53","guid":{"rendered":"https:\/\/www.simetria.com.co\/regalos-corporativos\/?post_type=product&#038;p=2043"},"modified":"2025-08-12T17:16:52","modified_gmt":"2025-08-12T22:16:52","slug":"adhesivos-decorativos","status":"publish","type":"product","link":"https:\/\/www.simetria.com.co\/textiles-promocionales\/producto\/adhesivos-decorativos\/","title":{"rendered":"Adhesivos Decorativos"},"content":{"rendered":"","protected":false},"excerpt":{"rendered":"<p><strong>Adhesivos decorativos: Branding visual para espacios cotidianos<\/strong><\/p>\n<p>Los adhesivos decorativos son los verdaderos obsequios empresariales para mantener tu marca presente en m\u00faltiples lugares de hogares u oficinas, sin que se vea invasiva. Este tipo de regalo corporativo es ideal ya que logra que tus clientes asocien tu marca con alguna figura decorativa que de brillo al hogar. <\/p>\n<p>Fabricados en materiales especiales que no da\u00f1an ni dejan residuos en las superficies, pueden adherirse f\u00e1cilmente a vidrios, espejos, paredes lisas, madera, dispositivos electr\u00f3nicos, port\u00e1tiles, muebles y m\u00e1s. Su adhesivo removible permite cambiarlos de lugar sin perder calidad ni adherencia.<\/p>\n<p>Son 100% personalizados en dise\u00f1o, forma, tama\u00f1o y cantidad, lo que los convierte en un detalle vers\u00e1til para ventas por cat\u00e1logo, lanzamientos de producto, regalos para eventos de marca y promociones de temporada como Navidad o Halloween.<\/p>\n<p>\u2705<strong>Pedido m\u00ednimo:<\/strong> 500 unidades<br \/>\n\ud83e\ude9f<strong>Aplicables en m\u00faltiples superficies: <\/strong>vidrio, espejo, madera, pl\u00e1stico o drywall<br \/>\n\ud83e\uddfcNo dejan residuos y son f\u00e1ciles de remover<br \/>\n\ud83c\udfa8Personalizaci\u00f3n total en dise\u00f1o y formato<br \/>\n\ud83d\udc49\ud83c\udffb<strong>Escr\u00edbenos ahora<\/strong> y lleva tu marca a cada espacio que tus clientes habitan.<\/p>\n<p style=\"text-align: left;margin-top: 4%;\"><a style=\"text-decoration: none;\" href=\"\/cotiza-tu-idea\/\" rel=\"noopener\"><span class=\"ver2\">\u00a1Cotiza ya!<\/span><\/a><\/p>\n","protected":false},"featured_media":2062,"template":"","meta":{"_joinchat":[]},"product_brand":[],"product_cat":[177],"product_tag":[117,43,30,113,31,114,32],"class_list":{"0":"post-2043","1":"product","2":"type-product","3":"status-publish","4":"has-post-thumbnail","6":"product_cat-regalos-para-la-nevera-u-hogar","7":"product_tag-adhesivos-decorativos","8":"product_tag-adhesivos-removibles","9":"product_tag-productos-promocionales","10":"product_tag-regalos","11":"product_tag-simetria","12":"product_tag-souvenirs","13":"product_tag-visibilidad-de-marca","15":"first","16":"instock","17":"shipping-taxable","18":"product-type-simple","19":"add-to-wishlist-after_add_to_cart"},"yoast_head":"<!-- This site is optimized with the Yoast SEO plugin v27.1.1 - https:\/\/yoast.com\/product\/yoast-seo-wordpress\/ -->\n<title>Adhesivos Decorativos - Simetria Regalos Corporativos<\/title>\n<meta name=\"robots\" content=\"index, follow, max-snippet:-1, max-image-preview:large, max-video-preview:-1\" \/>\n<link rel=\"canonical\" href=\"https:\/\/www.simetria.com.co\/regalos-corporativos\/producto\/adhesivos-decorativos\/\" \/>\n<meta property=\"og:locale\" content=\"es_ES\" \/>\n<meta property=\"og:type\" content=\"article\" \/>\n<meta property=\"og:title\" content=\"Adhesivos Decorativos - Simetria Regalos Corporativos\" \/>\n<meta property=\"og:description\" content=\"Adhesivos decorativos: Branding visual para espacios cotidianos  Los adhesivos decorativos son los verdaderos obsequios empresariales para mantener tu marca presente en m\u00faltiples lugares de hogares u oficinas, sin que se vea invasiva. Este tipo de regalo corporativo es ideal ya que logra que tus clientes asocien tu marca con alguna figura decorativa que de brillo al hogar.   Fabricados en materiales especiales que no da\u00f1an ni dejan residuos en las superficies, pueden adherirse f\u00e1cilmente a vidrios, espejos, paredes lisas, madera, dispositivos electr\u00f3nicos, port\u00e1tiles, muebles y m\u00e1s. Su adhesivo removible permite cambiarlos de lugar sin perder calidad ni adherencia.  Son 100% personalizados en dise\u00f1o, forma, tama\u00f1o y cantidad, lo que los convierte en un detalle vers\u00e1til para ventas por cat\u00e1logo, lanzamientos de producto, regalos para eventos de marca y promociones de temporada como Navidad o Halloween.  \u2705Pedido m\u00ednimo: 500 unidades  \ud83e\ude9fAplicables en m\u00faltiples superficies: vidrio, espejo, madera, pl\u00e1stico o drywall  \ud83e\uddfcNo dejan residuos y son f\u00e1ciles de remover  \ud83c\udfa8Personalizaci\u00f3n total en dise\u00f1o y formato \ud83d\udc49\ud83c\udffbEscr\u00edbenos ahora y lleva tu marca a cada espacio que tus clientes habitan.   \u00a1Cotiza ya!\" \/>\n<meta property=\"og:url\" content=\"https:\/\/www.simetria.com.co\/regalos-corporativos\/producto\/adhesivos-decorativos\/\" \/>\n<meta property=\"og:site_name\" content=\"Simetria Regalos Corporativos\" \/>\n<meta property=\"article:modified_time\" content=\"2025-08-12T22:16:52+00:00\" \/>\n<meta property=\"og:image\" content=\"https:\/\/www.simetria.com.co\/regalos-corporativos\/wp-content\/uploads\/2025\/06\/01-ADHESIVOS-DECORATIVOS.jpg\" \/>\n\t<meta property=\"og:image:width\" content=\"600\" \/>\n\t<meta property=\"og:image:height\" content=\"600\" \/>\n\t<meta property=\"og:image:type\" content=\"image\/jpeg\" \/>\n<meta name=\"twitter:card\" content=\"summary_large_image\" \/>\n<meta name=\"twitter:label1\" content=\"Tiempo de lectura\" \/>\n\t<meta name=\"twitter:data1\" content=\"1 minuto\" \/>\n<script type=\"application\/ld+json\" class=\"yoast-schema-graph\">{\"@context\":\"https:\/\/schema.org\",\"@graph\":[{\"@type\":\"WebPage\",\"@id\":\"https:\/\/www.simetria.com.co\/regalos-corporativos\/producto\/adhesivos-decorativos\/\",\"url\":\"https:\/\/www.simetria.com.co\/regalos-corporativos\/producto\/adhesivos-decorativos\/\",\"name\":\"Adhesivos Decorativos - Simetria Regalos Corporativos\",\"isPartOf\":{\"@id\":\"https:\/\/www.simetria.com.co\/regalos-corporativos\/#website\"},\"primaryImageOfPage\":{\"@id\":\"https:\/\/www.simetria.com.co\/regalos-corporativos\/producto\/adhesivos-decorativos\/#primaryimage\"},\"image\":{\"@id\":\"https:\/\/www.simetria.com.co\/regalos-corporativos\/producto\/adhesivos-decorativos\/#primaryimage\"},\"thumbnailUrl\":\"https:\/\/www.simetria.com.co\/textiles-promocionales\/wp-content\/uploads\/2025\/06\/01-ADHESIVOS-DECORATIVOS.jpg\",\"datePublished\":\"2025-06-09T15:41:53+00:00\",\"dateModified\":\"2025-08-12T22:16:52+00:00\",\"breadcrumb\":{\"@id\":\"https:\/\/www.simetria.com.co\/regalos-corporativos\/producto\/adhesivos-decorativos\/#breadcrumb\"},\"inLanguage\":\"es-CO\",\"potentialAction\":[{\"@type\":\"ReadAction\",\"target\":[\"https:\/\/www.simetria.com.co\/regalos-corporativos\/producto\/adhesivos-decorativos\/\"]}]},{\"@type\":\"ImageObject\",\"inLanguage\":\"es-CO\",\"@id\":\"https:\/\/www.simetria.com.co\/regalos-corporativos\/producto\/adhesivos-decorativos\/#primaryimage\",\"url\":\"https:\/\/www.simetria.com.co\/textiles-promocionales\/wp-content\/uploads\/2025\/06\/01-ADHESIVOS-DECORATIVOS.jpg\",\"contentUrl\":\"https:\/\/www.simetria.com.co\/textiles-promocionales\/wp-content\/uploads\/2025\/06\/01-ADHESIVOS-DECORATIVOS.jpg\",\"width\":600,\"height\":600,\"caption\":\"Stickers en adhesivo removible para decorar lo que quieras con formas y frases distintas.\"},{\"@type\":\"BreadcrumbList\",\"@id\":\"https:\/\/www.simetria.com.co\/regalos-corporativos\/producto\/adhesivos-decorativos\/#breadcrumb\",\"itemListElement\":[{\"@type\":\"ListItem\",\"position\":1,\"name\":\"Inicio\",\"item\":\"https:\/\/www.simetria.com.co\/textiles-promocionales\/\"},{\"@type\":\"ListItem\",\"position\":2,\"name\":\"Productos\",\"item\":\"https:\/\/www.simetria.com.co\/regalos-corporativos\/tienda__trashed\/\"},{\"@type\":\"ListItem\",\"position\":3,\"name\":\"Adhesivos Decorativos\"}]},{\"@type\":\"WebSite\",\"@id\":\"https:\/\/www.simetria.com.co\/regalos-corporativos\/#website\",\"url\":\"https:\/\/www.simetria.com.co\/regalos-corporativos\/\",\"name\":\"simetria.com.co\/regalos-corporativos\/\",\"description\":\"Regalos Corporativos\",\"publisher\":{\"@id\":\"https:\/\/www.simetria.com.co\/regalos-corporativos\/#organization\"},\"potentialAction\":[{\"@type\":\"SearchAction\",\"target\":{\"@type\":\"EntryPoint\",\"urlTemplate\":\"https:\/\/www.simetria.com.co\/regalos-corporativos\/?s={search_term_string}\"},\"query-input\":{\"@type\":\"PropertyValueSpecification\",\"valueRequired\":true,\"valueName\":\"search_term_string\"}}],\"inLanguage\":\"es-CO\"},{\"@type\":\"Organization\",\"@id\":\"https:\/\/www.simetria.com.co\/regalos-corporativos\/#organization\",\"name\":\"Simetria\",\"url\":\"https:\/\/www.simetria.com.co\/regalos-corporativos\/\",\"logo\":{\"@type\":\"ImageObject\",\"inLanguage\":\"es-CO\",\"@id\":\"https:\/\/www.simetria.com.co\/regalos-corporativos\/#\/schema\/logo\/image\/\",\"url\":\"https:\/\/www.simetria.com.co\/regalos-corporativos\/wp-content\/uploads\/2025\/07\/logo-simetria5.png\",\"contentUrl\":\"https:\/\/www.simetria.com.co\/regalos-corporativos\/wp-content\/uploads\/2025\/07\/logo-simetria5.png\",\"width\":393,\"height\":354,\"caption\":\"Simetria\"},\"image\":{\"@id\":\"https:\/\/www.simetria.com.co\/regalos-corporativos\/#\/schema\/logo\/image\/\"},\"sameAs\":[\"https:\/\/www.instagram.com\/simetria_s.a.s\/\"]}]}<\/script>\n<!-- \/ Yoast SEO plugin. -->","yoast_head_json":{"title":"Adhesivos Decorativos - Simetria Regalos Corporativos","robots":{"index":"index","follow":"follow","max-snippet":"max-snippet:-1","max-image-preview":"max-image-preview:large","max-video-preview":"max-video-preview:-1"},"canonical":"https:\/\/www.simetria.com.co\/regalos-corporativos\/producto\/adhesivos-decorativos\/","og_locale":"es_ES","og_type":"article","og_title":"Adhesivos Decorativos - Simetria Regalos Corporativos","og_description":"Adhesivos decorativos: Branding visual para espacios cotidianos  Los adhesivos decorativos son los verdaderos obsequios empresariales para mantener tu marca presente en m\u00faltiples lugares de hogares u oficinas, sin que se vea invasiva. Este tipo de regalo corporativo es ideal ya que logra que tus clientes asocien tu marca con alguna figura decorativa que de brillo al hogar.   Fabricados en materiales especiales que no da\u00f1an ni dejan residuos en las superficies, pueden adherirse f\u00e1cilmente a vidrios, espejos, paredes lisas, madera, dispositivos electr\u00f3nicos, port\u00e1tiles, muebles y m\u00e1s. Su adhesivo removible permite cambiarlos de lugar sin perder calidad ni adherencia.  Son 100% personalizados en dise\u00f1o, forma, tama\u00f1o y cantidad, lo que los convierte en un detalle vers\u00e1til para ventas por cat\u00e1logo, lanzamientos de producto, regalos para eventos de marca y promociones de temporada como Navidad o Halloween.  \u2705Pedido m\u00ednimo: 500 unidades  \ud83e\ude9fAplicables en m\u00faltiples superficies: vidrio, espejo, madera, pl\u00e1stico o drywall  \ud83e\uddfcNo dejan residuos y son f\u00e1ciles de remover  \ud83c\udfa8Personalizaci\u00f3n total en dise\u00f1o y formato \ud83d\udc49\ud83c\udffbEscr\u00edbenos ahora y lleva tu marca a cada espacio que tus clientes habitan.   \u00a1Cotiza ya!","og_url":"https:\/\/www.simetria.com.co\/regalos-corporativos\/producto\/adhesivos-decorativos\/","og_site_name":"Simetria Regalos Corporativos","article_modified_time":"2025-08-12T22:16:52+00:00","og_image":[{"width":600,"height":600,"url":"https:\/\/www.simetria.com.co\/regalos-corporativos\/wp-content\/uploads\/2025\/06\/01-ADHESIVOS-DECORATIVOS.jpg","type":"image\/jpeg"}],"twitter_card":"summary_large_image","twitter_misc":{"Tiempo de lectura":"1 minuto"},"schema":{"@context":"https:\/\/schema.org","@graph":[{"@type":"WebPage","@id":"https:\/\/www.simetria.com.co\/regalos-corporativos\/producto\/adhesivos-decorativos\/","url":"https:\/\/www.simetria.com.co\/regalos-corporativos\/producto\/adhesivos-decorativos\/","name":"Adhesivos Decorativos - Simetria Regalos Corporativos","isPartOf":{"@id":"https:\/\/www.simetria.com.co\/regalos-corporativos\/#website"},"primaryImageOfPage":{"@id":"https:\/\/www.simetria.com.co\/regalos-corporativos\/producto\/adhesivos-decorativos\/#primaryimage"},"image":{"@id":"https:\/\/www.simetria.com.co\/regalos-corporativos\/producto\/adhesivos-decorativos\/#primaryimage"},"thumbnailUrl":"https:\/\/www.simetria.com.co\/textiles-promocionales\/wp-content\/uploads\/2025\/06\/01-ADHESIVOS-DECORATIVOS.jpg","datePublished":"2025-06-09T15:41:53+00:00","dateModified":"2025-08-12T22:16:52+00:00","breadcrumb":{"@id":"https:\/\/www.simetria.com.co\/regalos-corporativos\/producto\/adhesivos-decorativos\/#breadcrumb"},"inLanguage":"es-CO","potentialAction":[{"@type":"ReadAction","target":["https:\/\/www.simetria.com.co\/regalos-corporativos\/producto\/adhesivos-decorativos\/"]}]},{"@type":"ImageObject","inLanguage":"es-CO","@id":"https:\/\/www.simetria.com.co\/regalos-corporativos\/producto\/adhesivos-decorativos\/#primaryimage","url":"https:\/\/www.simetria.com.co\/textiles-promocionales\/wp-content\/uploads\/2025\/06\/01-ADHESIVOS-DECORATIVOS.jpg","contentUrl":"https:\/\/www.simetria.com.co\/textiles-promocionales\/wp-content\/uploads\/2025\/06\/01-ADHESIVOS-DECORATIVOS.jpg","width":600,"height":600,"caption":"Stickers en adhesivo removible para decorar lo que quieras con formas y frases distintas."},{"@type":"BreadcrumbList","@id":"https:\/\/www.simetria.com.co\/regalos-corporativos\/producto\/adhesivos-decorativos\/#breadcrumb","itemListElement":[{"@type":"ListItem","position":1,"name":"Inicio","item":"https:\/\/www.simetria.com.co\/textiles-promocionales\/"},{"@type":"ListItem","position":2,"name":"Productos","item":"https:\/\/www.simetria.com.co\/regalos-corporativos\/tienda__trashed\/"},{"@type":"ListItem","position":3,"name":"Adhesivos Decorativos"}]},{"@type":"WebSite","@id":"https:\/\/www.simetria.com.co\/regalos-corporativos\/#website","url":"https:\/\/www.simetria.com.co\/regalos-corporativos\/","name":"simetria.com.co\/regalos-corporativos\/","description":"Regalos Corporativos","publisher":{"@id":"https:\/\/www.simetria.com.co\/regalos-corporativos\/#organization"},"potentialAction":[{"@type":"SearchAction","target":{"@type":"EntryPoint","urlTemplate":"https:\/\/www.simetria.com.co\/regalos-corporativos\/?s={search_term_string}"},"query-input":{"@type":"PropertyValueSpecification","valueRequired":true,"valueName":"search_term_string"}}],"inLanguage":"es-CO"},{"@type":"Organization","@id":"https:\/\/www.simetria.com.co\/regalos-corporativos\/#organization","name":"Simetria","url":"https:\/\/www.simetria.com.co\/regalos-corporativos\/","logo":{"@type":"ImageObject","inLanguage":"es-CO","@id":"https:\/\/www.simetria.com.co\/regalos-corporativos\/#\/schema\/logo\/image\/","url":"https:\/\/www.simetria.com.co\/regalos-corporativos\/wp-content\/uploads\/2025\/07\/logo-simetria5.png","contentUrl":"https:\/\/www.simetria.com.co\/regalos-corporativos\/wp-content\/uploads\/2025\/07\/logo-simetria5.png","width":393,"height":354,"caption":"Simetria"},"image":{"@id":"https:\/\/www.simetria.com.co\/regalos-corporativos\/#\/schema\/logo\/image\/"},"sameAs":["https:\/\/www.instagram.com\/simetria_s.a.s\/"]}]}},"_links":{"self":[{"href":"https:\/\/www.simetria.com.co\/textiles-promocionales\/wp-json\/wp\/v2\/product\/2043","targetHints":{"allow":["GET"]}}],"collection":[{"href":"https:\/\/www.simetria.com.co\/textiles-promocionales\/wp-json\/wp\/v2\/product"}],"about":[{"href":"https:\/\/www.simetria.com.co\/textiles-promocionales\/wp-json\/wp\/v2\/types\/product"}],"wp:featuredmedia":[{"embeddable":true,"href":"https:\/\/www.simetria.com.co\/textiles-promocionales\/wp-json\/wp\/v2\/media\/2062"}],"wp:attachment":[{"href":"https:\/\/www.simetria.com.co\/textiles-promocionales\/wp-json\/wp\/v2\/media?parent=2043"}],"wp:term":[{"taxonomy":"product_brand","embeddable":true,"href":"https:\/\/www.simetria.com.co\/textiles-promocionales\/wp-json\/wp\/v2\/product_brand?post=2043"},{"taxonomy":"product_cat","embeddable":true,"href":"https:\/\/www.simetria.com.co\/textiles-promocionales\/wp-json\/wp\/v2\/product_cat?post=2043"},{"taxonomy":"product_tag","embeddable":true,"href":"https:\/\/www.simetria.com.co\/textiles-promocionales\/wp-json\/wp\/v2\/product_tag?post=2043"}],"curies":[{"name":"wp","href":"https:\/\/api.w.org\/{rel}","templated":true}]}}