{"id":2044,"date":"2025-06-09T10:41:53","date_gmt":"2025-06-09T15:41:53","guid":{"rendered":"https:\/\/www.simetria.com.co\/regalos-corporativos\/?post_type=product&#038;p=2044"},"modified":"2025-10-30T10:45:42","modified_gmt":"2025-10-30T15:45:42","slug":"recetarios-magneticos","status":"publish","type":"product","link":"https:\/\/www.simetria.com.co\/textiles-promocionales\/producto\/recetarios-magneticos\/","title":{"rendered":"Recetarios Magn\u00e9ticos"},"content":{"rendered":"","protected":false},"excerpt":{"rendered":"<p><strong>Recetarios Magn\u00e9ticos: Los m\u00e1s disruptivos para marcas del sector alimenticio<\/strong><\/p>\n<p>El recetario magn\u00e9tico es uno de los productos m\u00e1s innovadores dentro de nuestra categor\u00eda regalos corporativos. Dise\u00f1ado para marcas del sector de alimentos que quieren permanecer en el d\u00eda a d\u00eda de sus clientes para que cocinen y experimenten con ingredientes de sus l\u00edneas de productos. <\/p>\n<p>Puedes usarlos para ense\u00f1ar preparaciones, incluir recetas paso a paso o tips de cocina. Fabricamos cada recetario en el formato que elijas: plano, con bolsillos, giratorio o con volumen. Todo 100% personalizado con tu identidad de marca.<\/p>\n<p>\u2705<strong>Pedido m\u00ednimo:<\/strong> 1000 unidades<br \/>\n\ud83c\udf74Perfecto para activaciones de marca en supermercados, lanzamientos de producto en tienda de barrio u obsequio promocional en campa\u00f1as.<br \/>\n\ud83c\udfa8Personalizaci\u00f3n completa (contenido + forma + presentaci\u00f3n)<br \/>\n\ud83d\udc49\ud83c\udffb<strong>Solicita una cotizaci\u00f3n<\/strong> y pon a tu marca en el centro de la experiencia culinaria de tus clientes.<\/p>\n<p style=\"text-align: left;margin-top: 4%;\"><a style=\"text-decoration: none;\" href=\"\/cotiza-tu-idea\/\" rel=\"noopener\"><span class=\"ver2\">\u00a1Cotiza ya!<\/span><\/a><\/p>\n","protected":false},"featured_media":2680,"template":"","meta":{"_joinchat":[]},"product_brand":[],"product_cat":[177],"product_tag":[118,30,119,120,121,113,31,114,32],"class_list":{"0":"post-2044","1":"product","2":"type-product","3":"status-publish","4":"has-post-thumbnail","6":"product_cat-regalos-para-la-nevera-u-hogar","7":"product_tag-libros-de-recetas","8":"product_tag-productos-promocionales","9":"product_tag-recetarios-giratorios","10":"product_tag-recetarios-magneticos","11":"product_tag-recetarios-magneticos-giratorios","12":"product_tag-regalos","13":"product_tag-simetria","14":"product_tag-souvenirs","15":"product_tag-visibilidad-de-marca","17":"first","18":"instock","19":"shipping-taxable","20":"product-type-simple","21":"add-to-wishlist-after_add_to_cart"},"yoast_head":"<!-- This site is optimized with the Yoast SEO plugin v27.1.1 - https:\/\/yoast.com\/product\/yoast-seo-wordpress\/ -->\n<title>Recetarios Magn\u00e9ticos - Simetria Regalos Corporativos<\/title>\n<meta name=\"robots\" content=\"index, follow, max-snippet:-1, max-image-preview:large, max-video-preview:-1\" \/>\n<link rel=\"canonical\" href=\"https:\/\/www.simetria.com.co\/regalos-corporativos\/producto\/recetarios-magneticos\/\" \/>\n<meta property=\"og:locale\" content=\"es_ES\" \/>\n<meta property=\"og:type\" content=\"article\" \/>\n<meta property=\"og:title\" content=\"Recetarios Magn\u00e9ticos - Simetria Regalos Corporativos\" \/>\n<meta property=\"og:description\" content=\"Recetarios Magn\u00e9ticos: Los m\u00e1s disruptivos para marcas del sector alimenticio  El recetario magn\u00e9tico es uno de los productos m\u00e1s innovadores dentro de nuestra categor\u00eda regalos corporativos. Dise\u00f1ado para marcas del sector de alimentos que quieren permanecer en el d\u00eda a d\u00eda de sus clientes para que cocinen y experimenten con ingredientes de sus l\u00edneas de productos.   Puedes usarlos para ense\u00f1ar preparaciones, incluir recetas paso a paso o tips de cocina. Fabricamos cada recetario en el formato que elijas: plano, con bolsillos, giratorio o con volumen. Todo 100% personalizado con tu identidad de marca.  \u2705Pedido m\u00ednimo: 1000 unidades  \ud83c\udf74Perfecto para activaciones de marca en supermercados, lanzamientos de producto en tienda de barrio u obsequio promocional en campa\u00f1as.  \ud83c\udfa8Personalizaci\u00f3n completa (contenido + forma + presentaci\u00f3n) \ud83d\udc49\ud83c\udffbSolicita una cotizaci\u00f3n y pon a tu marca en el centro de la experiencia culinaria de tus clientes.  \u00a1Cotiza ya!\" \/>\n<meta property=\"og:url\" content=\"https:\/\/www.simetria.com.co\/regalos-corporativos\/producto\/recetarios-magneticos\/\" \/>\n<meta property=\"og:site_name\" content=\"Simetria Regalos Corporativos\" \/>\n<meta property=\"article:modified_time\" content=\"2025-10-30T15:45:42+00:00\" \/>\n<meta property=\"og:image\" content=\"https:\/\/www.simetria.com.co\/regalos-corporativos\/wp-content\/uploads\/2025\/10\/Rcetario-colanta.jpg\" \/>\n\t<meta property=\"og:image:width\" content=\"1080\" \/>\n\t<meta property=\"og:image:height\" content=\"1080\" \/>\n\t<meta property=\"og:image:type\" content=\"image\/jpeg\" \/>\n<meta name=\"twitter:card\" content=\"summary_large_image\" \/>\n<meta name=\"twitter:label1\" content=\"Tiempo de lectura\" \/>\n\t<meta name=\"twitter:data1\" content=\"1 minuto\" \/>\n<script type=\"application\/ld+json\" class=\"yoast-schema-graph\">{\"@context\":\"https:\/\/schema.org\",\"@graph\":[{\"@type\":\"WebPage\",\"@id\":\"https:\/\/www.simetria.com.co\/regalos-corporativos\/producto\/recetarios-magneticos\/\",\"url\":\"https:\/\/www.simetria.com.co\/regalos-corporativos\/producto\/recetarios-magneticos\/\",\"name\":\"Recetarios Magn\u00e9ticos - Simetria Regalos Corporativos\",\"isPartOf\":{\"@id\":\"https:\/\/www.simetria.com.co\/regalos-corporativos\/#website\"},\"primaryImageOfPage\":{\"@id\":\"https:\/\/www.simetria.com.co\/regalos-corporativos\/producto\/recetarios-magneticos\/#primaryimage\"},\"image\":{\"@id\":\"https:\/\/www.simetria.com.co\/regalos-corporativos\/producto\/recetarios-magneticos\/#primaryimage\"},\"thumbnailUrl\":\"https:\/\/www.simetria.com.co\/textiles-promocionales\/wp-content\/uploads\/2025\/10\/Rcetario-colanta.jpg\",\"datePublished\":\"2025-06-09T15:41:53+00:00\",\"dateModified\":\"2025-10-30T15:45:42+00:00\",\"breadcrumb\":{\"@id\":\"https:\/\/www.simetria.com.co\/regalos-corporativos\/producto\/recetarios-magneticos\/#breadcrumb\"},\"inLanguage\":\"es-CO\",\"potentialAction\":[{\"@type\":\"ReadAction\",\"target\":[\"https:\/\/www.simetria.com.co\/regalos-corporativos\/producto\/recetarios-magneticos\/\"]}]},{\"@type\":\"ImageObject\",\"inLanguage\":\"es-CO\",\"@id\":\"https:\/\/www.simetria.com.co\/regalos-corporativos\/producto\/recetarios-magneticos\/#primaryimage\",\"url\":\"https:\/\/www.simetria.com.co\/textiles-promocionales\/wp-content\/uploads\/2025\/10\/Rcetario-colanta.jpg\",\"contentUrl\":\"https:\/\/www.simetria.com.co\/textiles-promocionales\/wp-content\/uploads\/2025\/10\/Rcetario-colanta.jpg\",\"width\":1080,\"height\":1080,\"caption\":\"Recetario magn\u00e9tico de Quesito Montefr\u00edo Colanta.\"},{\"@type\":\"BreadcrumbList\",\"@id\":\"https:\/\/www.simetria.com.co\/regalos-corporativos\/producto\/recetarios-magneticos\/#breadcrumb\",\"itemListElement\":[{\"@type\":\"ListItem\",\"position\":1,\"name\":\"Inicio\",\"item\":\"https:\/\/www.simetria.com.co\/textiles-promocionales\/\"},{\"@type\":\"ListItem\",\"position\":2,\"name\":\"Productos\",\"item\":\"https:\/\/www.simetria.com.co\/regalos-corporativos\/tienda__trashed\/\"},{\"@type\":\"ListItem\",\"position\":3,\"name\":\"Recetarios Magn\u00e9ticos\"}]},{\"@type\":\"WebSite\",\"@id\":\"https:\/\/www.simetria.com.co\/regalos-corporativos\/#website\",\"url\":\"https:\/\/www.simetria.com.co\/regalos-corporativos\/\",\"name\":\"simetria.com.co\/regalos-corporativos\/\",\"description\":\"Regalos Corporativos\",\"publisher\":{\"@id\":\"https:\/\/www.simetria.com.co\/regalos-corporativos\/#organization\"},\"potentialAction\":[{\"@type\":\"SearchAction\",\"target\":{\"@type\":\"EntryPoint\",\"urlTemplate\":\"https:\/\/www.simetria.com.co\/regalos-corporativos\/?s={search_term_string}\"},\"query-input\":{\"@type\":\"PropertyValueSpecification\",\"valueRequired\":true,\"valueName\":\"search_term_string\"}}],\"inLanguage\":\"es-CO\"},{\"@type\":\"Organization\",\"@id\":\"https:\/\/www.simetria.com.co\/regalos-corporativos\/#organization\",\"name\":\"Simetria\",\"url\":\"https:\/\/www.simetria.com.co\/regalos-corporativos\/\",\"logo\":{\"@type\":\"ImageObject\",\"inLanguage\":\"es-CO\",\"@id\":\"https:\/\/www.simetria.com.co\/regalos-corporativos\/#\/schema\/logo\/image\/\",\"url\":\"https:\/\/www.simetria.com.co\/regalos-corporativos\/wp-content\/uploads\/2025\/07\/logo-simetria5.png\",\"contentUrl\":\"https:\/\/www.simetria.com.co\/regalos-corporativos\/wp-content\/uploads\/2025\/07\/logo-simetria5.png\",\"width\":393,\"height\":354,\"caption\":\"Simetria\"},\"image\":{\"@id\":\"https:\/\/www.simetria.com.co\/regalos-corporativos\/#\/schema\/logo\/image\/\"},\"sameAs\":[\"https:\/\/www.instagram.com\/simetria_s.a.s\/\"]}]}<\/script>\n<!-- \/ Yoast SEO plugin. -->","yoast_head_json":{"title":"Recetarios Magn\u00e9ticos - Simetria Regalos Corporativos","robots":{"index":"index","follow":"follow","max-snippet":"max-snippet:-1","max-image-preview":"max-image-preview:large","max-video-preview":"max-video-preview:-1"},"canonical":"https:\/\/www.simetria.com.co\/regalos-corporativos\/producto\/recetarios-magneticos\/","og_locale":"es_ES","og_type":"article","og_title":"Recetarios Magn\u00e9ticos - Simetria Regalos Corporativos","og_description":"Recetarios Magn\u00e9ticos: Los m\u00e1s disruptivos para marcas del sector alimenticio  El recetario magn\u00e9tico es uno de los productos m\u00e1s innovadores dentro de nuestra categor\u00eda regalos corporativos. Dise\u00f1ado para marcas del sector de alimentos que quieren permanecer en el d\u00eda a d\u00eda de sus clientes para que cocinen y experimenten con ingredientes de sus l\u00edneas de productos.   Puedes usarlos para ense\u00f1ar preparaciones, incluir recetas paso a paso o tips de cocina. Fabricamos cada recetario en el formato que elijas: plano, con bolsillos, giratorio o con volumen. Todo 100% personalizado con tu identidad de marca.  \u2705Pedido m\u00ednimo: 1000 unidades  \ud83c\udf74Perfecto para activaciones de marca en supermercados, lanzamientos de producto en tienda de barrio u obsequio promocional en campa\u00f1as.  \ud83c\udfa8Personalizaci\u00f3n completa (contenido + forma + presentaci\u00f3n) \ud83d\udc49\ud83c\udffbSolicita una cotizaci\u00f3n y pon a tu marca en el centro de la experiencia culinaria de tus clientes.  \u00a1Cotiza ya!","og_url":"https:\/\/www.simetria.com.co\/regalos-corporativos\/producto\/recetarios-magneticos\/","og_site_name":"Simetria Regalos Corporativos","article_modified_time":"2025-10-30T15:45:42+00:00","og_image":[{"width":1080,"height":1080,"url":"https:\/\/www.simetria.com.co\/regalos-corporativos\/wp-content\/uploads\/2025\/10\/Rcetario-colanta.jpg","type":"image\/jpeg"}],"twitter_card":"summary_large_image","twitter_misc":{"Tiempo de lectura":"1 minuto"},"schema":{"@context":"https:\/\/schema.org","@graph":[{"@type":"WebPage","@id":"https:\/\/www.simetria.com.co\/regalos-corporativos\/producto\/recetarios-magneticos\/","url":"https:\/\/www.simetria.com.co\/regalos-corporativos\/producto\/recetarios-magneticos\/","name":"Recetarios Magn\u00e9ticos - Simetria Regalos Corporativos","isPartOf":{"@id":"https:\/\/www.simetria.com.co\/regalos-corporativos\/#website"},"primaryImageOfPage":{"@id":"https:\/\/www.simetria.com.co\/regalos-corporativos\/producto\/recetarios-magneticos\/#primaryimage"},"image":{"@id":"https:\/\/www.simetria.com.co\/regalos-corporativos\/producto\/recetarios-magneticos\/#primaryimage"},"thumbnailUrl":"https:\/\/www.simetria.com.co\/textiles-promocionales\/wp-content\/uploads\/2025\/10\/Rcetario-colanta.jpg","datePublished":"2025-06-09T15:41:53+00:00","dateModified":"2025-10-30T15:45:42+00:00","breadcrumb":{"@id":"https:\/\/www.simetria.com.co\/regalos-corporativos\/producto\/recetarios-magneticos\/#breadcrumb"},"inLanguage":"es-CO","potentialAction":[{"@type":"ReadAction","target":["https:\/\/www.simetria.com.co\/regalos-corporativos\/producto\/recetarios-magneticos\/"]}]},{"@type":"ImageObject","inLanguage":"es-CO","@id":"https:\/\/www.simetria.com.co\/regalos-corporativos\/producto\/recetarios-magneticos\/#primaryimage","url":"https:\/\/www.simetria.com.co\/textiles-promocionales\/wp-content\/uploads\/2025\/10\/Rcetario-colanta.jpg","contentUrl":"https:\/\/www.simetria.com.co\/textiles-promocionales\/wp-content\/uploads\/2025\/10\/Rcetario-colanta.jpg","width":1080,"height":1080,"caption":"Recetario magn\u00e9tico de Quesito Montefr\u00edo Colanta."},{"@type":"BreadcrumbList","@id":"https:\/\/www.simetria.com.co\/regalos-corporativos\/producto\/recetarios-magneticos\/#breadcrumb","itemListElement":[{"@type":"ListItem","position":1,"name":"Inicio","item":"https:\/\/www.simetria.com.co\/textiles-promocionales\/"},{"@type":"ListItem","position":2,"name":"Productos","item":"https:\/\/www.simetria.com.co\/regalos-corporativos\/tienda__trashed\/"},{"@type":"ListItem","position":3,"name":"Recetarios Magn\u00e9ticos"}]},{"@type":"WebSite","@id":"https:\/\/www.simetria.com.co\/regalos-corporativos\/#website","url":"https:\/\/www.simetria.com.co\/regalos-corporativos\/","name":"simetria.com.co\/regalos-corporativos\/","description":"Regalos Corporativos","publisher":{"@id":"https:\/\/www.simetria.com.co\/regalos-corporativos\/#organization"},"potentialAction":[{"@type":"SearchAction","target":{"@type":"EntryPoint","urlTemplate":"https:\/\/www.simetria.com.co\/regalos-corporativos\/?s={search_term_string}"},"query-input":{"@type":"PropertyValueSpecification","valueRequired":true,"valueName":"search_term_string"}}],"inLanguage":"es-CO"},{"@type":"Organization","@id":"https:\/\/www.simetria.com.co\/regalos-corporativos\/#organization","name":"Simetria","url":"https:\/\/www.simetria.com.co\/regalos-corporativos\/","logo":{"@type":"ImageObject","inLanguage":"es-CO","@id":"https:\/\/www.simetria.com.co\/regalos-corporativos\/#\/schema\/logo\/image\/","url":"https:\/\/www.simetria.com.co\/regalos-corporativos\/wp-content\/uploads\/2025\/07\/logo-simetria5.png","contentUrl":"https:\/\/www.simetria.com.co\/regalos-corporativos\/wp-content\/uploads\/2025\/07\/logo-simetria5.png","width":393,"height":354,"caption":"Simetria"},"image":{"@id":"https:\/\/www.simetria.com.co\/regalos-corporativos\/#\/schema\/logo\/image\/"},"sameAs":["https:\/\/www.instagram.com\/simetria_s.a.s\/"]}]}},"_links":{"self":[{"href":"https:\/\/www.simetria.com.co\/textiles-promocionales\/wp-json\/wp\/v2\/product\/2044","targetHints":{"allow":["GET"]}}],"collection":[{"href":"https:\/\/www.simetria.com.co\/textiles-promocionales\/wp-json\/wp\/v2\/product"}],"about":[{"href":"https:\/\/www.simetria.com.co\/textiles-promocionales\/wp-json\/wp\/v2\/types\/product"}],"wp:featuredmedia":[{"embeddable":true,"href":"https:\/\/www.simetria.com.co\/textiles-promocionales\/wp-json\/wp\/v2\/media\/2680"}],"wp:attachment":[{"href":"https:\/\/www.simetria.com.co\/textiles-promocionales\/wp-json\/wp\/v2\/media?parent=2044"}],"wp:term":[{"taxonomy":"product_brand","embeddable":true,"href":"https:\/\/www.simetria.com.co\/textiles-promocionales\/wp-json\/wp\/v2\/product_brand?post=2044"},{"taxonomy":"product_cat","embeddable":true,"href":"https:\/\/www.simetria.com.co\/textiles-promocionales\/wp-json\/wp\/v2\/product_cat?post=2044"},{"taxonomy":"product_tag","embeddable":true,"href":"https:\/\/www.simetria.com.co\/textiles-promocionales\/wp-json\/wp\/v2\/product_tag?post=2044"}],"curies":[{"name":"wp","href":"https:\/\/api.w.org\/{rel}","templated":true}]}}