{"id":2046,"date":"2025-06-09T10:41:53","date_gmt":"2025-06-09T15:41:53","guid":{"rendered":"https:\/\/www.simetria.com.co\/regalos-corporativos\/?post_type=product&#038;p=2046"},"modified":"2025-10-27T16:11:15","modified_gmt":"2025-10-27T21:11:15","slug":"portavasos-magneticos","status":"publish","type":"product","link":"https:\/\/www.simetria.com.co\/textiles-promocionales\/producto\/portavasos-magneticos\/","title":{"rendered":"Portavasos Magn\u00e9ticos"},"content":{"rendered":"","protected":false},"excerpt":{"rendered":"<p><strong>Portavasos magn\u00e9ticos: Branding en lugares de encuentro<\/strong><\/p>\n<p>Los portavasos magn\u00e9ticos son el detalle promocional perfecto para poner tu marca justo donde ocurren las conversaciones importantes: en cualquier comida junto a una bebida caliente o fr\u00eda. Ya que se adhieren f\u00e1cilmente a superficies met\u00e1licas como las neveras del hogar, son un regalo que se mantiene visible de forma est\u00e9tica y que puede usarse en el momento en el que se requiera.<\/p>\n<p>Fabricados en material pl\u00e1stico resistente, soportan altas y bajas temperaturas sin deformarse ni perder color. Son duraderos, f\u00e1ciles de limpiar y altamente personalizables, ideales para campa\u00f1as promocionales que buscan dejar huella con un toque decorativo de tu marca.<\/p>\n<p>\ud83d\udce6Presentaci\u00f3n individual o en sets de 2 y 4 unidades.<br \/>\n\ud83c\udfa8<strong>Personalizaci\u00f3n completa:<\/strong> forma, color, dise\u00f1o y empaque.<br \/>\n\u2615\ufe0fPerfectos para campa\u00f1as de posicionamiento de marca.<br \/>\n\u2705<strong>Pedido m\u00ednimo:<\/strong> 1000 unidades<br \/>\n\ud83d\udc49\ud83c\udffb<strong>Solicita una cotizaci\u00f3n<\/strong> y haz que tu marca est\u00e9 presente en cada conversaci\u00f3n importante.<\/p>\n<p style=\"text-align: left;margin-top: 4%;\"><a style=\"text-decoration: none;\" href=\"\/cotiza-tu-idea\/\" rel=\"noopener\"><span class=\"ver2\">\u00a1Cotiza ya!<\/span><\/a><\/p>\n","protected":false},"featured_media":2415,"template":"","meta":{"_joinchat":[]},"product_brand":[],"product_cat":[177],"product_tag":[130,131,30,113,31,114,32],"class_list":{"0":"post-2046","1":"product","2":"type-product","3":"status-publish","4":"has-post-thumbnail","6":"product_cat-regalos-para-la-nevera-u-hogar","7":"product_tag-portavasos-imantados","8":"product_tag-portavasos-magneticos","9":"product_tag-productos-promocionales","10":"product_tag-regalos","11":"product_tag-simetria","12":"product_tag-souvenirs","13":"product_tag-visibilidad-de-marca","15":"first","16":"instock","17":"shipping-taxable","18":"product-type-simple","19":"add-to-wishlist-after_add_to_cart"},"yoast_head":"<!-- This site is optimized with the Yoast SEO plugin v27.1.1 - https:\/\/yoast.com\/product\/yoast-seo-wordpress\/ -->\n<title>Portavasos Magn\u00e9ticos - Simetria Regalos Corporativos<\/title>\n<meta name=\"robots\" content=\"index, follow, max-snippet:-1, max-image-preview:large, max-video-preview:-1\" \/>\n<link rel=\"canonical\" href=\"https:\/\/www.simetria.com.co\/regalos-corporativos\/producto\/portavasos-magneticos\/\" \/>\n<meta property=\"og:locale\" content=\"es_ES\" \/>\n<meta property=\"og:type\" content=\"article\" \/>\n<meta property=\"og:title\" content=\"Portavasos Magn\u00e9ticos - Simetria Regalos Corporativos\" \/>\n<meta property=\"og:description\" content=\"Portavasos magn\u00e9ticos: Branding en lugares de encuentro  Los portavasos magn\u00e9ticos son el detalle promocional perfecto para poner tu marca justo donde ocurren las conversaciones importantes: en cualquier comida junto a una bebida caliente o fr\u00eda. Ya que se adhieren f\u00e1cilmente a superficies met\u00e1licas como las neveras del hogar, son un regalo que se mantiene visible de forma est\u00e9tica y que puede usarse en el momento en el que se requiera.  Fabricados en material pl\u00e1stico resistente, soportan altas y bajas temperaturas sin deformarse ni perder color. Son duraderos, f\u00e1ciles de limpiar y altamente personalizables, ideales para campa\u00f1as promocionales que buscan dejar huella con un toque decorativo de tu marca.  \ud83d\udce6Presentaci\u00f3n individual o en sets de 2 y 4 unidades.  \ud83c\udfa8Personalizaci\u00f3n completa: forma, color, dise\u00f1o y empaque.  \u2615\ufe0fPerfectos para campa\u00f1as de posicionamiento de marca. \u2705Pedido m\u00ednimo: 1000 unidades \ud83d\udc49\ud83c\udffbSolicita una cotizaci\u00f3n y haz que tu marca est\u00e9 presente en cada conversaci\u00f3n importante.  \u00a1Cotiza ya!\" \/>\n<meta property=\"og:url\" content=\"https:\/\/www.simetria.com.co\/regalos-corporativos\/producto\/portavasos-magneticos\/\" \/>\n<meta property=\"og:site_name\" content=\"Simetria Regalos Corporativos\" \/>\n<meta property=\"article:modified_time\" content=\"2025-10-27T21:11:15+00:00\" \/>\n<meta property=\"og:image\" content=\"https:\/\/www.simetria.com.co\/regalos-corporativos\/wp-content\/uploads\/2025\/06\/pm2.jpg\" \/>\n\t<meta property=\"og:image:width\" content=\"800\" \/>\n\t<meta property=\"og:image:height\" content=\"800\" \/>\n\t<meta property=\"og:image:type\" content=\"image\/jpeg\" \/>\n<meta name=\"twitter:card\" content=\"summary_large_image\" \/>\n<meta name=\"twitter:label1\" content=\"Tiempo de lectura\" \/>\n\t<meta name=\"twitter:data1\" content=\"1 minuto\" \/>\n<script type=\"application\/ld+json\" class=\"yoast-schema-graph\">{\"@context\":\"https:\/\/schema.org\",\"@graph\":[{\"@type\":\"WebPage\",\"@id\":\"https:\/\/www.simetria.com.co\/regalos-corporativos\/producto\/portavasos-magneticos\/\",\"url\":\"https:\/\/www.simetria.com.co\/regalos-corporativos\/producto\/portavasos-magneticos\/\",\"name\":\"Portavasos Magn\u00e9ticos - Simetria Regalos Corporativos\",\"isPartOf\":{\"@id\":\"https:\/\/www.simetria.com.co\/regalos-corporativos\/#website\"},\"primaryImageOfPage\":{\"@id\":\"https:\/\/www.simetria.com.co\/regalos-corporativos\/producto\/portavasos-magneticos\/#primaryimage\"},\"image\":{\"@id\":\"https:\/\/www.simetria.com.co\/regalos-corporativos\/producto\/portavasos-magneticos\/#primaryimage\"},\"thumbnailUrl\":\"https:\/\/www.simetria.com.co\/textiles-promocionales\/wp-content\/uploads\/2025\/06\/pm2.jpg\",\"datePublished\":\"2025-06-09T15:41:53+00:00\",\"dateModified\":\"2025-10-27T21:11:15+00:00\",\"breadcrumb\":{\"@id\":\"https:\/\/www.simetria.com.co\/regalos-corporativos\/producto\/portavasos-magneticos\/#breadcrumb\"},\"inLanguage\":\"es-CO\",\"potentialAction\":[{\"@type\":\"ReadAction\",\"target\":[\"https:\/\/www.simetria.com.co\/regalos-corporativos\/producto\/portavasos-magneticos\/\"]}]},{\"@type\":\"ImageObject\",\"inLanguage\":\"es-CO\",\"@id\":\"https:\/\/www.simetria.com.co\/regalos-corporativos\/producto\/portavasos-magneticos\/#primaryimage\",\"url\":\"https:\/\/www.simetria.com.co\/textiles-promocionales\/wp-content\/uploads\/2025\/06\/pm2.jpg\",\"contentUrl\":\"https:\/\/www.simetria.com.co\/textiles-promocionales\/wp-content\/uploads\/2025\/06\/pm2.jpg\",\"width\":800,\"height\":800,\"caption\":\"set de portavasos magn\u00e9ticos en forma de hex\u00e1gono con tematica del d\u00eda del padre con la marca Bag\u00f3.\"},{\"@type\":\"BreadcrumbList\",\"@id\":\"https:\/\/www.simetria.com.co\/regalos-corporativos\/producto\/portavasos-magneticos\/#breadcrumb\",\"itemListElement\":[{\"@type\":\"ListItem\",\"position\":1,\"name\":\"Inicio\",\"item\":\"https:\/\/www.simetria.com.co\/textiles-promocionales\/\"},{\"@type\":\"ListItem\",\"position\":2,\"name\":\"Productos\",\"item\":\"https:\/\/www.simetria.com.co\/regalos-corporativos\/tienda__trashed\/\"},{\"@type\":\"ListItem\",\"position\":3,\"name\":\"Portavasos Magn\u00e9ticos\"}]},{\"@type\":\"WebSite\",\"@id\":\"https:\/\/www.simetria.com.co\/regalos-corporativos\/#website\",\"url\":\"https:\/\/www.simetria.com.co\/regalos-corporativos\/\",\"name\":\"simetria.com.co\/regalos-corporativos\/\",\"description\":\"Regalos Corporativos\",\"publisher\":{\"@id\":\"https:\/\/www.simetria.com.co\/regalos-corporativos\/#organization\"},\"potentialAction\":[{\"@type\":\"SearchAction\",\"target\":{\"@type\":\"EntryPoint\",\"urlTemplate\":\"https:\/\/www.simetria.com.co\/regalos-corporativos\/?s={search_term_string}\"},\"query-input\":{\"@type\":\"PropertyValueSpecification\",\"valueRequired\":true,\"valueName\":\"search_term_string\"}}],\"inLanguage\":\"es-CO\"},{\"@type\":\"Organization\",\"@id\":\"https:\/\/www.simetria.com.co\/regalos-corporativos\/#organization\",\"name\":\"Simetria\",\"url\":\"https:\/\/www.simetria.com.co\/regalos-corporativos\/\",\"logo\":{\"@type\":\"ImageObject\",\"inLanguage\":\"es-CO\",\"@id\":\"https:\/\/www.simetria.com.co\/regalos-corporativos\/#\/schema\/logo\/image\/\",\"url\":\"https:\/\/www.simetria.com.co\/regalos-corporativos\/wp-content\/uploads\/2025\/07\/logo-simetria5.png\",\"contentUrl\":\"https:\/\/www.simetria.com.co\/regalos-corporativos\/wp-content\/uploads\/2025\/07\/logo-simetria5.png\",\"width\":393,\"height\":354,\"caption\":\"Simetria\"},\"image\":{\"@id\":\"https:\/\/www.simetria.com.co\/regalos-corporativos\/#\/schema\/logo\/image\/\"},\"sameAs\":[\"https:\/\/www.instagram.com\/simetria_s.a.s\/\"]}]}<\/script>\n<!-- \/ Yoast SEO plugin. -->","yoast_head_json":{"title":"Portavasos Magn\u00e9ticos - Simetria Regalos Corporativos","robots":{"index":"index","follow":"follow","max-snippet":"max-snippet:-1","max-image-preview":"max-image-preview:large","max-video-preview":"max-video-preview:-1"},"canonical":"https:\/\/www.simetria.com.co\/regalos-corporativos\/producto\/portavasos-magneticos\/","og_locale":"es_ES","og_type":"article","og_title":"Portavasos Magn\u00e9ticos - Simetria Regalos Corporativos","og_description":"Portavasos magn\u00e9ticos: Branding en lugares de encuentro  Los portavasos magn\u00e9ticos son el detalle promocional perfecto para poner tu marca justo donde ocurren las conversaciones importantes: en cualquier comida junto a una bebida caliente o fr\u00eda. Ya que se adhieren f\u00e1cilmente a superficies met\u00e1licas como las neveras del hogar, son un regalo que se mantiene visible de forma est\u00e9tica y que puede usarse en el momento en el que se requiera.  Fabricados en material pl\u00e1stico resistente, soportan altas y bajas temperaturas sin deformarse ni perder color. Son duraderos, f\u00e1ciles de limpiar y altamente personalizables, ideales para campa\u00f1as promocionales que buscan dejar huella con un toque decorativo de tu marca.  \ud83d\udce6Presentaci\u00f3n individual o en sets de 2 y 4 unidades.  \ud83c\udfa8Personalizaci\u00f3n completa: forma, color, dise\u00f1o y empaque.  \u2615\ufe0fPerfectos para campa\u00f1as de posicionamiento de marca. \u2705Pedido m\u00ednimo: 1000 unidades \ud83d\udc49\ud83c\udffbSolicita una cotizaci\u00f3n y haz que tu marca est\u00e9 presente en cada conversaci\u00f3n importante.  \u00a1Cotiza ya!","og_url":"https:\/\/www.simetria.com.co\/regalos-corporativos\/producto\/portavasos-magneticos\/","og_site_name":"Simetria Regalos Corporativos","article_modified_time":"2025-10-27T21:11:15+00:00","og_image":[{"width":800,"height":800,"url":"https:\/\/www.simetria.com.co\/regalos-corporativos\/wp-content\/uploads\/2025\/06\/pm2.jpg","type":"image\/jpeg"}],"twitter_card":"summary_large_image","twitter_misc":{"Tiempo de lectura":"1 minuto"},"schema":{"@context":"https:\/\/schema.org","@graph":[{"@type":"WebPage","@id":"https:\/\/www.simetria.com.co\/regalos-corporativos\/producto\/portavasos-magneticos\/","url":"https:\/\/www.simetria.com.co\/regalos-corporativos\/producto\/portavasos-magneticos\/","name":"Portavasos Magn\u00e9ticos - Simetria Regalos Corporativos","isPartOf":{"@id":"https:\/\/www.simetria.com.co\/regalos-corporativos\/#website"},"primaryImageOfPage":{"@id":"https:\/\/www.simetria.com.co\/regalos-corporativos\/producto\/portavasos-magneticos\/#primaryimage"},"image":{"@id":"https:\/\/www.simetria.com.co\/regalos-corporativos\/producto\/portavasos-magneticos\/#primaryimage"},"thumbnailUrl":"https:\/\/www.simetria.com.co\/textiles-promocionales\/wp-content\/uploads\/2025\/06\/pm2.jpg","datePublished":"2025-06-09T15:41:53+00:00","dateModified":"2025-10-27T21:11:15+00:00","breadcrumb":{"@id":"https:\/\/www.simetria.com.co\/regalos-corporativos\/producto\/portavasos-magneticos\/#breadcrumb"},"inLanguage":"es-CO","potentialAction":[{"@type":"ReadAction","target":["https:\/\/www.simetria.com.co\/regalos-corporativos\/producto\/portavasos-magneticos\/"]}]},{"@type":"ImageObject","inLanguage":"es-CO","@id":"https:\/\/www.simetria.com.co\/regalos-corporativos\/producto\/portavasos-magneticos\/#primaryimage","url":"https:\/\/www.simetria.com.co\/textiles-promocionales\/wp-content\/uploads\/2025\/06\/pm2.jpg","contentUrl":"https:\/\/www.simetria.com.co\/textiles-promocionales\/wp-content\/uploads\/2025\/06\/pm2.jpg","width":800,"height":800,"caption":"set de portavasos magn\u00e9ticos en forma de hex\u00e1gono con tematica del d\u00eda del padre con la marca Bag\u00f3."},{"@type":"BreadcrumbList","@id":"https:\/\/www.simetria.com.co\/regalos-corporativos\/producto\/portavasos-magneticos\/#breadcrumb","itemListElement":[{"@type":"ListItem","position":1,"name":"Inicio","item":"https:\/\/www.simetria.com.co\/textiles-promocionales\/"},{"@type":"ListItem","position":2,"name":"Productos","item":"https:\/\/www.simetria.com.co\/regalos-corporativos\/tienda__trashed\/"},{"@type":"ListItem","position":3,"name":"Portavasos Magn\u00e9ticos"}]},{"@type":"WebSite","@id":"https:\/\/www.simetria.com.co\/regalos-corporativos\/#website","url":"https:\/\/www.simetria.com.co\/regalos-corporativos\/","name":"simetria.com.co\/regalos-corporativos\/","description":"Regalos Corporativos","publisher":{"@id":"https:\/\/www.simetria.com.co\/regalos-corporativos\/#organization"},"potentialAction":[{"@type":"SearchAction","target":{"@type":"EntryPoint","urlTemplate":"https:\/\/www.simetria.com.co\/regalos-corporativos\/?s={search_term_string}"},"query-input":{"@type":"PropertyValueSpecification","valueRequired":true,"valueName":"search_term_string"}}],"inLanguage":"es-CO"},{"@type":"Organization","@id":"https:\/\/www.simetria.com.co\/regalos-corporativos\/#organization","name":"Simetria","url":"https:\/\/www.simetria.com.co\/regalos-corporativos\/","logo":{"@type":"ImageObject","inLanguage":"es-CO","@id":"https:\/\/www.simetria.com.co\/regalos-corporativos\/#\/schema\/logo\/image\/","url":"https:\/\/www.simetria.com.co\/regalos-corporativos\/wp-content\/uploads\/2025\/07\/logo-simetria5.png","contentUrl":"https:\/\/www.simetria.com.co\/regalos-corporativos\/wp-content\/uploads\/2025\/07\/logo-simetria5.png","width":393,"height":354,"caption":"Simetria"},"image":{"@id":"https:\/\/www.simetria.com.co\/regalos-corporativos\/#\/schema\/logo\/image\/"},"sameAs":["https:\/\/www.instagram.com\/simetria_s.a.s\/"]}]}},"_links":{"self":[{"href":"https:\/\/www.simetria.com.co\/textiles-promocionales\/wp-json\/wp\/v2\/product\/2046","targetHints":{"allow":["GET"]}}],"collection":[{"href":"https:\/\/www.simetria.com.co\/textiles-promocionales\/wp-json\/wp\/v2\/product"}],"about":[{"href":"https:\/\/www.simetria.com.co\/textiles-promocionales\/wp-json\/wp\/v2\/types\/product"}],"wp:featuredmedia":[{"embeddable":true,"href":"https:\/\/www.simetria.com.co\/textiles-promocionales\/wp-json\/wp\/v2\/media\/2415"}],"wp:attachment":[{"href":"https:\/\/www.simetria.com.co\/textiles-promocionales\/wp-json\/wp\/v2\/media?parent=2046"}],"wp:term":[{"taxonomy":"product_brand","embeddable":true,"href":"https:\/\/www.simetria.com.co\/textiles-promocionales\/wp-json\/wp\/v2\/product_brand?post=2046"},{"taxonomy":"product_cat","embeddable":true,"href":"https:\/\/www.simetria.com.co\/textiles-promocionales\/wp-json\/wp\/v2\/product_cat?post=2046"},{"taxonomy":"product_tag","embeddable":true,"href":"https:\/\/www.simetria.com.co\/textiles-promocionales\/wp-json\/wp\/v2\/product_tag?post=2046"}],"curies":[{"name":"wp","href":"https:\/\/api.w.org\/{rel}","templated":true}]}}