{"id":2054,"date":"2025-06-09T10:41:54","date_gmt":"2025-06-09T15:41:54","guid":{"rendered":"https:\/\/www.simetria.com.co\/regalos-corporativos\/?post_type=product&#038;p=2054"},"modified":"2026-01-13T10:51:01","modified_gmt":"2026-01-13T15:51:01","slug":"portamemos-con-lapiz-o-marcador","status":"publish","type":"product","link":"https:\/\/www.simetria.com.co\/textiles-promocionales\/producto\/portamemos-con-lapiz-o-marcador\/","title":{"rendered":"Portamemos con l\u00e1piz o marcador"},"content":{"rendered":"","protected":false},"excerpt":{"rendered":"<p><strong>Portamemos Magn\u00e9ticos: Obsequios empresariales para escribir la diferencia<\/strong> <\/p>\n<p>El <strong>portamemos magn\u00e9tico<\/strong> es un promocional pr\u00e1ctico que incluye un taco de hojas impresas y va acompa\u00f1ado de un l\u00e1piz ecol\u00f3gico o un marcador borrable con sujetador. Es un detalle ideal para regalar a tus clientes de modo que anoten listas, mensajes o recordatorios.<\/p>\n<p>Perfecto para <strong>empresas de domicilios o servicios<\/strong> que quieren mantener su marca visible en las anotaciones del d\u00eda a d\u00eda del cliente, a diferencia de algunas otras opciones como las libretas convencionales que simplemente se pierden con facilidad.<\/p>\n<p>Fabricamos cada portamemos con el n\u00famero de hojas, forma y dise\u00f1o que necesites.<\/p>\n<p>\u2705<strong>Pedido m\u00ednimo:<\/strong> 1000 unidades<br \/>\n\ud83d\udd8b\ufe0fPersonalizaci\u00f3n completa incluida<br \/>\n\ud83c\udf31Opci\u00f3n ecol\u00f3gica con l\u00e1pices sostenibles<br \/>\n\ud83d\udc49\ud83c\udffb<strong>Cot\u00edzalos ahora <\/strong>y potencia tu marca con un art\u00edculo funcional de alta recordaci\u00f3n.<\/p>\n<p style=\"text-align: left;margin-top: 4%;\"><a style=\"text-decoration: none;\" href=\"\/cotiza-tu-idea\/\" rel=\"noopener\"><span class=\"ver2\">\u00a1Cotiza ya!<\/span><\/a><\/p>\n","protected":false},"featured_media":2689,"template":"","meta":{"_joinchat":[]},"product_brand":[],"product_cat":[177],"product_tag":[148,154,155,30,113,31,114,32],"class_list":{"0":"post-2054","1":"product","2":"type-product","3":"status-publish","4":"has-post-thumbnail","6":"product_cat-regalos-para-la-nevera-u-hogar","7":"product_tag-magneticos","8":"product_tag-percheros","9":"product_tag-portallaves","10":"product_tag-productos-promocionales","11":"product_tag-regalos","12":"product_tag-simetria","13":"product_tag-souvenirs","14":"product_tag-visibilidad-de-marca","16":"first","17":"instock","18":"shipping-taxable","19":"product-type-simple","20":"add-to-wishlist-after_add_to_cart"},"yoast_head":"<!-- This site is optimized with the Yoast SEO plugin v27.1.1 - https:\/\/yoast.com\/product\/yoast-seo-wordpress\/ -->\n<title>Portamemos con l\u00e1piz o marcador - Simetria Regalos Corporativos<\/title>\n<meta name=\"robots\" content=\"index, follow, max-snippet:-1, max-image-preview:large, max-video-preview:-1\" \/>\n<link rel=\"canonical\" href=\"https:\/\/www.simetria.com.co\/regalos-corporativos\/producto\/portamemos-con-lapiz-o-marcador\/\" \/>\n<meta property=\"og:locale\" content=\"es_ES\" \/>\n<meta property=\"og:type\" content=\"article\" \/>\n<meta property=\"og:title\" content=\"Portamemos con l\u00e1piz o marcador - Simetria Regalos Corporativos\" \/>\n<meta property=\"og:description\" content=\"Portamemos Magn\u00e9ticos: Obsequios empresariales para escribir la diferencia   El portamemos magn\u00e9tico es un promocional pr\u00e1ctico que incluye un taco de hojas impresas y va acompa\u00f1ado de un l\u00e1piz ecol\u00f3gico o un marcador borrable con sujetador. Es un detalle ideal para regalar a tus clientes de modo que anoten listas, mensajes o recordatorios.  Perfecto para empresas de domicilios o servicios que quieren mantener su marca visible en las anotaciones del d\u00eda a d\u00eda del cliente, a diferencia de algunas otras opciones como las libretas convencionales que simplemente se pierden con facilidad.  Fabricamos cada portamemos con el n\u00famero de hojas, forma y dise\u00f1o que necesites.  \u2705Pedido m\u00ednimo: 1000 unidades  \ud83d\udd8b\ufe0fPersonalizaci\u00f3n completa incluida  \ud83c\udf31Opci\u00f3n ecol\u00f3gica con l\u00e1pices sostenibles \ud83d\udc49\ud83c\udffbCot\u00edzalos ahora y potencia tu marca con un art\u00edculo funcional de alta recordaci\u00f3n.  \u00a1Cotiza ya!\" \/>\n<meta property=\"og:url\" content=\"https:\/\/www.simetria.com.co\/regalos-corporativos\/producto\/portamemos-con-lapiz-o-marcador\/\" \/>\n<meta property=\"og:site_name\" content=\"Simetria Regalos Corporativos\" \/>\n<meta property=\"article:modified_time\" content=\"2026-01-13T15:51:01+00:00\" \/>\n<meta property=\"og:image\" content=\"https:\/\/www.simetria.com.co\/regalos-corporativos\/wp-content\/uploads\/2025\/10\/PORTAMEMOS-LA-VAQUITA.png\" \/>\n\t<meta property=\"og:image:width\" content=\"1080\" \/>\n\t<meta property=\"og:image:height\" content=\"1080\" \/>\n\t<meta property=\"og:image:type\" content=\"image\/png\" \/>\n<meta name=\"twitter:card\" content=\"summary_large_image\" \/>\n<meta name=\"twitter:label1\" content=\"Tiempo de lectura\" \/>\n\t<meta name=\"twitter:data1\" content=\"1 minuto\" \/>\n<script type=\"application\/ld+json\" class=\"yoast-schema-graph\">{\"@context\":\"https:\/\/schema.org\",\"@graph\":[{\"@type\":\"WebPage\",\"@id\":\"https:\/\/www.simetria.com.co\/regalos-corporativos\/producto\/portamemos-con-lapiz-o-marcador\/\",\"url\":\"https:\/\/www.simetria.com.co\/regalos-corporativos\/producto\/portamemos-con-lapiz-o-marcador\/\",\"name\":\"Portamemos con l\u00e1piz o marcador - Simetria Regalos Corporativos\",\"isPartOf\":{\"@id\":\"https:\/\/www.simetria.com.co\/regalos-corporativos\/#website\"},\"primaryImageOfPage\":{\"@id\":\"https:\/\/www.simetria.com.co\/regalos-corporativos\/producto\/portamemos-con-lapiz-o-marcador\/#primaryimage\"},\"image\":{\"@id\":\"https:\/\/www.simetria.com.co\/regalos-corporativos\/producto\/portamemos-con-lapiz-o-marcador\/#primaryimage\"},\"thumbnailUrl\":\"https:\/\/www.simetria.com.co\/textiles-promocionales\/wp-content\/uploads\/2025\/10\/PORTAMEMOS-LA-VAQUITA.png\",\"datePublished\":\"2025-06-09T15:41:54+00:00\",\"dateModified\":\"2026-01-13T15:51:01+00:00\",\"breadcrumb\":{\"@id\":\"https:\/\/www.simetria.com.co\/regalos-corporativos\/producto\/portamemos-con-lapiz-o-marcador\/#breadcrumb\"},\"inLanguage\":\"es-CO\",\"potentialAction\":[{\"@type\":\"ReadAction\",\"target\":[\"https:\/\/www.simetria.com.co\/regalos-corporativos\/producto\/portamemos-con-lapiz-o-marcador\/\"]}]},{\"@type\":\"ImageObject\",\"inLanguage\":\"es-CO\",\"@id\":\"https:\/\/www.simetria.com.co\/regalos-corporativos\/producto\/portamemos-con-lapiz-o-marcador\/#primaryimage\",\"url\":\"https:\/\/www.simetria.com.co\/textiles-promocionales\/wp-content\/uploads\/2025\/10\/PORTAMEMOS-LA-VAQUITA.png\",\"contentUrl\":\"https:\/\/www.simetria.com.co\/textiles-promocionales\/wp-content\/uploads\/2025\/10\/PORTAMEMOS-LA-VAQUITA.png\",\"width\":1080,\"height\":1080,\"caption\":\"Portamemo magn\u00e9tico de la marca Superm\u00fa con datos de contacto.\"},{\"@type\":\"BreadcrumbList\",\"@id\":\"https:\/\/www.simetria.com.co\/regalos-corporativos\/producto\/portamemos-con-lapiz-o-marcador\/#breadcrumb\",\"itemListElement\":[{\"@type\":\"ListItem\",\"position\":1,\"name\":\"Inicio\",\"item\":\"https:\/\/www.simetria.com.co\/textiles-promocionales\/\"},{\"@type\":\"ListItem\",\"position\":2,\"name\":\"Productos\",\"item\":\"https:\/\/www.simetria.com.co\/regalos-corporativos\/tienda__trashed\/\"},{\"@type\":\"ListItem\",\"position\":3,\"name\":\"Portamemos con l\u00e1piz o marcador\"}]},{\"@type\":\"WebSite\",\"@id\":\"https:\/\/www.simetria.com.co\/regalos-corporativos\/#website\",\"url\":\"https:\/\/www.simetria.com.co\/regalos-corporativos\/\",\"name\":\"simetria.com.co\/regalos-corporativos\/\",\"description\":\"Regalos Corporativos\",\"publisher\":{\"@id\":\"https:\/\/www.simetria.com.co\/regalos-corporativos\/#organization\"},\"potentialAction\":[{\"@type\":\"SearchAction\",\"target\":{\"@type\":\"EntryPoint\",\"urlTemplate\":\"https:\/\/www.simetria.com.co\/regalos-corporativos\/?s={search_term_string}\"},\"query-input\":{\"@type\":\"PropertyValueSpecification\",\"valueRequired\":true,\"valueName\":\"search_term_string\"}}],\"inLanguage\":\"es-CO\"},{\"@type\":\"Organization\",\"@id\":\"https:\/\/www.simetria.com.co\/regalos-corporativos\/#organization\",\"name\":\"Simetria\",\"url\":\"https:\/\/www.simetria.com.co\/regalos-corporativos\/\",\"logo\":{\"@type\":\"ImageObject\",\"inLanguage\":\"es-CO\",\"@id\":\"https:\/\/www.simetria.com.co\/regalos-corporativos\/#\/schema\/logo\/image\/\",\"url\":\"https:\/\/www.simetria.com.co\/regalos-corporativos\/wp-content\/uploads\/2025\/07\/logo-simetria5.png\",\"contentUrl\":\"https:\/\/www.simetria.com.co\/regalos-corporativos\/wp-content\/uploads\/2025\/07\/logo-simetria5.png\",\"width\":393,\"height\":354,\"caption\":\"Simetria\"},\"image\":{\"@id\":\"https:\/\/www.simetria.com.co\/regalos-corporativos\/#\/schema\/logo\/image\/\"},\"sameAs\":[\"https:\/\/www.instagram.com\/simetria_s.a.s\/\"]}]}<\/script>\n<!-- \/ Yoast SEO plugin. -->","yoast_head_json":{"title":"Portamemos con l\u00e1piz o marcador - Simetria Regalos Corporativos","robots":{"index":"index","follow":"follow","max-snippet":"max-snippet:-1","max-image-preview":"max-image-preview:large","max-video-preview":"max-video-preview:-1"},"canonical":"https:\/\/www.simetria.com.co\/regalos-corporativos\/producto\/portamemos-con-lapiz-o-marcador\/","og_locale":"es_ES","og_type":"article","og_title":"Portamemos con l\u00e1piz o marcador - Simetria Regalos Corporativos","og_description":"Portamemos Magn\u00e9ticos: Obsequios empresariales para escribir la diferencia   El portamemos magn\u00e9tico es un promocional pr\u00e1ctico que incluye un taco de hojas impresas y va acompa\u00f1ado de un l\u00e1piz ecol\u00f3gico o un marcador borrable con sujetador. Es un detalle ideal para regalar a tus clientes de modo que anoten listas, mensajes o recordatorios.  Perfecto para empresas de domicilios o servicios que quieren mantener su marca visible en las anotaciones del d\u00eda a d\u00eda del cliente, a diferencia de algunas otras opciones como las libretas convencionales que simplemente se pierden con facilidad.  Fabricamos cada portamemos con el n\u00famero de hojas, forma y dise\u00f1o que necesites.  \u2705Pedido m\u00ednimo: 1000 unidades  \ud83d\udd8b\ufe0fPersonalizaci\u00f3n completa incluida  \ud83c\udf31Opci\u00f3n ecol\u00f3gica con l\u00e1pices sostenibles \ud83d\udc49\ud83c\udffbCot\u00edzalos ahora y potencia tu marca con un art\u00edculo funcional de alta recordaci\u00f3n.  \u00a1Cotiza ya!","og_url":"https:\/\/www.simetria.com.co\/regalos-corporativos\/producto\/portamemos-con-lapiz-o-marcador\/","og_site_name":"Simetria Regalos Corporativos","article_modified_time":"2026-01-13T15:51:01+00:00","og_image":[{"width":1080,"height":1080,"url":"https:\/\/www.simetria.com.co\/regalos-corporativos\/wp-content\/uploads\/2025\/10\/PORTAMEMOS-LA-VAQUITA.png","type":"image\/png"}],"twitter_card":"summary_large_image","twitter_misc":{"Tiempo de lectura":"1 minuto"},"schema":{"@context":"https:\/\/schema.org","@graph":[{"@type":"WebPage","@id":"https:\/\/www.simetria.com.co\/regalos-corporativos\/producto\/portamemos-con-lapiz-o-marcador\/","url":"https:\/\/www.simetria.com.co\/regalos-corporativos\/producto\/portamemos-con-lapiz-o-marcador\/","name":"Portamemos con l\u00e1piz o marcador - Simetria Regalos Corporativos","isPartOf":{"@id":"https:\/\/www.simetria.com.co\/regalos-corporativos\/#website"},"primaryImageOfPage":{"@id":"https:\/\/www.simetria.com.co\/regalos-corporativos\/producto\/portamemos-con-lapiz-o-marcador\/#primaryimage"},"image":{"@id":"https:\/\/www.simetria.com.co\/regalos-corporativos\/producto\/portamemos-con-lapiz-o-marcador\/#primaryimage"},"thumbnailUrl":"https:\/\/www.simetria.com.co\/textiles-promocionales\/wp-content\/uploads\/2025\/10\/PORTAMEMOS-LA-VAQUITA.png","datePublished":"2025-06-09T15:41:54+00:00","dateModified":"2026-01-13T15:51:01+00:00","breadcrumb":{"@id":"https:\/\/www.simetria.com.co\/regalos-corporativos\/producto\/portamemos-con-lapiz-o-marcador\/#breadcrumb"},"inLanguage":"es-CO","potentialAction":[{"@type":"ReadAction","target":["https:\/\/www.simetria.com.co\/regalos-corporativos\/producto\/portamemos-con-lapiz-o-marcador\/"]}]},{"@type":"ImageObject","inLanguage":"es-CO","@id":"https:\/\/www.simetria.com.co\/regalos-corporativos\/producto\/portamemos-con-lapiz-o-marcador\/#primaryimage","url":"https:\/\/www.simetria.com.co\/textiles-promocionales\/wp-content\/uploads\/2025\/10\/PORTAMEMOS-LA-VAQUITA.png","contentUrl":"https:\/\/www.simetria.com.co\/textiles-promocionales\/wp-content\/uploads\/2025\/10\/PORTAMEMOS-LA-VAQUITA.png","width":1080,"height":1080,"caption":"Portamemo magn\u00e9tico de la marca Superm\u00fa con datos de contacto."},{"@type":"BreadcrumbList","@id":"https:\/\/www.simetria.com.co\/regalos-corporativos\/producto\/portamemos-con-lapiz-o-marcador\/#breadcrumb","itemListElement":[{"@type":"ListItem","position":1,"name":"Inicio","item":"https:\/\/www.simetria.com.co\/textiles-promocionales\/"},{"@type":"ListItem","position":2,"name":"Productos","item":"https:\/\/www.simetria.com.co\/regalos-corporativos\/tienda__trashed\/"},{"@type":"ListItem","position":3,"name":"Portamemos con l\u00e1piz o marcador"}]},{"@type":"WebSite","@id":"https:\/\/www.simetria.com.co\/regalos-corporativos\/#website","url":"https:\/\/www.simetria.com.co\/regalos-corporativos\/","name":"simetria.com.co\/regalos-corporativos\/","description":"Regalos Corporativos","publisher":{"@id":"https:\/\/www.simetria.com.co\/regalos-corporativos\/#organization"},"potentialAction":[{"@type":"SearchAction","target":{"@type":"EntryPoint","urlTemplate":"https:\/\/www.simetria.com.co\/regalos-corporativos\/?s={search_term_string}"},"query-input":{"@type":"PropertyValueSpecification","valueRequired":true,"valueName":"search_term_string"}}],"inLanguage":"es-CO"},{"@type":"Organization","@id":"https:\/\/www.simetria.com.co\/regalos-corporativos\/#organization","name":"Simetria","url":"https:\/\/www.simetria.com.co\/regalos-corporativos\/","logo":{"@type":"ImageObject","inLanguage":"es-CO","@id":"https:\/\/www.simetria.com.co\/regalos-corporativos\/#\/schema\/logo\/image\/","url":"https:\/\/www.simetria.com.co\/regalos-corporativos\/wp-content\/uploads\/2025\/07\/logo-simetria5.png","contentUrl":"https:\/\/www.simetria.com.co\/regalos-corporativos\/wp-content\/uploads\/2025\/07\/logo-simetria5.png","width":393,"height":354,"caption":"Simetria"},"image":{"@id":"https:\/\/www.simetria.com.co\/regalos-corporativos\/#\/schema\/logo\/image\/"},"sameAs":["https:\/\/www.instagram.com\/simetria_s.a.s\/"]}]}},"_links":{"self":[{"href":"https:\/\/www.simetria.com.co\/textiles-promocionales\/wp-json\/wp\/v2\/product\/2054","targetHints":{"allow":["GET"]}}],"collection":[{"href":"https:\/\/www.simetria.com.co\/textiles-promocionales\/wp-json\/wp\/v2\/product"}],"about":[{"href":"https:\/\/www.simetria.com.co\/textiles-promocionales\/wp-json\/wp\/v2\/types\/product"}],"wp:featuredmedia":[{"embeddable":true,"href":"https:\/\/www.simetria.com.co\/textiles-promocionales\/wp-json\/wp\/v2\/media\/2689"}],"wp:attachment":[{"href":"https:\/\/www.simetria.com.co\/textiles-promocionales\/wp-json\/wp\/v2\/media?parent=2054"}],"wp:term":[{"taxonomy":"product_brand","embeddable":true,"href":"https:\/\/www.simetria.com.co\/textiles-promocionales\/wp-json\/wp\/v2\/product_brand?post=2054"},{"taxonomy":"product_cat","embeddable":true,"href":"https:\/\/www.simetria.com.co\/textiles-promocionales\/wp-json\/wp\/v2\/product_cat?post=2054"},{"taxonomy":"product_tag","embeddable":true,"href":"https:\/\/www.simetria.com.co\/textiles-promocionales\/wp-json\/wp\/v2\/product_tag?post=2054"}],"curies":[{"name":"wp","href":"https:\/\/api.w.org\/{rel}","templated":true}]}}