{"id":2185,"date":"2025-06-09T12:12:35","date_gmt":"2025-06-09T17:12:35","guid":{"rendered":"https:\/\/www.simetria.com.co\/regalos-corporativos\/?post_type=product&#038;p=2185"},"modified":"2025-07-11T12:27:07","modified_gmt":"2025-07-11T17:27:07","slug":"toalla-de-microfibra","status":"publish","type":"product","link":"https:\/\/www.simetria.com.co\/textiles-promocionales\/producto\/toalla-de-microfibra\/","title":{"rendered":"Toalla de Microfibra"},"content":{"rendered":"","protected":false},"excerpt":{"rendered":"<p><strong>Toallas de Microfibra: Frescura y recordaci\u00f3n de marca en cada entrenamiento<\/strong><\/p>\n<p>Las <strong>toallas de microfibra<\/strong> son un <strong>detalle promocional innovador<\/strong> para campa\u00f1as de fidelizaci\u00f3n o activaciones de marca asociadas al deporte o a los viajes.<\/p>\n<p>Gracias a su tejido especial, conservan la humedad por m\u00e1s tiempo y pueden utilizarse tanto <strong>fr\u00edas, para refrescar la piel<\/strong> despu\u00e9s del ejercicio o la exposici\u00f3n al sol, como <strong>calientes para aliviar dolores musculares y de cabeza.<\/strong><\/p>\n<p>Son ligeras, reutilizables y se personalizan completamente con tu <strong>logo o identidad visual<\/strong>, en el <strong>tama\u00f1o y cantidad<\/strong> que necesites para tu marca o evento.<\/p>\n<p>\u2705<strong>Pedido m\u00ednimo:<\/strong> 200 unidades<br \/>\n\u2744\ufe0fSe usan fr\u00edas o calientes seg\u00fan la necesidad<br \/>\n\ud83e\uddd6Material suave y absorbente de microfibra<br \/>\n\ud83c\udfa8<strong>2 colores disponibles:<\/strong> azul y verde<br \/>\n\ud83d\udc49\ud83c\udffb<strong>Conversemos ahora<\/strong> para que ofrezcas un detalle promocional funcional que tus clientes van a usar en sus jornadas de ejercicio, vacaciones o descanso.<\/p>\n<p style=\"text-align: left;margin-top: 4%;\"><a style=\"text-decoration: none;\" href=\"\/cotiza-tu-idea\/\" rel=\"noopener\"><span class=\"ver2\">\u00a1Cotiza ya!<\/span><\/a><\/p>\n","protected":false},"featured_media":2189,"template":"","meta":{"_joinchat":[]},"product_brand":[],"product_cat":[179],"product_tag":[142,135,30,31,143,144,145,146,147,32],"class_list":{"0":"post-2185","1":"product","2":"type-product","3":"status-publish","4":"has-post-thumbnail","6":"product_cat-textiles-promocionales","7":"product_tag-cooling-towel","8":"product_tag-productos-en-microfibra","9":"product_tag-productos-promocionales","10":"product_tag-simetria","11":"product_tag-toallas","12":"product_tag-toallas-con-lodo-de-marca","13":"product_tag-toallas-con-logo","14":"product_tag-toallas-con-marca","15":"product_tag-toallas-en-microfibra","16":"product_tag-visibilidad-de-marca","18":"first","19":"instock","20":"shipping-taxable","21":"product-type-simple","22":"add-to-wishlist-after_add_to_cart"},"yoast_head":"<!-- This site is optimized with the Yoast SEO plugin v27.1.1 - https:\/\/yoast.com\/product\/yoast-seo-wordpress\/ -->\n<title>Toalla de Microfibra - Simetria Regalos Corporativos<\/title>\n<meta name=\"robots\" content=\"index, follow, max-snippet:-1, max-image-preview:large, max-video-preview:-1\" \/>\n<link rel=\"canonical\" href=\"https:\/\/www.simetria.com.co\/regalos-corporativos\/producto\/toalla-de-microfibra\/\" \/>\n<meta property=\"og:locale\" content=\"es_ES\" \/>\n<meta property=\"og:type\" content=\"article\" \/>\n<meta property=\"og:title\" content=\"Toalla de Microfibra - Simetria Regalos Corporativos\" \/>\n<meta property=\"og:description\" content=\"Toallas de Microfibra: Frescura y recordaci\u00f3n de marca en cada entrenamiento  Las toallas de microfibra son un detalle promocional innovador para campa\u00f1as de fidelizaci\u00f3n o activaciones de marca asociadas al deporte o a los viajes.  Gracias a su tejido especial, conservan la humedad por m\u00e1s tiempo y pueden utilizarse tanto fr\u00edas, para refrescar la piel despu\u00e9s del ejercicio o la exposici\u00f3n al sol, como calientes para aliviar dolores musculares y de cabeza.  Son ligeras, reutilizables y se personalizan completamente con tu logo o identidad visual, en el tama\u00f1o y cantidad que necesites para tu marca o evento.  \u2705Pedido m\u00ednimo: 200 unidades  \u2744\ufe0fSe usan fr\u00edas o calientes seg\u00fan la necesidad  \ud83e\uddd6Material suave y absorbente de microfibra  \ud83c\udfa82 colores disponibles: azul y verde \ud83d\udc49\ud83c\udffbConversemos ahora para que ofrezcas un detalle promocional funcional que tus clientes van a usar en sus jornadas de ejercicio, vacaciones o descanso.  \u00a1Cotiza ya!\" \/>\n<meta property=\"og:url\" content=\"https:\/\/www.simetria.com.co\/regalos-corporativos\/producto\/toalla-de-microfibra\/\" \/>\n<meta property=\"og:site_name\" content=\"Simetria Regalos Corporativos\" \/>\n<meta property=\"article:modified_time\" content=\"2025-07-11T17:27:07+00:00\" \/>\n<meta property=\"og:image\" content=\"https:\/\/www.simetria.com.co\/regalos-corporativos\/wp-content\/uploads\/2025\/06\/03-TOALLA-EN-MICROFIBRA.png\" \/>\n\t<meta property=\"og:image:width\" content=\"600\" \/>\n\t<meta property=\"og:image:height\" content=\"600\" \/>\n\t<meta property=\"og:image:type\" content=\"image\/png\" \/>\n<meta name=\"twitter:card\" content=\"summary_large_image\" \/>\n<meta name=\"twitter:label1\" content=\"Tiempo de lectura\" \/>\n\t<meta name=\"twitter:data1\" content=\"1 minuto\" \/>\n<script type=\"application\/ld+json\" class=\"yoast-schema-graph\">{\"@context\":\"https:\/\/schema.org\",\"@graph\":[{\"@type\":\"WebPage\",\"@id\":\"https:\/\/www.simetria.com.co\/regalos-corporativos\/producto\/toalla-de-microfibra\/\",\"url\":\"https:\/\/www.simetria.com.co\/regalos-corporativos\/producto\/toalla-de-microfibra\/\",\"name\":\"Toalla de Microfibra - Simetria Regalos Corporativos\",\"isPartOf\":{\"@id\":\"https:\/\/www.simetria.com.co\/regalos-corporativos\/#website\"},\"primaryImageOfPage\":{\"@id\":\"https:\/\/www.simetria.com.co\/regalos-corporativos\/producto\/toalla-de-microfibra\/#primaryimage\"},\"image\":{\"@id\":\"https:\/\/www.simetria.com.co\/regalos-corporativos\/producto\/toalla-de-microfibra\/#primaryimage\"},\"thumbnailUrl\":\"https:\/\/www.simetria.com.co\/textiles-promocionales\/wp-content\/uploads\/2025\/06\/03-TOALLA-EN-MICROFIBRA.png\",\"datePublished\":\"2025-06-09T17:12:35+00:00\",\"dateModified\":\"2025-07-11T17:27:07+00:00\",\"breadcrumb\":{\"@id\":\"https:\/\/www.simetria.com.co\/regalos-corporativos\/producto\/toalla-de-microfibra\/#breadcrumb\"},\"inLanguage\":\"es-CO\",\"potentialAction\":[{\"@type\":\"ReadAction\",\"target\":[\"https:\/\/www.simetria.com.co\/regalos-corporativos\/producto\/toalla-de-microfibra\/\"]}]},{\"@type\":\"ImageObject\",\"inLanguage\":\"es-CO\",\"@id\":\"https:\/\/www.simetria.com.co\/regalos-corporativos\/producto\/toalla-de-microfibra\/#primaryimage\",\"url\":\"https:\/\/www.simetria.com.co\/textiles-promocionales\/wp-content\/uploads\/2025\/06\/03-TOALLA-EN-MICROFIBRA.png\",\"contentUrl\":\"https:\/\/www.simetria.com.co\/textiles-promocionales\/wp-content\/uploads\/2025\/06\/03-TOALLA-EN-MICROFIBRA.png\",\"width\":600,\"height\":600,\"caption\":\"Toalla de microfibra de color verde sublimada con marca de Colanta dentro de empaque plastico.\"},{\"@type\":\"BreadcrumbList\",\"@id\":\"https:\/\/www.simetria.com.co\/regalos-corporativos\/producto\/toalla-de-microfibra\/#breadcrumb\",\"itemListElement\":[{\"@type\":\"ListItem\",\"position\":1,\"name\":\"Inicio\",\"item\":\"https:\/\/www.simetria.com.co\/textiles-promocionales\/\"},{\"@type\":\"ListItem\",\"position\":2,\"name\":\"Productos\",\"item\":\"https:\/\/www.simetria.com.co\/regalos-corporativos\/tienda__trashed\/\"},{\"@type\":\"ListItem\",\"position\":3,\"name\":\"Toalla de Microfibra\"}]},{\"@type\":\"WebSite\",\"@id\":\"https:\/\/www.simetria.com.co\/regalos-corporativos\/#website\",\"url\":\"https:\/\/www.simetria.com.co\/regalos-corporativos\/\",\"name\":\"simetria.com.co\/regalos-corporativos\/\",\"description\":\"Regalos Corporativos\",\"publisher\":{\"@id\":\"https:\/\/www.simetria.com.co\/regalos-corporativos\/#organization\"},\"potentialAction\":[{\"@type\":\"SearchAction\",\"target\":{\"@type\":\"EntryPoint\",\"urlTemplate\":\"https:\/\/www.simetria.com.co\/regalos-corporativos\/?s={search_term_string}\"},\"query-input\":{\"@type\":\"PropertyValueSpecification\",\"valueRequired\":true,\"valueName\":\"search_term_string\"}}],\"inLanguage\":\"es-CO\"},{\"@type\":\"Organization\",\"@id\":\"https:\/\/www.simetria.com.co\/regalos-corporativos\/#organization\",\"name\":\"Simetria\",\"url\":\"https:\/\/www.simetria.com.co\/regalos-corporativos\/\",\"logo\":{\"@type\":\"ImageObject\",\"inLanguage\":\"es-CO\",\"@id\":\"https:\/\/www.simetria.com.co\/regalos-corporativos\/#\/schema\/logo\/image\/\",\"url\":\"https:\/\/www.simetria.com.co\/regalos-corporativos\/wp-content\/uploads\/2025\/07\/logo-simetria5.png\",\"contentUrl\":\"https:\/\/www.simetria.com.co\/regalos-corporativos\/wp-content\/uploads\/2025\/07\/logo-simetria5.png\",\"width\":393,\"height\":354,\"caption\":\"Simetria\"},\"image\":{\"@id\":\"https:\/\/www.simetria.com.co\/regalos-corporativos\/#\/schema\/logo\/image\/\"},\"sameAs\":[\"https:\/\/www.instagram.com\/simetria_s.a.s\/\"]}]}<\/script>\n<!-- \/ Yoast SEO plugin. -->","yoast_head_json":{"title":"Toalla de Microfibra - Simetria Regalos Corporativos","robots":{"index":"index","follow":"follow","max-snippet":"max-snippet:-1","max-image-preview":"max-image-preview:large","max-video-preview":"max-video-preview:-1"},"canonical":"https:\/\/www.simetria.com.co\/regalos-corporativos\/producto\/toalla-de-microfibra\/","og_locale":"es_ES","og_type":"article","og_title":"Toalla de Microfibra - Simetria Regalos Corporativos","og_description":"Toallas de Microfibra: Frescura y recordaci\u00f3n de marca en cada entrenamiento  Las toallas de microfibra son un detalle promocional innovador para campa\u00f1as de fidelizaci\u00f3n o activaciones de marca asociadas al deporte o a los viajes.  Gracias a su tejido especial, conservan la humedad por m\u00e1s tiempo y pueden utilizarse tanto fr\u00edas, para refrescar la piel despu\u00e9s del ejercicio o la exposici\u00f3n al sol, como calientes para aliviar dolores musculares y de cabeza.  Son ligeras, reutilizables y se personalizan completamente con tu logo o identidad visual, en el tama\u00f1o y cantidad que necesites para tu marca o evento.  \u2705Pedido m\u00ednimo: 200 unidades  \u2744\ufe0fSe usan fr\u00edas o calientes seg\u00fan la necesidad  \ud83e\uddd6Material suave y absorbente de microfibra  \ud83c\udfa82 colores disponibles: azul y verde \ud83d\udc49\ud83c\udffbConversemos ahora para que ofrezcas un detalle promocional funcional que tus clientes van a usar en sus jornadas de ejercicio, vacaciones o descanso.  \u00a1Cotiza ya!","og_url":"https:\/\/www.simetria.com.co\/regalos-corporativos\/producto\/toalla-de-microfibra\/","og_site_name":"Simetria Regalos Corporativos","article_modified_time":"2025-07-11T17:27:07+00:00","og_image":[{"width":600,"height":600,"url":"https:\/\/www.simetria.com.co\/regalos-corporativos\/wp-content\/uploads\/2025\/06\/03-TOALLA-EN-MICROFIBRA.png","type":"image\/png"}],"twitter_card":"summary_large_image","twitter_misc":{"Tiempo de lectura":"1 minuto"},"schema":{"@context":"https:\/\/schema.org","@graph":[{"@type":"WebPage","@id":"https:\/\/www.simetria.com.co\/regalos-corporativos\/producto\/toalla-de-microfibra\/","url":"https:\/\/www.simetria.com.co\/regalos-corporativos\/producto\/toalla-de-microfibra\/","name":"Toalla de Microfibra - Simetria Regalos Corporativos","isPartOf":{"@id":"https:\/\/www.simetria.com.co\/regalos-corporativos\/#website"},"primaryImageOfPage":{"@id":"https:\/\/www.simetria.com.co\/regalos-corporativos\/producto\/toalla-de-microfibra\/#primaryimage"},"image":{"@id":"https:\/\/www.simetria.com.co\/regalos-corporativos\/producto\/toalla-de-microfibra\/#primaryimage"},"thumbnailUrl":"https:\/\/www.simetria.com.co\/textiles-promocionales\/wp-content\/uploads\/2025\/06\/03-TOALLA-EN-MICROFIBRA.png","datePublished":"2025-06-09T17:12:35+00:00","dateModified":"2025-07-11T17:27:07+00:00","breadcrumb":{"@id":"https:\/\/www.simetria.com.co\/regalos-corporativos\/producto\/toalla-de-microfibra\/#breadcrumb"},"inLanguage":"es-CO","potentialAction":[{"@type":"ReadAction","target":["https:\/\/www.simetria.com.co\/regalos-corporativos\/producto\/toalla-de-microfibra\/"]}]},{"@type":"ImageObject","inLanguage":"es-CO","@id":"https:\/\/www.simetria.com.co\/regalos-corporativos\/producto\/toalla-de-microfibra\/#primaryimage","url":"https:\/\/www.simetria.com.co\/textiles-promocionales\/wp-content\/uploads\/2025\/06\/03-TOALLA-EN-MICROFIBRA.png","contentUrl":"https:\/\/www.simetria.com.co\/textiles-promocionales\/wp-content\/uploads\/2025\/06\/03-TOALLA-EN-MICROFIBRA.png","width":600,"height":600,"caption":"Toalla de microfibra de color verde sublimada con marca de Colanta dentro de empaque plastico."},{"@type":"BreadcrumbList","@id":"https:\/\/www.simetria.com.co\/regalos-corporativos\/producto\/toalla-de-microfibra\/#breadcrumb","itemListElement":[{"@type":"ListItem","position":1,"name":"Inicio","item":"https:\/\/www.simetria.com.co\/textiles-promocionales\/"},{"@type":"ListItem","position":2,"name":"Productos","item":"https:\/\/www.simetria.com.co\/regalos-corporativos\/tienda__trashed\/"},{"@type":"ListItem","position":3,"name":"Toalla de Microfibra"}]},{"@type":"WebSite","@id":"https:\/\/www.simetria.com.co\/regalos-corporativos\/#website","url":"https:\/\/www.simetria.com.co\/regalos-corporativos\/","name":"simetria.com.co\/regalos-corporativos\/","description":"Regalos Corporativos","publisher":{"@id":"https:\/\/www.simetria.com.co\/regalos-corporativos\/#organization"},"potentialAction":[{"@type":"SearchAction","target":{"@type":"EntryPoint","urlTemplate":"https:\/\/www.simetria.com.co\/regalos-corporativos\/?s={search_term_string}"},"query-input":{"@type":"PropertyValueSpecification","valueRequired":true,"valueName":"search_term_string"}}],"inLanguage":"es-CO"},{"@type":"Organization","@id":"https:\/\/www.simetria.com.co\/regalos-corporativos\/#organization","name":"Simetria","url":"https:\/\/www.simetria.com.co\/regalos-corporativos\/","logo":{"@type":"ImageObject","inLanguage":"es-CO","@id":"https:\/\/www.simetria.com.co\/regalos-corporativos\/#\/schema\/logo\/image\/","url":"https:\/\/www.simetria.com.co\/regalos-corporativos\/wp-content\/uploads\/2025\/07\/logo-simetria5.png","contentUrl":"https:\/\/www.simetria.com.co\/regalos-corporativos\/wp-content\/uploads\/2025\/07\/logo-simetria5.png","width":393,"height":354,"caption":"Simetria"},"image":{"@id":"https:\/\/www.simetria.com.co\/regalos-corporativos\/#\/schema\/logo\/image\/"},"sameAs":["https:\/\/www.instagram.com\/simetria_s.a.s\/"]}]}},"_links":{"self":[{"href":"https:\/\/www.simetria.com.co\/textiles-promocionales\/wp-json\/wp\/v2\/product\/2185","targetHints":{"allow":["GET"]}}],"collection":[{"href":"https:\/\/www.simetria.com.co\/textiles-promocionales\/wp-json\/wp\/v2\/product"}],"about":[{"href":"https:\/\/www.simetria.com.co\/textiles-promocionales\/wp-json\/wp\/v2\/types\/product"}],"wp:featuredmedia":[{"embeddable":true,"href":"https:\/\/www.simetria.com.co\/textiles-promocionales\/wp-json\/wp\/v2\/media\/2189"}],"wp:attachment":[{"href":"https:\/\/www.simetria.com.co\/textiles-promocionales\/wp-json\/wp\/v2\/media?parent=2185"}],"wp:term":[{"taxonomy":"product_brand","embeddable":true,"href":"https:\/\/www.simetria.com.co\/textiles-promocionales\/wp-json\/wp\/v2\/product_brand?post=2185"},{"taxonomy":"product_cat","embeddable":true,"href":"https:\/\/www.simetria.com.co\/textiles-promocionales\/wp-json\/wp\/v2\/product_cat?post=2185"},{"taxonomy":"product_tag","embeddable":true,"href":"https:\/\/www.simetria.com.co\/textiles-promocionales\/wp-json\/wp\/v2\/product_tag?post=2185"}],"curies":[{"name":"wp","href":"https:\/\/api.w.org\/{rel}","templated":true}]}}