{"id":2217,"date":"2025-06-09T12:48:50","date_gmt":"2025-06-09T17:48:50","guid":{"rendered":"https:\/\/www.simetria.com.co\/regalos-corporativos\/?post_type=product&#038;p=2217"},"modified":"2025-10-24T11:33:29","modified_gmt":"2025-10-24T16:33:29","slug":"pano-de-microfibra","status":"publish","type":"product","link":"https:\/\/www.simetria.com.co\/textiles-promocionales\/producto\/pano-de-microfibra\/","title":{"rendered":"Pa\u00f1o de Microfibra"},"content":{"rendered":"","protected":false},"excerpt":{"rendered":"<p><strong>Pa\u00f1os de microfibra personalizados: Merchandising de limpieza<\/strong> <\/p>\n<p>Los<strong> pa\u00f1os limpiadores de microfibra<\/strong> son una excelente opci\u00f3n de <strong>regalo corporativo<\/strong>, ideal para empresas de moda, laboratorios, \u00f3pticas o museos que busquen obsequiar visibilidad constante con un detalle pr\u00e1ctico. Gracias a su tela de microfibra suave y de alta calidad, limpian sin rayar superficies delicadas.<\/p>\n<p>Son perfectos tanto para pantallas de c<strong>elulares, computadores, tablets, televisores y otros dispositivos electr\u00f3nicos como para gafas o lentes<\/strong> ayudando a mantenerlos libres de huellas y suciedad.<\/p>\n<p>Cada pa\u00f1o se fabrica con tu imagen de marca, en el <strong>tama\u00f1o y cantidad que necesites<\/strong>, convirti\u00e9ndose en un art\u00edculo promocional ideal para ferias, eventos o kits corporativos para empleados. <\/p>\n<p>\u2705<strong>Pedido m\u00ednimo:<\/strong> 500 unidades<br \/>\n\ud83e\uddfdTela de microfibra ultrasuave que no raya<br \/>\n\ud83d\udcf1Apto para m\u00faltiples dispositivos electr\u00f3nicos<br \/>\n\ud83c\udfa8Personalizaci\u00f3n total con tu identidad visual<br \/>\n\ud83d\udc49\ud83c\udffb<strong>Cotiza ahora<\/strong> y entrega un regalo promocional con la que tus clientes mantendr\u00e1n todos sus dispositivos y lentes limpios y sin rayones.<\/p>\n<p style=\"text-align: left;margin-top: 4%;\"><a style=\"text-decoration: none;\" href=\"\/cotiza-tu-idea\/\" rel=\"noopener\"><span class=\"ver2\">\u00a1Cotiza ya!<\/span><\/a><\/p>\n","protected":false},"featured_media":2199,"template":"","meta":{"_joinchat":[]},"product_brand":[],"product_cat":[179],"product_tag":[148,154,155,30,113,31,114,32],"class_list":{"0":"post-2217","1":"product","2":"type-product","3":"status-publish","4":"has-post-thumbnail","6":"product_cat-textiles-promocionales","7":"product_tag-magneticos","8":"product_tag-percheros","9":"product_tag-portallaves","10":"product_tag-productos-promocionales","11":"product_tag-regalos","12":"product_tag-simetria","13":"product_tag-souvenirs","14":"product_tag-visibilidad-de-marca","16":"first","17":"instock","18":"shipping-taxable","19":"product-type-simple","20":"add-to-wishlist-after_add_to_cart"},"yoast_head":"<!-- This site is optimized with the Yoast SEO plugin v27.1.1 - https:\/\/yoast.com\/product\/yoast-seo-wordpress\/ -->\n<title>Pa\u00f1o de Microfibra - Simetria Regalos Corporativos<\/title>\n<meta name=\"robots\" content=\"index, follow, max-snippet:-1, max-image-preview:large, max-video-preview:-1\" \/>\n<link rel=\"canonical\" href=\"https:\/\/www.simetria.com.co\/regalos-corporativos\/producto\/pano-de-microfibra\/\" \/>\n<meta property=\"og:locale\" content=\"es_ES\" \/>\n<meta property=\"og:type\" content=\"article\" \/>\n<meta property=\"og:title\" content=\"Pa\u00f1o de Microfibra - Simetria Regalos Corporativos\" \/>\n<meta property=\"og:description\" content=\"Pa\u00f1os de microfibra personalizados: Merchandising de limpieza   Los pa\u00f1os limpiadores de microfibra son una excelente opci\u00f3n de regalo corporativo, ideal para empresas de moda, laboratorios, \u00f3pticas o museos que busquen obsequiar visibilidad constante con un detalle pr\u00e1ctico. Gracias a su tela de microfibra suave y de alta calidad, limpian sin rayar superficies delicadas.  Son perfectos tanto para pantallas de celulares, computadores, tablets, televisores y otros dispositivos electr\u00f3nicos como para gafas o lentes ayudando a mantenerlos libres de huellas y suciedad.  Cada pa\u00f1o se fabrica con tu imagen de marca, en el tama\u00f1o y cantidad que necesites, convirti\u00e9ndose en un art\u00edculo promocional ideal para ferias, eventos o kits corporativos para empleados.   \u2705Pedido m\u00ednimo: 500 unidades  \ud83e\uddfdTela de microfibra ultrasuave que no raya  \ud83d\udcf1Apto para m\u00faltiples dispositivos electr\u00f3nicos  \ud83c\udfa8Personalizaci\u00f3n total con tu identidad visual \ud83d\udc49\ud83c\udffbCotiza ahora y entrega un regalo promocional con la que tus clientes mantendr\u00e1n todos sus dispositivos y lentes limpios y sin rayones.  \u00a1Cotiza ya!\" \/>\n<meta property=\"og:url\" content=\"https:\/\/www.simetria.com.co\/regalos-corporativos\/producto\/pano-de-microfibra\/\" \/>\n<meta property=\"og:site_name\" content=\"Simetria Regalos Corporativos\" \/>\n<meta property=\"article:modified_time\" content=\"2025-10-24T16:33:29+00:00\" \/>\n<meta property=\"og:image\" content=\"https:\/\/www.simetria.com.co\/regalos-corporativos\/wp-content\/uploads\/2025\/06\/01-PANO-EN-MICROFIBRA.jpg\" \/>\n\t<meta property=\"og:image:width\" content=\"600\" \/>\n\t<meta property=\"og:image:height\" content=\"600\" \/>\n\t<meta property=\"og:image:type\" content=\"image\/jpeg\" \/>\n<meta name=\"twitter:card\" content=\"summary_large_image\" \/>\n<meta name=\"twitter:label1\" content=\"Tiempo de lectura\" \/>\n\t<meta name=\"twitter:data1\" content=\"1 minuto\" \/>\n<script type=\"application\/ld+json\" class=\"yoast-schema-graph\">{\"@context\":\"https:\/\/schema.org\",\"@graph\":[{\"@type\":\"WebPage\",\"@id\":\"https:\/\/www.simetria.com.co\/regalos-corporativos\/producto\/pano-de-microfibra\/\",\"url\":\"https:\/\/www.simetria.com.co\/regalos-corporativos\/producto\/pano-de-microfibra\/\",\"name\":\"Pa\u00f1o de Microfibra - Simetria Regalos Corporativos\",\"isPartOf\":{\"@id\":\"https:\/\/www.simetria.com.co\/regalos-corporativos\/#website\"},\"primaryImageOfPage\":{\"@id\":\"https:\/\/www.simetria.com.co\/regalos-corporativos\/producto\/pano-de-microfibra\/#primaryimage\"},\"image\":{\"@id\":\"https:\/\/www.simetria.com.co\/regalos-corporativos\/producto\/pano-de-microfibra\/#primaryimage\"},\"thumbnailUrl\":\"https:\/\/www.simetria.com.co\/textiles-promocionales\/wp-content\/uploads\/2025\/06\/01-PANO-EN-MICROFIBRA.jpg\",\"datePublished\":\"2025-06-09T17:48:50+00:00\",\"dateModified\":\"2025-10-24T16:33:29+00:00\",\"breadcrumb\":{\"@id\":\"https:\/\/www.simetria.com.co\/regalos-corporativos\/producto\/pano-de-microfibra\/#breadcrumb\"},\"inLanguage\":\"es-CO\",\"potentialAction\":[{\"@type\":\"ReadAction\",\"target\":[\"https:\/\/www.simetria.com.co\/regalos-corporativos\/producto\/pano-de-microfibra\/\"]}]},{\"@type\":\"ImageObject\",\"inLanguage\":\"es-CO\",\"@id\":\"https:\/\/www.simetria.com.co\/regalos-corporativos\/producto\/pano-de-microfibra\/#primaryimage\",\"url\":\"https:\/\/www.simetria.com.co\/textiles-promocionales\/wp-content\/uploads\/2025\/06\/01-PANO-EN-MICROFIBRA.jpg\",\"contentUrl\":\"https:\/\/www.simetria.com.co\/textiles-promocionales\/wp-content\/uploads\/2025\/06\/01-PANO-EN-MICROFIBRA.jpg\",\"width\":600,\"height\":600,\"caption\":\"Pa\u00f1o de microfibra con motivos veraniegos de la marca OPHTA para celebraci\u00f3n de los 30 a\u00f1os.\"},{\"@type\":\"BreadcrumbList\",\"@id\":\"https:\/\/www.simetria.com.co\/regalos-corporativos\/producto\/pano-de-microfibra\/#breadcrumb\",\"itemListElement\":[{\"@type\":\"ListItem\",\"position\":1,\"name\":\"Inicio\",\"item\":\"https:\/\/www.simetria.com.co\/textiles-promocionales\/\"},{\"@type\":\"ListItem\",\"position\":2,\"name\":\"Productos\",\"item\":\"https:\/\/www.simetria.com.co\/regalos-corporativos\/tienda__trashed\/\"},{\"@type\":\"ListItem\",\"position\":3,\"name\":\"Pa\u00f1o de Microfibra\"}]},{\"@type\":\"WebSite\",\"@id\":\"https:\/\/www.simetria.com.co\/regalos-corporativos\/#website\",\"url\":\"https:\/\/www.simetria.com.co\/regalos-corporativos\/\",\"name\":\"simetria.com.co\/regalos-corporativos\/\",\"description\":\"Regalos Corporativos\",\"publisher\":{\"@id\":\"https:\/\/www.simetria.com.co\/regalos-corporativos\/#organization\"},\"potentialAction\":[{\"@type\":\"SearchAction\",\"target\":{\"@type\":\"EntryPoint\",\"urlTemplate\":\"https:\/\/www.simetria.com.co\/regalos-corporativos\/?s={search_term_string}\"},\"query-input\":{\"@type\":\"PropertyValueSpecification\",\"valueRequired\":true,\"valueName\":\"search_term_string\"}}],\"inLanguage\":\"es-CO\"},{\"@type\":\"Organization\",\"@id\":\"https:\/\/www.simetria.com.co\/regalos-corporativos\/#organization\",\"name\":\"Simetria\",\"url\":\"https:\/\/www.simetria.com.co\/regalos-corporativos\/\",\"logo\":{\"@type\":\"ImageObject\",\"inLanguage\":\"es-CO\",\"@id\":\"https:\/\/www.simetria.com.co\/regalos-corporativos\/#\/schema\/logo\/image\/\",\"url\":\"https:\/\/www.simetria.com.co\/regalos-corporativos\/wp-content\/uploads\/2025\/07\/logo-simetria5.png\",\"contentUrl\":\"https:\/\/www.simetria.com.co\/regalos-corporativos\/wp-content\/uploads\/2025\/07\/logo-simetria5.png\",\"width\":393,\"height\":354,\"caption\":\"Simetria\"},\"image\":{\"@id\":\"https:\/\/www.simetria.com.co\/regalos-corporativos\/#\/schema\/logo\/image\/\"},\"sameAs\":[\"https:\/\/www.instagram.com\/simetria_s.a.s\/\"]}]}<\/script>\n<!-- \/ Yoast SEO plugin. -->","yoast_head_json":{"title":"Pa\u00f1o de Microfibra - Simetria Regalos Corporativos","robots":{"index":"index","follow":"follow","max-snippet":"max-snippet:-1","max-image-preview":"max-image-preview:large","max-video-preview":"max-video-preview:-1"},"canonical":"https:\/\/www.simetria.com.co\/regalos-corporativos\/producto\/pano-de-microfibra\/","og_locale":"es_ES","og_type":"article","og_title":"Pa\u00f1o de Microfibra - Simetria Regalos Corporativos","og_description":"Pa\u00f1os de microfibra personalizados: Merchandising de limpieza   Los pa\u00f1os limpiadores de microfibra son una excelente opci\u00f3n de regalo corporativo, ideal para empresas de moda, laboratorios, \u00f3pticas o museos que busquen obsequiar visibilidad constante con un detalle pr\u00e1ctico. Gracias a su tela de microfibra suave y de alta calidad, limpian sin rayar superficies delicadas.  Son perfectos tanto para pantallas de celulares, computadores, tablets, televisores y otros dispositivos electr\u00f3nicos como para gafas o lentes ayudando a mantenerlos libres de huellas y suciedad.  Cada pa\u00f1o se fabrica con tu imagen de marca, en el tama\u00f1o y cantidad que necesites, convirti\u00e9ndose en un art\u00edculo promocional ideal para ferias, eventos o kits corporativos para empleados.   \u2705Pedido m\u00ednimo: 500 unidades  \ud83e\uddfdTela de microfibra ultrasuave que no raya  \ud83d\udcf1Apto para m\u00faltiples dispositivos electr\u00f3nicos  \ud83c\udfa8Personalizaci\u00f3n total con tu identidad visual \ud83d\udc49\ud83c\udffbCotiza ahora y entrega un regalo promocional con la que tus clientes mantendr\u00e1n todos sus dispositivos y lentes limpios y sin rayones.  \u00a1Cotiza ya!","og_url":"https:\/\/www.simetria.com.co\/regalos-corporativos\/producto\/pano-de-microfibra\/","og_site_name":"Simetria Regalos Corporativos","article_modified_time":"2025-10-24T16:33:29+00:00","og_image":[{"width":600,"height":600,"url":"https:\/\/www.simetria.com.co\/regalos-corporativos\/wp-content\/uploads\/2025\/06\/01-PANO-EN-MICROFIBRA.jpg","type":"image\/jpeg"}],"twitter_card":"summary_large_image","twitter_misc":{"Tiempo de lectura":"1 minuto"},"schema":{"@context":"https:\/\/schema.org","@graph":[{"@type":"WebPage","@id":"https:\/\/www.simetria.com.co\/regalos-corporativos\/producto\/pano-de-microfibra\/","url":"https:\/\/www.simetria.com.co\/regalos-corporativos\/producto\/pano-de-microfibra\/","name":"Pa\u00f1o de Microfibra - Simetria Regalos Corporativos","isPartOf":{"@id":"https:\/\/www.simetria.com.co\/regalos-corporativos\/#website"},"primaryImageOfPage":{"@id":"https:\/\/www.simetria.com.co\/regalos-corporativos\/producto\/pano-de-microfibra\/#primaryimage"},"image":{"@id":"https:\/\/www.simetria.com.co\/regalos-corporativos\/producto\/pano-de-microfibra\/#primaryimage"},"thumbnailUrl":"https:\/\/www.simetria.com.co\/textiles-promocionales\/wp-content\/uploads\/2025\/06\/01-PANO-EN-MICROFIBRA.jpg","datePublished":"2025-06-09T17:48:50+00:00","dateModified":"2025-10-24T16:33:29+00:00","breadcrumb":{"@id":"https:\/\/www.simetria.com.co\/regalos-corporativos\/producto\/pano-de-microfibra\/#breadcrumb"},"inLanguage":"es-CO","potentialAction":[{"@type":"ReadAction","target":["https:\/\/www.simetria.com.co\/regalos-corporativos\/producto\/pano-de-microfibra\/"]}]},{"@type":"ImageObject","inLanguage":"es-CO","@id":"https:\/\/www.simetria.com.co\/regalos-corporativos\/producto\/pano-de-microfibra\/#primaryimage","url":"https:\/\/www.simetria.com.co\/textiles-promocionales\/wp-content\/uploads\/2025\/06\/01-PANO-EN-MICROFIBRA.jpg","contentUrl":"https:\/\/www.simetria.com.co\/textiles-promocionales\/wp-content\/uploads\/2025\/06\/01-PANO-EN-MICROFIBRA.jpg","width":600,"height":600,"caption":"Pa\u00f1o de microfibra con motivos veraniegos de la marca OPHTA para celebraci\u00f3n de los 30 a\u00f1os."},{"@type":"BreadcrumbList","@id":"https:\/\/www.simetria.com.co\/regalos-corporativos\/producto\/pano-de-microfibra\/#breadcrumb","itemListElement":[{"@type":"ListItem","position":1,"name":"Inicio","item":"https:\/\/www.simetria.com.co\/textiles-promocionales\/"},{"@type":"ListItem","position":2,"name":"Productos","item":"https:\/\/www.simetria.com.co\/regalos-corporativos\/tienda__trashed\/"},{"@type":"ListItem","position":3,"name":"Pa\u00f1o de Microfibra"}]},{"@type":"WebSite","@id":"https:\/\/www.simetria.com.co\/regalos-corporativos\/#website","url":"https:\/\/www.simetria.com.co\/regalos-corporativos\/","name":"simetria.com.co\/regalos-corporativos\/","description":"Regalos Corporativos","publisher":{"@id":"https:\/\/www.simetria.com.co\/regalos-corporativos\/#organization"},"potentialAction":[{"@type":"SearchAction","target":{"@type":"EntryPoint","urlTemplate":"https:\/\/www.simetria.com.co\/regalos-corporativos\/?s={search_term_string}"},"query-input":{"@type":"PropertyValueSpecification","valueRequired":true,"valueName":"search_term_string"}}],"inLanguage":"es-CO"},{"@type":"Organization","@id":"https:\/\/www.simetria.com.co\/regalos-corporativos\/#organization","name":"Simetria","url":"https:\/\/www.simetria.com.co\/regalos-corporativos\/","logo":{"@type":"ImageObject","inLanguage":"es-CO","@id":"https:\/\/www.simetria.com.co\/regalos-corporativos\/#\/schema\/logo\/image\/","url":"https:\/\/www.simetria.com.co\/regalos-corporativos\/wp-content\/uploads\/2025\/07\/logo-simetria5.png","contentUrl":"https:\/\/www.simetria.com.co\/regalos-corporativos\/wp-content\/uploads\/2025\/07\/logo-simetria5.png","width":393,"height":354,"caption":"Simetria"},"image":{"@id":"https:\/\/www.simetria.com.co\/regalos-corporativos\/#\/schema\/logo\/image\/"},"sameAs":["https:\/\/www.instagram.com\/simetria_s.a.s\/"]}]}},"_links":{"self":[{"href":"https:\/\/www.simetria.com.co\/textiles-promocionales\/wp-json\/wp\/v2\/product\/2217","targetHints":{"allow":["GET"]}}],"collection":[{"href":"https:\/\/www.simetria.com.co\/textiles-promocionales\/wp-json\/wp\/v2\/product"}],"about":[{"href":"https:\/\/www.simetria.com.co\/textiles-promocionales\/wp-json\/wp\/v2\/types\/product"}],"wp:featuredmedia":[{"embeddable":true,"href":"https:\/\/www.simetria.com.co\/textiles-promocionales\/wp-json\/wp\/v2\/media\/2199"}],"wp:attachment":[{"href":"https:\/\/www.simetria.com.co\/textiles-promocionales\/wp-json\/wp\/v2\/media?parent=2217"}],"wp:term":[{"taxonomy":"product_brand","embeddable":true,"href":"https:\/\/www.simetria.com.co\/textiles-promocionales\/wp-json\/wp\/v2\/product_brand?post=2217"},{"taxonomy":"product_cat","embeddable":true,"href":"https:\/\/www.simetria.com.co\/textiles-promocionales\/wp-json\/wp\/v2\/product_cat?post=2217"},{"taxonomy":"product_tag","embeddable":true,"href":"https:\/\/www.simetria.com.co\/textiles-promocionales\/wp-json\/wp\/v2\/product_tag?post=2217"}],"curies":[{"name":"wp","href":"https:\/\/api.w.org\/{rel}","templated":true}]}}