{"id":2229,"date":"2025-06-09T13:25:56","date_gmt":"2025-06-09T18:25:56","guid":{"rendered":"https:\/\/www.simetria.com.co\/regalos-corporativos\/?post_type=product&#038;p=2229"},"modified":"2025-07-11T12:36:42","modified_gmt":"2025-07-11T17:36:42","slug":"parques-magnetico","status":"publish","type":"product","link":"https:\/\/www.simetria.com.co\/textiles-promocionales\/producto\/parques-magnetico\/","title":{"rendered":"Parqu\u00e9s Magn\u00e9tico"},"content":{"rendered":"","protected":false},"excerpt":{"rendered":"<p><strong>Parqu\u00e9s magn\u00e9tico: El regalo que une equipos y familias<\/strong> <\/p>\n<p>El <strong>Parqu\u00e9s magn\u00e9tico personalizado<\/strong> es una idea ganadora como regalo corporativo: es una experiencia que une a las personas en torno al juego y tu marca. Ideal para <strong>compartir en familia, con amigos o entre compa\u00f1eros de trabajo<\/strong>, ya que este producto despierta emociones, crea recuerdos y refuerza la conexi\u00f3n con tu empresa de forma l\u00fadica y duradera.<\/p>\n<p>Incluye un <strong>tablero especial para jugar<\/strong> con fichas magn\u00e9ticas (para 4 o 6 jugadores), lo que lo hace perfecto para jugar sobre mesas met\u00e1licas o superficies planas, incluso en<br \/>\nmovimiento. Su dise\u00f1o compacto facilita guardarlo y transportarlo, siendo una opci\u00f3n muy valorada en hogares y oficinas.<\/p>\n<p>Adem\u00e1s, es <strong>100% personalizable con tu identidad visual<\/strong>, lo que transforma este cl\u00e1sico juego de mesa en una herramienta original de fidelizaci\u00f3n y posicionamiento.<\/p>\n<p>\u2705<strong>Pedido m\u00ednimo:<\/strong> 500 unidades<br \/>\n\ud83c\udfb2Juego de mesa personalizado y funcional<br \/>\n\ud83e\uddd1\u200d\ud83e\uddd1\u200d\ud83e\uddd2\u200d\ud83e\uddd2Fomenta el juego en familia o equipos de trabajo<br \/>\n\ud83e\uddf2Tablero y fichas magn\u00e9ticas resistentes<br \/>\n\ud83c\udfa8Personalizaci\u00f3n completa con tu imagen de marca<br \/>\n\ud83d\udc49\ud83c\udffb<strong>Solicita tu cotizaci\u00f3n ahora<\/strong> y convierte el juego en una experiencia de marca inolvidable.<\/p>\n<p style=\"text-align: left;margin-top: 4%;\"><a style=\"text-decoration: none;\" href=\"\/cotiza-tu-idea\/\" rel=\"noopener\"><span class=\"ver2\">\u00a1Cotiza ya!<\/span><\/a><\/p>\n","protected":false},"featured_media":2249,"template":"","meta":{"_joinchat":[]},"product_brand":[],"product_cat":[180],"product_tag":[58,59,60,84,85,86,30,31,32],"class_list":{"0":"post-2229","1":"product","2":"type-product","3":"status-publish","4":"has-post-thumbnail","6":"product_cat-juegos-promocionales","7":"product_tag-juego-para-ninos","8":"product_tag-juegos-didacticos","9":"product_tag-juegos-para-la-familia","10":"product_tag-parchis","11":"product_tag-parques","12":"product_tag-parques-magnetico","13":"product_tag-productos-promocionales","14":"product_tag-simetria","15":"product_tag-visibilidad-de-marca","17":"first","18":"instock","19":"shipping-taxable","20":"product-type-simple","21":"add-to-wishlist-after_add_to_cart"},"yoast_head":"<!-- This site is optimized with the Yoast SEO plugin v27.1.1 - https:\/\/yoast.com\/product\/yoast-seo-wordpress\/ -->\n<title>Parqu\u00e9s Magn\u00e9tico - Simetria Regalos Corporativos<\/title>\n<meta name=\"robots\" content=\"index, follow, max-snippet:-1, max-image-preview:large, max-video-preview:-1\" \/>\n<link rel=\"canonical\" href=\"https:\/\/www.simetria.com.co\/regalos-corporativos\/producto\/parques-magnetico\/\" \/>\n<meta property=\"og:locale\" content=\"es_ES\" \/>\n<meta property=\"og:type\" content=\"article\" \/>\n<meta property=\"og:title\" content=\"Parqu\u00e9s Magn\u00e9tico - Simetria Regalos Corporativos\" \/>\n<meta property=\"og:description\" content=\"Parqu\u00e9s magn\u00e9tico: El regalo que une equipos y familias   El Parqu\u00e9s magn\u00e9tico personalizado es una idea ganadora como regalo corporativo: es una experiencia que une a las personas en torno al juego y tu marca. Ideal para compartir en familia, con amigos o entre compa\u00f1eros de trabajo, ya que este producto despierta emociones, crea recuerdos y refuerza la conexi\u00f3n con tu empresa de forma l\u00fadica y duradera.  Incluye un tablero especial para jugar con fichas magn\u00e9ticas (para 4 o 6 jugadores), lo que lo hace perfecto para jugar sobre mesas met\u00e1licas o superficies planas, incluso en movimiento. Su dise\u00f1o compacto facilita guardarlo y transportarlo, siendo una opci\u00f3n muy valorada en hogares y oficinas.  Adem\u00e1s, es 100% personalizable con tu identidad visual, lo que transforma este cl\u00e1sico juego de mesa en una herramienta original de fidelizaci\u00f3n y posicionamiento.  \u2705Pedido m\u00ednimo: 500 unidades  \ud83c\udfb2Juego de mesa personalizado y funcional  \ud83e\uddd1\u200d\ud83e\uddd1\u200d\ud83e\uddd2\u200d\ud83e\uddd2Fomenta el juego en familia o equipos de trabajo  \ud83e\uddf2Tablero y fichas magn\u00e9ticas resistentes  \ud83c\udfa8Personalizaci\u00f3n completa con tu imagen de marca \ud83d\udc49\ud83c\udffbSolicita tu cotizaci\u00f3n ahora y convierte el juego en una experiencia de marca inolvidable.  \u00a1Cotiza ya!\" \/>\n<meta property=\"og:url\" content=\"https:\/\/www.simetria.com.co\/regalos-corporativos\/producto\/parques-magnetico\/\" \/>\n<meta property=\"og:site_name\" content=\"Simetria Regalos Corporativos\" \/>\n<meta property=\"article:modified_time\" content=\"2025-07-11T17:36:42+00:00\" \/>\n<meta property=\"og:image\" content=\"https:\/\/www.simetria.com.co\/regalos-corporativos\/wp-content\/uploads\/2025\/06\/JUEGO-PARQUES.jpg\" \/>\n\t<meta property=\"og:image:width\" content=\"600\" \/>\n\t<meta property=\"og:image:height\" content=\"600\" \/>\n\t<meta property=\"og:image:type\" content=\"image\/jpeg\" \/>\n<meta name=\"twitter:card\" content=\"summary_large_image\" \/>\n<meta name=\"twitter:label1\" content=\"Tiempo de lectura\" \/>\n\t<meta name=\"twitter:data1\" content=\"1 minuto\" \/>\n<script type=\"application\/ld+json\" class=\"yoast-schema-graph\">{\"@context\":\"https:\/\/schema.org\",\"@graph\":[{\"@type\":\"WebPage\",\"@id\":\"https:\/\/www.simetria.com.co\/regalos-corporativos\/producto\/parques-magnetico\/\",\"url\":\"https:\/\/www.simetria.com.co\/regalos-corporativos\/producto\/parques-magnetico\/\",\"name\":\"Parqu\u00e9s Magn\u00e9tico - Simetria Regalos Corporativos\",\"isPartOf\":{\"@id\":\"https:\/\/www.simetria.com.co\/regalos-corporativos\/#website\"},\"primaryImageOfPage\":{\"@id\":\"https:\/\/www.simetria.com.co\/regalos-corporativos\/producto\/parques-magnetico\/#primaryimage\"},\"image\":{\"@id\":\"https:\/\/www.simetria.com.co\/regalos-corporativos\/producto\/parques-magnetico\/#primaryimage\"},\"thumbnailUrl\":\"https:\/\/www.simetria.com.co\/textiles-promocionales\/wp-content\/uploads\/2025\/06\/JUEGO-PARQUES.jpg\",\"datePublished\":\"2025-06-09T18:25:56+00:00\",\"dateModified\":\"2025-07-11T17:36:42+00:00\",\"breadcrumb\":{\"@id\":\"https:\/\/www.simetria.com.co\/regalos-corporativos\/producto\/parques-magnetico\/#breadcrumb\"},\"inLanguage\":\"es-CO\",\"potentialAction\":[{\"@type\":\"ReadAction\",\"target\":[\"https:\/\/www.simetria.com.co\/regalos-corporativos\/producto\/parques-magnetico\/\"]}]},{\"@type\":\"ImageObject\",\"inLanguage\":\"es-CO\",\"@id\":\"https:\/\/www.simetria.com.co\/regalos-corporativos\/producto\/parques-magnetico\/#primaryimage\",\"url\":\"https:\/\/www.simetria.com.co\/textiles-promocionales\/wp-content\/uploads\/2025\/06\/JUEGO-PARQUES.jpg\",\"contentUrl\":\"https:\/\/www.simetria.com.co\/textiles-promocionales\/wp-content\/uploads\/2025\/06\/JUEGO-PARQUES.jpg\",\"width\":600,\"height\":600,\"caption\":\"Parqu\u00e9s magn\u00e9tico x 4 puestos con fichas magn\u00e9ticas y dados.\"},{\"@type\":\"BreadcrumbList\",\"@id\":\"https:\/\/www.simetria.com.co\/regalos-corporativos\/producto\/parques-magnetico\/#breadcrumb\",\"itemListElement\":[{\"@type\":\"ListItem\",\"position\":1,\"name\":\"Inicio\",\"item\":\"https:\/\/www.simetria.com.co\/textiles-promocionales\/\"},{\"@type\":\"ListItem\",\"position\":2,\"name\":\"Productos\",\"item\":\"https:\/\/www.simetria.com.co\/regalos-corporativos\/tienda__trashed\/\"},{\"@type\":\"ListItem\",\"position\":3,\"name\":\"Parqu\u00e9s Magn\u00e9tico\"}]},{\"@type\":\"WebSite\",\"@id\":\"https:\/\/www.simetria.com.co\/regalos-corporativos\/#website\",\"url\":\"https:\/\/www.simetria.com.co\/regalos-corporativos\/\",\"name\":\"simetria.com.co\/regalos-corporativos\/\",\"description\":\"Regalos Corporativos\",\"publisher\":{\"@id\":\"https:\/\/www.simetria.com.co\/regalos-corporativos\/#organization\"},\"potentialAction\":[{\"@type\":\"SearchAction\",\"target\":{\"@type\":\"EntryPoint\",\"urlTemplate\":\"https:\/\/www.simetria.com.co\/regalos-corporativos\/?s={search_term_string}\"},\"query-input\":{\"@type\":\"PropertyValueSpecification\",\"valueRequired\":true,\"valueName\":\"search_term_string\"}}],\"inLanguage\":\"es-CO\"},{\"@type\":\"Organization\",\"@id\":\"https:\/\/www.simetria.com.co\/regalos-corporativos\/#organization\",\"name\":\"Simetria\",\"url\":\"https:\/\/www.simetria.com.co\/regalos-corporativos\/\",\"logo\":{\"@type\":\"ImageObject\",\"inLanguage\":\"es-CO\",\"@id\":\"https:\/\/www.simetria.com.co\/regalos-corporativos\/#\/schema\/logo\/image\/\",\"url\":\"https:\/\/www.simetria.com.co\/regalos-corporativos\/wp-content\/uploads\/2025\/07\/logo-simetria5.png\",\"contentUrl\":\"https:\/\/www.simetria.com.co\/regalos-corporativos\/wp-content\/uploads\/2025\/07\/logo-simetria5.png\",\"width\":393,\"height\":354,\"caption\":\"Simetria\"},\"image\":{\"@id\":\"https:\/\/www.simetria.com.co\/regalos-corporativos\/#\/schema\/logo\/image\/\"},\"sameAs\":[\"https:\/\/www.instagram.com\/simetria_s.a.s\/\"]}]}<\/script>\n<!-- \/ Yoast SEO plugin. -->","yoast_head_json":{"title":"Parqu\u00e9s Magn\u00e9tico - Simetria Regalos Corporativos","robots":{"index":"index","follow":"follow","max-snippet":"max-snippet:-1","max-image-preview":"max-image-preview:large","max-video-preview":"max-video-preview:-1"},"canonical":"https:\/\/www.simetria.com.co\/regalos-corporativos\/producto\/parques-magnetico\/","og_locale":"es_ES","og_type":"article","og_title":"Parqu\u00e9s Magn\u00e9tico - Simetria Regalos Corporativos","og_description":"Parqu\u00e9s magn\u00e9tico: El regalo que une equipos y familias   El Parqu\u00e9s magn\u00e9tico personalizado es una idea ganadora como regalo corporativo: es una experiencia que une a las personas en torno al juego y tu marca. Ideal para compartir en familia, con amigos o entre compa\u00f1eros de trabajo, ya que este producto despierta emociones, crea recuerdos y refuerza la conexi\u00f3n con tu empresa de forma l\u00fadica y duradera.  Incluye un tablero especial para jugar con fichas magn\u00e9ticas (para 4 o 6 jugadores), lo que lo hace perfecto para jugar sobre mesas met\u00e1licas o superficies planas, incluso en movimiento. Su dise\u00f1o compacto facilita guardarlo y transportarlo, siendo una opci\u00f3n muy valorada en hogares y oficinas.  Adem\u00e1s, es 100% personalizable con tu identidad visual, lo que transforma este cl\u00e1sico juego de mesa en una herramienta original de fidelizaci\u00f3n y posicionamiento.  \u2705Pedido m\u00ednimo: 500 unidades  \ud83c\udfb2Juego de mesa personalizado y funcional  \ud83e\uddd1\u200d\ud83e\uddd1\u200d\ud83e\uddd2\u200d\ud83e\uddd2Fomenta el juego en familia o equipos de trabajo  \ud83e\uddf2Tablero y fichas magn\u00e9ticas resistentes  \ud83c\udfa8Personalizaci\u00f3n completa con tu imagen de marca \ud83d\udc49\ud83c\udffbSolicita tu cotizaci\u00f3n ahora y convierte el juego en una experiencia de marca inolvidable.  \u00a1Cotiza ya!","og_url":"https:\/\/www.simetria.com.co\/regalos-corporativos\/producto\/parques-magnetico\/","og_site_name":"Simetria Regalos Corporativos","article_modified_time":"2025-07-11T17:36:42+00:00","og_image":[{"width":600,"height":600,"url":"https:\/\/www.simetria.com.co\/regalos-corporativos\/wp-content\/uploads\/2025\/06\/JUEGO-PARQUES.jpg","type":"image\/jpeg"}],"twitter_card":"summary_large_image","twitter_misc":{"Tiempo de lectura":"1 minuto"},"schema":{"@context":"https:\/\/schema.org","@graph":[{"@type":"WebPage","@id":"https:\/\/www.simetria.com.co\/regalos-corporativos\/producto\/parques-magnetico\/","url":"https:\/\/www.simetria.com.co\/regalos-corporativos\/producto\/parques-magnetico\/","name":"Parqu\u00e9s Magn\u00e9tico - Simetria Regalos Corporativos","isPartOf":{"@id":"https:\/\/www.simetria.com.co\/regalos-corporativos\/#website"},"primaryImageOfPage":{"@id":"https:\/\/www.simetria.com.co\/regalos-corporativos\/producto\/parques-magnetico\/#primaryimage"},"image":{"@id":"https:\/\/www.simetria.com.co\/regalos-corporativos\/producto\/parques-magnetico\/#primaryimage"},"thumbnailUrl":"https:\/\/www.simetria.com.co\/textiles-promocionales\/wp-content\/uploads\/2025\/06\/JUEGO-PARQUES.jpg","datePublished":"2025-06-09T18:25:56+00:00","dateModified":"2025-07-11T17:36:42+00:00","breadcrumb":{"@id":"https:\/\/www.simetria.com.co\/regalos-corporativos\/producto\/parques-magnetico\/#breadcrumb"},"inLanguage":"es-CO","potentialAction":[{"@type":"ReadAction","target":["https:\/\/www.simetria.com.co\/regalos-corporativos\/producto\/parques-magnetico\/"]}]},{"@type":"ImageObject","inLanguage":"es-CO","@id":"https:\/\/www.simetria.com.co\/regalos-corporativos\/producto\/parques-magnetico\/#primaryimage","url":"https:\/\/www.simetria.com.co\/textiles-promocionales\/wp-content\/uploads\/2025\/06\/JUEGO-PARQUES.jpg","contentUrl":"https:\/\/www.simetria.com.co\/textiles-promocionales\/wp-content\/uploads\/2025\/06\/JUEGO-PARQUES.jpg","width":600,"height":600,"caption":"Parqu\u00e9s magn\u00e9tico x 4 puestos con fichas magn\u00e9ticas y dados."},{"@type":"BreadcrumbList","@id":"https:\/\/www.simetria.com.co\/regalos-corporativos\/producto\/parques-magnetico\/#breadcrumb","itemListElement":[{"@type":"ListItem","position":1,"name":"Inicio","item":"https:\/\/www.simetria.com.co\/textiles-promocionales\/"},{"@type":"ListItem","position":2,"name":"Productos","item":"https:\/\/www.simetria.com.co\/regalos-corporativos\/tienda__trashed\/"},{"@type":"ListItem","position":3,"name":"Parqu\u00e9s Magn\u00e9tico"}]},{"@type":"WebSite","@id":"https:\/\/www.simetria.com.co\/regalos-corporativos\/#website","url":"https:\/\/www.simetria.com.co\/regalos-corporativos\/","name":"simetria.com.co\/regalos-corporativos\/","description":"Regalos Corporativos","publisher":{"@id":"https:\/\/www.simetria.com.co\/regalos-corporativos\/#organization"},"potentialAction":[{"@type":"SearchAction","target":{"@type":"EntryPoint","urlTemplate":"https:\/\/www.simetria.com.co\/regalos-corporativos\/?s={search_term_string}"},"query-input":{"@type":"PropertyValueSpecification","valueRequired":true,"valueName":"search_term_string"}}],"inLanguage":"es-CO"},{"@type":"Organization","@id":"https:\/\/www.simetria.com.co\/regalos-corporativos\/#organization","name":"Simetria","url":"https:\/\/www.simetria.com.co\/regalos-corporativos\/","logo":{"@type":"ImageObject","inLanguage":"es-CO","@id":"https:\/\/www.simetria.com.co\/regalos-corporativos\/#\/schema\/logo\/image\/","url":"https:\/\/www.simetria.com.co\/regalos-corporativos\/wp-content\/uploads\/2025\/07\/logo-simetria5.png","contentUrl":"https:\/\/www.simetria.com.co\/regalos-corporativos\/wp-content\/uploads\/2025\/07\/logo-simetria5.png","width":393,"height":354,"caption":"Simetria"},"image":{"@id":"https:\/\/www.simetria.com.co\/regalos-corporativos\/#\/schema\/logo\/image\/"},"sameAs":["https:\/\/www.instagram.com\/simetria_s.a.s\/"]}]}},"_links":{"self":[{"href":"https:\/\/www.simetria.com.co\/textiles-promocionales\/wp-json\/wp\/v2\/product\/2229","targetHints":{"allow":["GET"]}}],"collection":[{"href":"https:\/\/www.simetria.com.co\/textiles-promocionales\/wp-json\/wp\/v2\/product"}],"about":[{"href":"https:\/\/www.simetria.com.co\/textiles-promocionales\/wp-json\/wp\/v2\/types\/product"}],"wp:featuredmedia":[{"embeddable":true,"href":"https:\/\/www.simetria.com.co\/textiles-promocionales\/wp-json\/wp\/v2\/media\/2249"}],"wp:attachment":[{"href":"https:\/\/www.simetria.com.co\/textiles-promocionales\/wp-json\/wp\/v2\/media?parent=2229"}],"wp:term":[{"taxonomy":"product_brand","embeddable":true,"href":"https:\/\/www.simetria.com.co\/textiles-promocionales\/wp-json\/wp\/v2\/product_brand?post=2229"},{"taxonomy":"product_cat","embeddable":true,"href":"https:\/\/www.simetria.com.co\/textiles-promocionales\/wp-json\/wp\/v2\/product_cat?post=2229"},{"taxonomy":"product_tag","embeddable":true,"href":"https:\/\/www.simetria.com.co\/textiles-promocionales\/wp-json\/wp\/v2\/product_tag?post=2229"}],"curies":[{"name":"wp","href":"https:\/\/api.w.org\/{rel}","templated":true}]}}