{"id":2233,"date":"2025-06-09T13:25:56","date_gmt":"2025-06-09T18:25:56","guid":{"rendered":"https:\/\/www.simetria.com.co\/regalos-corporativos\/?post_type=product&#038;p=2233"},"modified":"2025-07-11T12:37:50","modified_gmt":"2025-07-11T17:37:50","slug":"tangram-magnetico","status":"publish","type":"product","link":"https:\/\/www.simetria.com.co\/textiles-promocionales\/producto\/tangram-magnetico\/","title":{"rendered":"Tangram Magn\u00e9tico"},"content":{"rendered":"","protected":false},"excerpt":{"rendered":"<p><span style=\"color: #808080;\">El tangram magn\u00e9tico permite hacer visible tu marca en un <strong>juego dise\u00f1ado para estimular la autonom\u00eda y la agilidad mental de los ni\u00f1os.<\/strong><\/span><\/p>\n<p><span style=\"color: #808080;\">Son un <strong>valor agregado para tu estrategia de marketing<\/strong>, un promocional creativo que sirve como inserto o regalo publicitario.<br \/>\n<\/span><\/p>\n<p><span style=\"color: #808080;\">Los dise\u00f1amos tanto para grandes como para chicos, con el <strong>objetivo de reunir a las familias en torno a tu marca.<\/strong><br \/>\n<\/span><\/p>\n<p><span style=\"color: #808080;\"><strong>Son 100% personalizados;<\/strong> los fabricamos con tu marca y en la forma y tama\u00f1o deseados.<\/span><\/p>\n<p style=\"text-align: left;margin-top: 4%;\"><a style=\"text-decoration: none;\" href=\"\/cotiza-tu-idea\/\" rel=\"noopener\"><span class=\"ver2\">\u00a1Cotiza ya!<\/span><\/a><\/p>\n","protected":false},"featured_media":2264,"template":"","meta":{"_joinchat":[]},"product_brand":[],"product_cat":[180],"product_tag":[90,58,59,60,30,31,32],"class_list":{"0":"post-2233","1":"product","2":"type-product","3":"status-publish","4":"has-post-thumbnail","6":"product_cat-juegos-promocionales","7":"product_tag-busca-tu-pareja","8":"product_tag-juego-para-ninos","9":"product_tag-juegos-didacticos","10":"product_tag-juegos-para-la-familia","11":"product_tag-productos-promocionales","12":"product_tag-simetria","13":"product_tag-visibilidad-de-marca","15":"first","16":"instock","17":"shipping-taxable","18":"product-type-simple","19":"add-to-wishlist-after_add_to_cart"},"yoast_head":"<!-- This site is optimized with the Yoast SEO plugin v27.1.1 - https:\/\/yoast.com\/product\/yoast-seo-wordpress\/ -->\n<title>Tangram Magn\u00e9tico - Simetria Regalos Corporativos<\/title>\n<meta name=\"robots\" content=\"index, follow, max-snippet:-1, max-image-preview:large, max-video-preview:-1\" \/>\n<link rel=\"canonical\" href=\"https:\/\/www.simetria.com.co\/regalos-corporativos\/producto\/tangram-magnetico\/\" \/>\n<meta property=\"og:locale\" content=\"es_ES\" \/>\n<meta property=\"og:type\" content=\"article\" \/>\n<meta property=\"og:title\" content=\"Tangram Magn\u00e9tico - Simetria Regalos Corporativos\" \/>\n<meta property=\"og:description\" content=\"El tangram magn\u00e9tico permite hacer visible tu marca en un juego dise\u00f1ado para estimular la autonom\u00eda y la agilidad mental de los ni\u00f1os.  Son un valor agregado para tu estrategia de marketing, un promocional creativo que sirve como inserto o regalo publicitario.   Los dise\u00f1amos tanto para grandes como para chicos, con el objetivo de reunir a las familias en torno a tu marca.   Son 100% personalizados; los fabricamos con tu marca y en la forma y tama\u00f1o deseados.  \u00a1Cotiza ya!\" \/>\n<meta property=\"og:url\" content=\"https:\/\/www.simetria.com.co\/regalos-corporativos\/producto\/tangram-magnetico\/\" \/>\n<meta property=\"og:site_name\" content=\"Simetria Regalos Corporativos\" \/>\n<meta property=\"article:modified_time\" content=\"2025-07-11T17:37:50+00:00\" \/>\n<meta property=\"og:image\" content=\"https:\/\/www.simetria.com.co\/regalos-corporativos\/wp-content\/uploads\/2025\/06\/tangram-bonames-simetria-1.jpg\" \/>\n\t<meta property=\"og:image:width\" content=\"900\" \/>\n\t<meta property=\"og:image:height\" content=\"900\" \/>\n\t<meta property=\"og:image:type\" content=\"image\/jpeg\" \/>\n<meta name=\"twitter:card\" content=\"summary_large_image\" \/>\n<meta name=\"twitter:label1\" content=\"Tiempo de lectura\" \/>\n\t<meta name=\"twitter:data1\" content=\"1 minuto\" \/>\n<script type=\"application\/ld+json\" class=\"yoast-schema-graph\">{\"@context\":\"https:\/\/schema.org\",\"@graph\":[{\"@type\":\"WebPage\",\"@id\":\"https:\/\/www.simetria.com.co\/regalos-corporativos\/producto\/tangram-magnetico\/\",\"url\":\"https:\/\/www.simetria.com.co\/regalos-corporativos\/producto\/tangram-magnetico\/\",\"name\":\"Tangram Magn\u00e9tico - Simetria Regalos Corporativos\",\"isPartOf\":{\"@id\":\"https:\/\/www.simetria.com.co\/regalos-corporativos\/#website\"},\"primaryImageOfPage\":{\"@id\":\"https:\/\/www.simetria.com.co\/regalos-corporativos\/producto\/tangram-magnetico\/#primaryimage\"},\"image\":{\"@id\":\"https:\/\/www.simetria.com.co\/regalos-corporativos\/producto\/tangram-magnetico\/#primaryimage\"},\"thumbnailUrl\":\"https:\/\/www.simetria.com.co\/textiles-promocionales\/wp-content\/uploads\/2025\/06\/tangram-bonames-simetria-1.jpg\",\"datePublished\":\"2025-06-09T18:25:56+00:00\",\"dateModified\":\"2025-07-11T17:37:50+00:00\",\"breadcrumb\":{\"@id\":\"https:\/\/www.simetria.com.co\/regalos-corporativos\/producto\/tangram-magnetico\/#breadcrumb\"},\"inLanguage\":\"es-CO\",\"potentialAction\":[{\"@type\":\"ReadAction\",\"target\":[\"https:\/\/www.simetria.com.co\/regalos-corporativos\/producto\/tangram-magnetico\/\"]}]},{\"@type\":\"ImageObject\",\"inLanguage\":\"es-CO\",\"@id\":\"https:\/\/www.simetria.com.co\/regalos-corporativos\/producto\/tangram-magnetico\/#primaryimage\",\"url\":\"https:\/\/www.simetria.com.co\/textiles-promocionales\/wp-content\/uploads\/2025\/06\/tangram-bonames-simetria-1.jpg\",\"contentUrl\":\"https:\/\/www.simetria.com.co\/textiles-promocionales\/wp-content\/uploads\/2025\/06\/tangram-bonames-simetria-1.jpg\",\"width\":900,\"height\":900,\"caption\":\"Tangram magn\u00e9tico personalizado ideal para actividades creativas y promocionales.\"},{\"@type\":\"BreadcrumbList\",\"@id\":\"https:\/\/www.simetria.com.co\/regalos-corporativos\/producto\/tangram-magnetico\/#breadcrumb\",\"itemListElement\":[{\"@type\":\"ListItem\",\"position\":1,\"name\":\"Inicio\",\"item\":\"https:\/\/www.simetria.com.co\/textiles-promocionales\/\"},{\"@type\":\"ListItem\",\"position\":2,\"name\":\"Productos\",\"item\":\"https:\/\/www.simetria.com.co\/regalos-corporativos\/tienda__trashed\/\"},{\"@type\":\"ListItem\",\"position\":3,\"name\":\"Tangram Magn\u00e9tico\"}]},{\"@type\":\"WebSite\",\"@id\":\"https:\/\/www.simetria.com.co\/regalos-corporativos\/#website\",\"url\":\"https:\/\/www.simetria.com.co\/regalos-corporativos\/\",\"name\":\"simetria.com.co\/regalos-corporativos\/\",\"description\":\"Regalos Corporativos\",\"publisher\":{\"@id\":\"https:\/\/www.simetria.com.co\/regalos-corporativos\/#organization\"},\"potentialAction\":[{\"@type\":\"SearchAction\",\"target\":{\"@type\":\"EntryPoint\",\"urlTemplate\":\"https:\/\/www.simetria.com.co\/regalos-corporativos\/?s={search_term_string}\"},\"query-input\":{\"@type\":\"PropertyValueSpecification\",\"valueRequired\":true,\"valueName\":\"search_term_string\"}}],\"inLanguage\":\"es-CO\"},{\"@type\":\"Organization\",\"@id\":\"https:\/\/www.simetria.com.co\/regalos-corporativos\/#organization\",\"name\":\"Simetria\",\"url\":\"https:\/\/www.simetria.com.co\/regalos-corporativos\/\",\"logo\":{\"@type\":\"ImageObject\",\"inLanguage\":\"es-CO\",\"@id\":\"https:\/\/www.simetria.com.co\/regalos-corporativos\/#\/schema\/logo\/image\/\",\"url\":\"https:\/\/www.simetria.com.co\/regalos-corporativos\/wp-content\/uploads\/2025\/07\/logo-simetria5.png\",\"contentUrl\":\"https:\/\/www.simetria.com.co\/regalos-corporativos\/wp-content\/uploads\/2025\/07\/logo-simetria5.png\",\"width\":393,\"height\":354,\"caption\":\"Simetria\"},\"image\":{\"@id\":\"https:\/\/www.simetria.com.co\/regalos-corporativos\/#\/schema\/logo\/image\/\"},\"sameAs\":[\"https:\/\/www.instagram.com\/simetria_s.a.s\/\"]}]}<\/script>\n<!-- \/ Yoast SEO plugin. -->","yoast_head_json":{"title":"Tangram Magn\u00e9tico - Simetria Regalos Corporativos","robots":{"index":"index","follow":"follow","max-snippet":"max-snippet:-1","max-image-preview":"max-image-preview:large","max-video-preview":"max-video-preview:-1"},"canonical":"https:\/\/www.simetria.com.co\/regalos-corporativos\/producto\/tangram-magnetico\/","og_locale":"es_ES","og_type":"article","og_title":"Tangram Magn\u00e9tico - Simetria Regalos Corporativos","og_description":"El tangram magn\u00e9tico permite hacer visible tu marca en un juego dise\u00f1ado para estimular la autonom\u00eda y la agilidad mental de los ni\u00f1os.  Son un valor agregado para tu estrategia de marketing, un promocional creativo que sirve como inserto o regalo publicitario.   Los dise\u00f1amos tanto para grandes como para chicos, con el objetivo de reunir a las familias en torno a tu marca.   Son 100% personalizados; los fabricamos con tu marca y en la forma y tama\u00f1o deseados.  \u00a1Cotiza ya!","og_url":"https:\/\/www.simetria.com.co\/regalos-corporativos\/producto\/tangram-magnetico\/","og_site_name":"Simetria Regalos Corporativos","article_modified_time":"2025-07-11T17:37:50+00:00","og_image":[{"width":900,"height":900,"url":"https:\/\/www.simetria.com.co\/regalos-corporativos\/wp-content\/uploads\/2025\/06\/tangram-bonames-simetria-1.jpg","type":"image\/jpeg"}],"twitter_card":"summary_large_image","twitter_misc":{"Tiempo de lectura":"1 minuto"},"schema":{"@context":"https:\/\/schema.org","@graph":[{"@type":"WebPage","@id":"https:\/\/www.simetria.com.co\/regalos-corporativos\/producto\/tangram-magnetico\/","url":"https:\/\/www.simetria.com.co\/regalos-corporativos\/producto\/tangram-magnetico\/","name":"Tangram Magn\u00e9tico - Simetria Regalos Corporativos","isPartOf":{"@id":"https:\/\/www.simetria.com.co\/regalos-corporativos\/#website"},"primaryImageOfPage":{"@id":"https:\/\/www.simetria.com.co\/regalos-corporativos\/producto\/tangram-magnetico\/#primaryimage"},"image":{"@id":"https:\/\/www.simetria.com.co\/regalos-corporativos\/producto\/tangram-magnetico\/#primaryimage"},"thumbnailUrl":"https:\/\/www.simetria.com.co\/textiles-promocionales\/wp-content\/uploads\/2025\/06\/tangram-bonames-simetria-1.jpg","datePublished":"2025-06-09T18:25:56+00:00","dateModified":"2025-07-11T17:37:50+00:00","breadcrumb":{"@id":"https:\/\/www.simetria.com.co\/regalos-corporativos\/producto\/tangram-magnetico\/#breadcrumb"},"inLanguage":"es-CO","potentialAction":[{"@type":"ReadAction","target":["https:\/\/www.simetria.com.co\/regalos-corporativos\/producto\/tangram-magnetico\/"]}]},{"@type":"ImageObject","inLanguage":"es-CO","@id":"https:\/\/www.simetria.com.co\/regalos-corporativos\/producto\/tangram-magnetico\/#primaryimage","url":"https:\/\/www.simetria.com.co\/textiles-promocionales\/wp-content\/uploads\/2025\/06\/tangram-bonames-simetria-1.jpg","contentUrl":"https:\/\/www.simetria.com.co\/textiles-promocionales\/wp-content\/uploads\/2025\/06\/tangram-bonames-simetria-1.jpg","width":900,"height":900,"caption":"Tangram magn\u00e9tico personalizado ideal para actividades creativas y promocionales."},{"@type":"BreadcrumbList","@id":"https:\/\/www.simetria.com.co\/regalos-corporativos\/producto\/tangram-magnetico\/#breadcrumb","itemListElement":[{"@type":"ListItem","position":1,"name":"Inicio","item":"https:\/\/www.simetria.com.co\/textiles-promocionales\/"},{"@type":"ListItem","position":2,"name":"Productos","item":"https:\/\/www.simetria.com.co\/regalos-corporativos\/tienda__trashed\/"},{"@type":"ListItem","position":3,"name":"Tangram Magn\u00e9tico"}]},{"@type":"WebSite","@id":"https:\/\/www.simetria.com.co\/regalos-corporativos\/#website","url":"https:\/\/www.simetria.com.co\/regalos-corporativos\/","name":"simetria.com.co\/regalos-corporativos\/","description":"Regalos Corporativos","publisher":{"@id":"https:\/\/www.simetria.com.co\/regalos-corporativos\/#organization"},"potentialAction":[{"@type":"SearchAction","target":{"@type":"EntryPoint","urlTemplate":"https:\/\/www.simetria.com.co\/regalos-corporativos\/?s={search_term_string}"},"query-input":{"@type":"PropertyValueSpecification","valueRequired":true,"valueName":"search_term_string"}}],"inLanguage":"es-CO"},{"@type":"Organization","@id":"https:\/\/www.simetria.com.co\/regalos-corporativos\/#organization","name":"Simetria","url":"https:\/\/www.simetria.com.co\/regalos-corporativos\/","logo":{"@type":"ImageObject","inLanguage":"es-CO","@id":"https:\/\/www.simetria.com.co\/regalos-corporativos\/#\/schema\/logo\/image\/","url":"https:\/\/www.simetria.com.co\/regalos-corporativos\/wp-content\/uploads\/2025\/07\/logo-simetria5.png","contentUrl":"https:\/\/www.simetria.com.co\/regalos-corporativos\/wp-content\/uploads\/2025\/07\/logo-simetria5.png","width":393,"height":354,"caption":"Simetria"},"image":{"@id":"https:\/\/www.simetria.com.co\/regalos-corporativos\/#\/schema\/logo\/image\/"},"sameAs":["https:\/\/www.instagram.com\/simetria_s.a.s\/"]}]}},"_links":{"self":[{"href":"https:\/\/www.simetria.com.co\/textiles-promocionales\/wp-json\/wp\/v2\/product\/2233","targetHints":{"allow":["GET"]}}],"collection":[{"href":"https:\/\/www.simetria.com.co\/textiles-promocionales\/wp-json\/wp\/v2\/product"}],"about":[{"href":"https:\/\/www.simetria.com.co\/textiles-promocionales\/wp-json\/wp\/v2\/types\/product"}],"wp:featuredmedia":[{"embeddable":true,"href":"https:\/\/www.simetria.com.co\/textiles-promocionales\/wp-json\/wp\/v2\/media\/2264"}],"wp:attachment":[{"href":"https:\/\/www.simetria.com.co\/textiles-promocionales\/wp-json\/wp\/v2\/media?parent=2233"}],"wp:term":[{"taxonomy":"product_brand","embeddable":true,"href":"https:\/\/www.simetria.com.co\/textiles-promocionales\/wp-json\/wp\/v2\/product_brand?post=2233"},{"taxonomy":"product_cat","embeddable":true,"href":"https:\/\/www.simetria.com.co\/textiles-promocionales\/wp-json\/wp\/v2\/product_cat?post=2233"},{"taxonomy":"product_tag","embeddable":true,"href":"https:\/\/www.simetria.com.co\/textiles-promocionales\/wp-json\/wp\/v2\/product_tag?post=2233"}],"curies":[{"name":"wp","href":"https:\/\/api.w.org\/{rel}","templated":true}]}}